{"id":1863,"date":"2026-04-14T06:48:55","date_gmt":"2026-04-14T06:48:55","guid":{"rendered":"https:\/\/evosys-laser.com\/rechtliche-informationen\/"},"modified":"2026-05-08T08:49:00","modified_gmt":"2026-05-08T08:49:00","slug":"rechtliche-informationen","status":"publish","type":"page","link":"https:\/\/www.evosys-laser.com\/de\/rechtliche-informationen\/","title":{"rendered":"Impressum"},"content":{"rendered":"<section id=\"hero-block_34c26749d3f12b066b96ff7333b52a21\" class=\"evosys-block evosys-hero has-no-featured-post has-no-primary-cta evosys-hero--mobile-focus-center\">\n    <style>\n        @media (max-width: 900px) {\n            #hero-block_34c26749d3f12b066b96ff7333b52a21 .evosys-hero__media img {\n                object-position: center center;\n            }\n        }\n    <\/style>\n            <div\n            class=\"evosys-hero__media\"\n                    >\n            <picture>\n                                                    <source\n                        media=\"(max-width: 900px)\"\n                        type=\"image\/webp\"\n                        srcset=\"https:\/\/www.evosys-laser.com\/wp-content\/compressx-nextgen\/uploads\/2026\/04\/Header_News_Mobile-768x1024.jpg.webp 768w, https:\/\/www.evosys-laser.com\/wp-content\/compressx-nextgen\/uploads\/2026\/04\/Header_News_Mobile-225x300.jpg.webp 225w, https:\/\/www.evosys-laser.com\/wp-content\/compressx-nextgen\/uploads\/2026\/04\/Header_News_Mobile-281x374.jpg.webp 281w, https:\/\/www.evosys-laser.com\/wp-content\/compressx-nextgen\/uploads\/2026\/04\/Header_News_Mobile-561x748.jpg.webp 561w, https:\/\/www.evosys-laser.com\/wp-content\/compressx-nextgen\/uploads\/2026\/04\/Header_News_Mobile.jpg.webp 1440w\"\n                        data-hero-mobile-webp-source\n                                                    sizes=\"100vw\"\n                                            >\n                                                    <source\n                        media=\"(max-width: 900px)\"\n                        srcset=\"https:\/\/www.evosys-laser.com\/wp-content\/uploads\/2026\/04\/Header_News_Mobile-768x1024.jpg 768w, https:\/\/www.evosys-laser.com\/wp-content\/uploads\/2026\/04\/Header_News_Mobile-225x300.jpg 225w, https:\/\/www.evosys-laser.com\/wp-content\/uploads\/2026\/04\/Header_News_Mobile-281x374.jpg 281w, https:\/\/www.evosys-laser.com\/wp-content\/uploads\/2026\/04\/Header_News_Mobile-561x748.jpg 561w, https:\/\/www.evosys-laser.com\/wp-content\/uploads\/2026\/04\/Header_News_Mobile.jpg 1440w\"\n                                                    sizes=\"100vw\"\n                                                data-hero-mobile-source\n                    >\n                                                                    <source\n                        type=\"image\/webp\"\n                        srcset=\"https:\/\/www.evosys-laser.com\/wp-content\/compressx-nextgen\/uploads\/2026\/04\/Header_Laser_Plastic_Welding.jpg.webp\"\n                        data-hero-desktop-webp-source\n                                                    sizes=\"(max-width: 900px) 100vw, 1280px\"\n                                            >\n                                <source\n                    srcset=\"https:\/\/www.evosys-laser.com\/wp-content\/uploads\/2026\/04\/Header_Laser_Plastic_Welding.jpg\"\n                                            sizes=\"(max-width: 900px) 100vw, 1280px\"\n                                        data-hero-desktop-source\n                >\n                <img\n                    src=\"https:\/\/www.evosys-laser.com\/wp-content\/uploads\/2026\/04\/Header_Laser_Plastic_Welding.jpg\"\n                    alt=\"\"\n                                                                sizes=\"(max-width: 900px) 100vw, 1280px\"\n                                                                width=\"1280\"\n                                                                height=\"600\"\n                                        loading=\"eager\"\n                    fetchpriority=\"high\"\n                    decoding=\"async\"\n                    data-hero-image\n                    data-hero-desktop-alt=\"\"\n                    data-hero-mobile-alt=\"\"\n                >\n            <\/picture>\n        <\/div>\n        <div class=\"evosys-hero__overlay\"><\/div>\n    <div class=\"evosys-hero__content\">\n        <div class=\"evosys-hero__left\">\n            <h1 class=\"evosys-title evosys-hero__heading evosys-hero__heading--white\">Impressum<\/h1>\n\n                    <\/div>\n\n            <\/div>\n<\/section>\n\n<p><strong>Evosys Laser GmbH<\/strong><\/p>\n\n<p>Felix-Klein-Stra\u00dfe 75<br\/>D-91058 Erlangen<\/p>\n\n<p>Tel.: +49 9131 &#8211; 4088 &#8211; 0<\/p>\n\n<p>Email: <a href=\"mailto:info@evosys-laser.com\">info@evosys-laser.com<\/a><\/p>\n\n<p>Internet: <a href=\"https:\/\/www.evosys-group.de\/?id=1\">www.evosys-group.com<\/a><\/p>\n\n<hr class=\"wp-block-separator has-alpha-channel-opacity\"\/>\n\n<p><strong>Verantwortlich f\u00fcr den Inhalt gem\u00e4\u00df 55 Abs. 2 RStV:<\/strong> Die Evosys Laser GmbH wird vertreten durch Frank Brunnecker und Holger Aldebert<\/p>\n\n<p><strong>Register entry:<\/strong> Amtsgericht F\u00fcrth 15316<\/p>\n\n<p><strong>Umsatzsteuer-Identifikationsnummer:<\/strong> DE 303 730 509<\/p>\n\n<h4 class=\"wp-block-heading\" id=\"dispute-resolution\">Beilegung von Streitigkeiten<\/h4>\n\n<p>Die Europ\u00e4ische Kommission stellt eine Plattform zur Online-Streitbeilegung (OS) zur Verf\u00fcgung: https:\/\/ec.europa.eu\/consumers\/odr.<br\/>Unsere E-Mail-Adresse finden Sie im obigen Impressum.<\/p>\n\n<p>Wir sind nicht bereit oder verpflichtet, an einem Streitbeilegungsverfahren vor einer Verbraucherschlichtungsstelle teilzunehmen.<\/p>\n\n<h4 class=\"wp-block-heading\" id=\"accountability-for-content\">Verantwortlichkeit f\u00fcr den Inhalt<\/h4>\n\n<p>Die Inhalte unserer Seiten wurden mit gr\u00f6\u00dfter Sorgfalt erstellt. F\u00fcr die Richtigkeit, Vollst\u00e4ndigkeit und Aktualit\u00e4t der Inhalte k\u00f6nnen wir jedoch keine Gew\u00e4hr \u00fcbernehmen. Gem\u00e4\u00df den gesetzlichen Bestimmungen sind wir dar\u00fcber hinaus f\u00fcr eigene Inhalte auf diesen Webseiten verantwortlich. Wir weisen in diesem Zusammenhang darauf hin, dass wir demnach nicht verpflichtet sind, lediglich die \u00fcbermittelten oder gespeicherten Informationen Dritter zu \u00fcberwachen oder nach Umst\u00e4nden zu forschen, die auf eine rechtswidrige T\u00e4tigkeit hinweisen. Verpflichtungen zur Entfernung oder Sperrung der Nutzung von Informationen nach den allgemeinen Gesetzen bleiben hiervon gem\u00e4\u00df \u00a7\u00a7 8 bis 10 Telemediengesetz (TMG) unber\u00fchrt.    <\/p>\n\n<h4 class=\"wp-block-heading\" id=\"accountability-for-links\">Verantwortlichkeit f\u00fcr Links<\/h4>\n\n<p>F\u00fcr den Inhalt externer Links (zu Webseiten Dritter) sind ausschlie\u00dflich deren Betreiber verantwortlich. Zum Zeitpunkt der Verlinkung waren f\u00fcr uns keine Rechtsverst\u00f6\u00dfe ersichtlich. Bei Bekanntwerden von Rechtsverst\u00f6\u00dfen werden wir den entsprechenden Link umgehend entfernen.  <\/p>\n\n<h4 class=\"wp-block-heading\" id=\"copyright\">Copyright<\/h4>\n\n<p>Unsere Webseiten und deren Inhalte unterliegen dem deutschen Urheberrecht. Jede Form der Verwertung, Vervielf\u00e4ltigung oder Bearbeitung urheberrechtlich gesch\u00fctzter Werke auf unseren Webseiten bedarf, soweit nicht ausdr\u00fccklich gesetzlich erlaubt (\u00a7 44a ff. des Urheberrechtsgesetzes), der vorherigen Zustimmung des jeweiligen Rechteinhabers. Einzelne Vervielf\u00e4ltigungen eines Werkes sind nur f\u00fcr den privaten Gebrauch gestattet, d\u00fcrfen also weder direkt noch indirekt der Gewinnerzielung dienen. Die unerlaubte Verwertung von urheberrechtlich gesch\u00fctzten Werken ist strafbar (\u00a7 106 des Urheberrechtsgesetzes).   <\/p>\n\n<p>Quellverweis: <a href=\"https:\/\/www.e-recht24.de\/\" target=\"_blank\" rel=\"noreferrer noopener\">https:\/\/www.e-recht24.de<\/a><\/p>\n\n<h4 class=\"wp-block-heading\" id=\"image-rights\">Bildrechte<\/h4>\n\n<h5 class=\"wp-block-heading\" id=\"adobe-stock\">Adobe Stock<\/h5>\n\n<figure class=\"wp-block-table\"><table class=\"has-fixed-layout\"><tbody><tr><td>#52921622 \u00a9 science photo<\/td><\/tr><tr><td>#59874554 \u00a9 Stockwerk-Fotodesign<\/td><\/tr><tr><td>#66725204 \u00a9 Pakhnyushchyy<\/td><\/tr><tr><td>#86511596 \u00a9 sorapolujjin<\/td><\/tr><tr><td>#322913154 \u00a9 xiaoliangge<\/td><\/tr><tr><td>#80243696 \u00a9 stockpics<\/td><\/tr><\/tbody><\/table><\/figure>\n","protected":false},"excerpt":{"rendered":"<p>Evosys Laser GmbH Felix-Klein-Stra\u00dfe 75D-91058 Erlangen Tel.: +49 9131 &#8211; 4088 &#8211; 0 Email: info@evosys-laser.com Internet: www.evosys-group.com Verantwortlich f\u00fcr den Inhalt gem\u00e4\u00df 55 Abs. 2 RStV: Die Evosys Laser GmbH wird vertreten durch Frank Brunnecker und Holger Aldebert Register entry: Amtsgericht F\u00fcrth 15316 Umsatzsteuer-Identifikationsnummer: DE 303 730 509 Beilegung von Streitigkeiten Die Europ\u00e4ische Kommission stellt [&hellip;]<\/p>\n","protected":false},"author":2,"featured_media":0,"parent":0,"menu_order":0,"comment_status":"closed","ping_status":"closed","template":"","meta":{"_acf_changed":false,"footnotes":""},"class_list":["post-1863","page","type-page","status-publish","hentry"],"acf":[],"_links":{"self":[{"href":"https:\/\/www.evosys-laser.com\/de\/wp-json\/wp\/v2\/pages\/1863","targetHints":{"allow":["GET"]}}],"collection":[{"href":"https:\/\/www.evosys-laser.com\/de\/wp-json\/wp\/v2\/pages"}],"about":[{"href":"https:\/\/www.evosys-laser.com\/de\/wp-json\/wp\/v2\/types\/page"}],"author":[{"embeddable":true,"href":"https:\/\/www.evosys-laser.com\/de\/wp-json\/wp\/v2\/users\/2"}],"replies":[{"embeddable":true,"href":"https:\/\/www.evosys-laser.com\/de\/wp-json\/wp\/v2\/comments?post=1863"}],"version-history":[{"count":5,"href":"https:\/\/www.evosys-laser.com\/de\/wp-json\/wp\/v2\/pages\/1863\/revisions"}],"predecessor-version":[{"id":1927,"href":"https:\/\/www.evosys-laser.com\/de\/wp-json\/wp\/v2\/pages\/1863\/revisions\/1927"}],"wp:attachment":[{"href":"https:\/\/www.evosys-laser.com\/de\/wp-json\/wp\/v2\/media?parent=1863"}],"curies":[{"name":"wp","href":"https:\/\/api.w.org\/{rel}","templated":true}]}}