{"id":1853,"date":"2026-03-25T14:00:08","date_gmt":"2026-03-25T14:00:08","guid":{"rendered":"https:\/\/evosys-laser.com\/loesungen-fuer-das-laserschweissen\/software\/"},"modified":"2026-05-08T09:15:52","modified_gmt":"2026-05-08T09:15:52","slug":"software","status":"publish","type":"page","link":"https:\/\/www.evosys-laser.com\/de\/loesungen-fuer-das-laserschweissen\/software\/","title":{"rendered":"Software"},"content":{"rendered":"<section id=\"hero-block_041fb11a3b45e1718019b093ddfba743\" class=\"evosys-block evosys-hero has-no-featured-post has-primary-cta evosys-hero--mobile-focus-center\">\n    <style>\n        @media (max-width: 900px) {\n            #hero-block_041fb11a3b45e1718019b093ddfba743 .evosys-hero__media img {\n                object-position: center center;\n            }\n        }\n    <\/style>\n            <div\n            class=\"evosys-hero__media\"\n                    >\n            <picture>\n                                                    <source\n                        media=\"(max-width: 900px)\"\n                        type=\"image\/webp\"\n                        srcset=\"https:\/\/www.evosys-laser.com\/wp-content\/compressx-nextgen\/uploads\/2026\/04\/Header_Software_Mobile-768x1024.jpg.webp 768w, https:\/\/www.evosys-laser.com\/wp-content\/compressx-nextgen\/uploads\/2026\/04\/Header_Software_Mobile-225x300.jpg.webp 225w, https:\/\/www.evosys-laser.com\/wp-content\/compressx-nextgen\/uploads\/2026\/04\/Header_Software_Mobile-281x374.jpg.webp 281w, https:\/\/www.evosys-laser.com\/wp-content\/compressx-nextgen\/uploads\/2026\/04\/Header_Software_Mobile-561x748.jpg.webp 561w, https:\/\/www.evosys-laser.com\/wp-content\/compressx-nextgen\/uploads\/2026\/04\/Header_Software_Mobile.jpg.webp 1440w\"\n                        data-hero-mobile-webp-source\n                                                    sizes=\"100vw\"\n                                            >\n                                                    <source\n                        media=\"(max-width: 900px)\"\n                        srcset=\"https:\/\/www.evosys-laser.com\/wp-content\/uploads\/2026\/04\/Header_Software_Mobile-768x1024.jpg 768w, https:\/\/www.evosys-laser.com\/wp-content\/uploads\/2026\/04\/Header_Software_Mobile-225x300.jpg 225w, https:\/\/www.evosys-laser.com\/wp-content\/uploads\/2026\/04\/Header_Software_Mobile-281x374.jpg 281w, https:\/\/www.evosys-laser.com\/wp-content\/uploads\/2026\/04\/Header_Software_Mobile-561x748.jpg 561w, https:\/\/www.evosys-laser.com\/wp-content\/uploads\/2026\/04\/Header_Software_Mobile.jpg 1440w\"\n                                                    sizes=\"100vw\"\n                                                data-hero-mobile-source\n                    >\n                                                                    <source\n                        type=\"image\/webp\"\n                        srcset=\"https:\/\/www.evosys-laser.com\/wp-content\/compressx-nextgen\/uploads\/2026\/04\/Header_Software.jpg.webp\"\n                        data-hero-desktop-webp-source\n                                                    sizes=\"(max-width: 900px) 100vw, 1280px\"\n                                            >\n                                <source\n                    srcset=\"https:\/\/www.evosys-laser.com\/wp-content\/uploads\/2026\/04\/Header_Software.jpg\"\n                                            sizes=\"(max-width: 900px) 100vw, 1280px\"\n                                        data-hero-desktop-source\n                >\n                <img\n                    src=\"https:\/\/www.evosys-laser.com\/wp-content\/uploads\/2026\/04\/Header_Software.jpg\"\n                    alt=\"\"\n                                                                sizes=\"(max-width: 900px) 100vw, 1280px\"\n                                                                width=\"1280\"\n                                                                height=\"600\"\n                                        loading=\"eager\"\n                    fetchpriority=\"high\"\n                    decoding=\"async\"\n                    data-hero-image\n                    data-hero-desktop-alt=\"\"\n                    data-hero-mobile-alt=\"\"\n                >\n            <\/picture>\n        <\/div>\n        <div class=\"evosys-hero__overlay\"><\/div>\n    <div class=\"evosys-hero__content\">\n        <div class=\"evosys-hero__left\">\n            <h1 class=\"evosys-title evosys-hero__heading evosys-hero__heading--white\">Software<\/h1>\n\n                            <a class=\"evosys-button evosys-button--hero-light evosys-hero__primary-cta\" href=\"https:\/\/www.evosys-laser.com\/de\/laser-kunststoffschweissen\/\" target=\"_self\">\n                    Erfahren Sie mehr \u00fcber unsere Schwei\u00dfprozesse                <\/a>\n                    <\/div>\n\n            <\/div>\n<\/section>\n    <nav class=\"evosys-block evosys-breadcrumb\" aria-label=\"Breadcrumb\">\n        <ol class=\"evosys-breadcrumb__list\">\n                            <li class=\"evosys-breadcrumb__item\">\n                                            <a class=\"evosys-breadcrumb__link\" href=\"https:\/\/www.evosys-laser.com\/de\/\">\n                            Home                        <\/a>\n                                    <\/li>\n                    <\/ol>\n    <\/nav>\n<section class=\"evosys-block evosys-text-columns\">\n            <h2 class=\"evosys-section__title\">EvoLaP &#8211; Intelligente Prozesssteuerung f\u00fcr das Laserschwei\u00dfen<\/h2>\n    \n    <div class=\"evosys-columns\">\n        <div class=\"evosys-copy\"><p data-start=\"198\" data-end=\"495\">EvoLaP ist eine intuitive Prozesssoftware f\u00fcr das Laser-Kunststoffschwei\u00dfen, die die Einrichtung und Optimierung von Schwei\u00dfprozessen vereinfacht. Sie wurde auf der Grundlage umfangreicher Anwendungserfahrungen und des Feedbacks von Kunden entwickelt und konzentriert sich auf die Reduzierung der Komplexit\u00e4t bei gleichzeitiger Beibehaltung der vollen Funktionalit\u00e4t. <\/p>\n<p data-start=\"497\" data-end=\"664\">Die Software ist hardwareunabh\u00e4ngig und bietet eine \u00fcbersichtliche, benutzerfreundliche Oberfl\u00e4che, die ein schnelles Onboarding und einen effizienten Betrieb erm\u00f6glicht, selbst bei komplexen Anwendungen.<\/p>\n<\/div>\n                    <div class=\"evosys-copy\"><p data-start=\"671\" data-end=\"934\">EvoLaP unterst\u00fctzt alle wesentlichen Vorg\u00e4nge, die f\u00fcr die Prozesseinrichtung erforderlich sind, von der Parameterdefinition bis zur Prozessoptimierung. Zus\u00e4tzliche Funktionen verbessern die Benutzerfreundlichkeit und sorgen f\u00fcr mehr Flexibilit\u00e4t, so dass die Benutzer ihre Prozesse schnell und effizient anpassen k\u00f6nnen. <\/p>\n<p data-start=\"936\" data-end=\"1109\">Durch die Kombination von Benutzerfreundlichkeit und leistungsstarker Funktionalit\u00e4t tr\u00e4gt EvoLaP dazu bei, die Einrichtungszeit zu verk\u00fcrzen, die Prozesssicherheit zu verbessern und konsistente, reproduzierbare Ergebnisse in der Produktion zu gew\u00e4hrleisten.<\/p>\n<\/div>\n            <\/div>\n<\/section>\n<section class=\"evosys-block evosys-section evosys-icon-cards\">\n            <h2 class=\"evosys-section__title\">Ihre Vorteile auf einen Blick<\/h2>\n    \n    <div class=\"evosys-icon-cards__grid\">\n                    <article class=\"evosys-icon-cards__item\">\n                                    <div class=\"evosys-icon-cards__icon\" style=\"--evosys-icon-cards-scale: 1.06;\" aria-hidden=\"true\">\n                        <svg width=\"512\" height=\"512\" viewBox=\"0 0 512 512\" fill=\"none\" xmlns=\"http:\/\/www.w3.org\/2000\/svg\" aria-hidden=\"true\" focusable=\"false\">\n<path d=\"M230.84 340.04L263.15 368.77L263.38 368.96C263.46 369.02 263.54 369.09 263.64 369.18L270.09 361.53C269.96 361.42 269.83 361.31 269.7 361.2L237.49 332.56L230.85 340.03L230.84 340.04Z\" fill=\"#49B39F\"\/>\n<path d=\"M432.17 210.74H369.39L334.89 189.73C307.36 172.96 276.08 177.29 248.1 201.4H180.07L146.84 213.49H73.69C59.73 213.49 48.37 224.85 48.37 238.81V305.65H133.34L234.38 386.39L243.77 393.52C246.91 396.01 250.66 397.22 254.39 397.22C259.41 397.22 264.39 395.02 267.77 390.81L272.27 385.19C273.85 383.22 274.92 380.99 275.5 378.68L277.13 379.98C280.7 382.84 285.17 384.13 289.71 383.63C294.25 383.13 298.33 380.88 301.18 377.31L305.68 371.69C307.27 369.71 308.41 367.38 309.05 364.91C312.16 366.67 315.74 367.42 319.35 367.01C323.89 366.51 327.97 364.26 330.82 360.69L335.32 355.07C336.93 353.06 338.04 350.81 338.66 348.48C342 350.71 345.98 351.67 350.02 351.22C354.56 350.71 358.63 348.47 361.49 344.9L365.99 339.28C368.85 335.71 370.14 331.24 369.63 326.7C369.13 322.25 366.96 318.26 363.52 315.42L369.99 309.15H438.31C452.27 309.15 463.63 297.79 463.63 283.83V210.76H432.15L432.17 210.74ZM58.38 295.64V238.8C58.38 230.35 65.25 223.48 73.7 223.48H80.37V295.64H58.38ZM90.37 295.64V223.48H104.4V295.64H90.37ZM358.19 333.01L353.69 338.63C352.5 340.12 350.81 341.05 348.92 341.26C347.05 341.46 345.21 340.94 343.73 339.78L334.29 331.88C333.93 331.52 333.54 331.18 333.14 330.86L313.02 314.07L289.7 294.54L285.61 291.18L279.63 299.22L306.6 321.73L327.5 339.23C329.8 341.69 329.87 345.87 327.53 348.8L323.03 354.42C321.84 355.9 320.15 356.84 318.26 357.05C316.4 357.25 314.58 356.74 313.11 355.59L261.21 310L257.25 306.6L250.98 314.4L297.09 354.89L297.27 355.04C298.66 356.15 299.5 357.84 299.63 359.79C299.77 361.8 299.13 363.85 297.89 365.41L293.39 371.03C292.2 372.51 290.51 373.45 288.62 373.66C286.74 373.87 284.87 373.33 283.39 372.14L270.16 361.56L263.69 369.18C266.48 371.7 266.83 375.97 264.48 378.91L259.98 384.53C257.53 387.59 253.05 388.09 249.98 385.64L240.6 378.52L136.87 295.63H114.41V223.47H148.62L181.85 211.38H237.35L197.93 248.52C194.41 251.84 192.39 256.34 192.26 261.18C192.13 266.02 193.89 270.62 197.23 274.13C205.9 283.24 225.9 281.09 235.08 272.78L265.39 243.22L311.83 285.12L357 322.94L357.09 323.01C358.58 324.2 359.51 325.89 359.72 327.78C359.93 329.67 359.39 331.52 358.21 333.01H358.19ZM365.96 299.12L355.83 308.93L318.44 277.63L265.04 229.44L264.04 230.55L228.29 265.42C222.81 270.31 209.14 272.14 204.47 267.23C202.98 265.66 202.19 263.61 202.25 261.45C202.31 259.29 203.21 257.28 204.78 255.8L249.04 214.09L249.11 214.02C275.42 188.22 304.03 182.62 329.69 198.25L366.58 220.72H397.64V299.11H365.96V299.12ZM407.64 299.12V220.73H422.17V299.12H407.64ZM453.65 283.8C453.65 292.25 446.78 299.12 438.33 299.12H432.17V220.73H453.65V283.8Z\" fill=\"#49B39F\"\/>\n<\/svg>                    <\/div>\n                \n                                    <h3 class=\"evosys-icon-cards__item-title\">Optimiert f\u00fcr Touch<\/h3>\n                            <\/article>\n                    <article class=\"evosys-icon-cards__item\">\n                                    <div class=\"evosys-icon-cards__icon\" style=\"--evosys-icon-cards-scale: 1.22;\" aria-hidden=\"true\">\n                        <svg width=\"512\" height=\"512\" viewBox=\"0 0 512 512\" fill=\"none\" xmlns=\"http:\/\/www.w3.org\/2000\/svg\" aria-hidden=\"true\" focusable=\"false\">\n<path d=\"M256.049 446C150.706 446 65 360.767 65 256.007C65 151.247 150.706 66 256.049 66C315.154 66 369.997 92.5803 406.522 138.925L415.394 150.187H259.945V174.802H428.878L430.728 178.942C438.45 196.226 443.51 214.541 445.753 233.357L446.678 241.149H259.945V265.764H447L446.299 273.36C444.575 292.274 440.034 310.729 432.802 328.221L431.022 332.542H259.945V357.143H418.394L410.223 368.238C374.328 416.939 316.695 446 256.049 446ZM256.049 79.9383C158.429 79.9383 79.0158 158.927 79.0158 256.007C79.0158 353.087 158.429 432.062 256.049 432.062C307.473 432.062 356.57 409.496 390.026 371.082H245.93V318.604H421.561C426.355 306.073 429.676 293.027 431.485 279.702H245.93V227.21H430.714C428.527 213.997 424.841 201.104 419.697 188.741H245.93V136.249H385.835C352.365 100.288 305.847 79.9383 256.049 79.9383Z\" fill=\"#49B39F\"\/>\n<\/svg>                    <\/div>\n                \n                                    <h3 class=\"evosys-icon-cards__item-title\">Simple and intuitive operation<\/h3>\n                            <\/article>\n                    <article class=\"evosys-icon-cards__item\">\n                                    <div class=\"evosys-icon-cards__icon\" style=\"--evosys-icon-cards-scale: 1.02;\" aria-hidden=\"true\">\n                        <svg width=\"512\" height=\"512\" viewBox=\"0 0 512 512\" fill=\"none\" xmlns=\"http:\/\/www.w3.org\/2000\/svg\" aria-hidden=\"true\" focusable=\"false\">\n<path d=\"M256.562 144.522C198.701 144.522 151.633 191.59 151.633 249.452C151.633 269.554 157.332 289.078 168.116 305.935C178.109 321.547 191.997 334.207 208.392 342.689V360.009C203.857 362.551 200.79 367.406 200.79 372.962V376.421C200.79 380.466 202.417 384.138 205.057 386.814C202.426 389.499 200.79 393.162 200.79 397.208V400.666C200.79 408.855 207.449 415.523 215.646 415.523H217.007V425.863C217.007 439.599 252.508 439.99 256.562 439.99C260.616 439.99 296.117 439.59 296.117 425.863V415.523H297.477C305.666 415.523 312.325 408.863 312.325 400.666V397.208C312.325 393.162 310.698 389.49 308.057 386.814C310.689 384.129 312.325 380.466 312.325 376.421V372.962C312.325 367.406 309.249 362.56 304.723 360.009V342.689C338.224 325.37 359.855 291.558 361.393 253.799V253.701C361.411 253.364 361.429 253.017 361.438 252.688C361.473 251.452 361.482 250.198 361.491 248.936V248.883C361.34 220.974 350.36 194.764 330.578 175.071C310.778 155.369 284.497 144.522 256.571 144.522H256.562ZM287.217 425.365C285.306 427.419 274.646 431.099 256.553 431.099C238.46 431.099 227.809 427.419 225.889 425.365V415.549H287.208V425.365H287.217ZM303.434 372.962V376.421C303.434 379.648 300.856 382.28 297.655 382.369C297.593 382.369 297.539 382.36 297.477 382.36H215.646C215.584 382.36 215.531 382.36 215.469 382.369C212.268 382.271 209.69 379.639 209.69 376.421V372.962C209.69 369.833 212.117 367.263 215.184 367.023H297.94C301.007 367.263 303.434 369.833 303.434 372.962ZM303.434 400.666C303.434 403.956 300.758 406.632 297.477 406.632H215.646C212.357 406.632 209.681 403.956 209.681 400.666V397.208C209.681 393.98 212.259 391.349 215.46 391.26C215.522 391.26 215.575 391.269 215.638 391.269H297.468C297.531 391.269 297.584 391.269 297.646 391.26C300.847 391.358 303.425 393.989 303.425 397.208V400.666H303.434ZM352.538 252.474C352.538 252.759 352.52 253.043 352.511 253.319V253.435C351.062 288.856 330.311 320.471 298.34 335.95L295.832 337.168V358.115H260.767V281.521C264.697 280.845 268.333 279.307 271.454 277.093L289.476 295.115L295.761 288.829L277.731 270.798C279.936 267.678 281.483 264.05 282.15 260.121H307.639V251.23H282.15C281.483 247.309 279.936 243.681 277.731 240.552L295.761 222.521L289.476 216.236L271.454 234.257C268.324 232.043 264.697 230.496 260.767 229.83V204.82H251.876V229.83C247.947 230.496 244.328 232.043 241.199 234.248L223.186 216.236L216.9 222.521L234.913 240.534C232.699 243.664 231.152 247.291 230.485 251.221H205.013V260.112H230.485C231.161 264.041 232.699 267.678 234.913 270.798L216.9 288.811L223.186 295.097L241.199 277.084C244.319 279.289 247.947 280.836 251.876 281.503V358.097H217.291V337.15L214.784 335.932C181.826 319.982 160.532 286.028 160.532 249.443C160.532 196.489 203.617 153.404 256.571 153.404C309.524 153.404 352.307 196.24 352.6 248.891C352.6 250.092 352.573 251.283 352.547 252.466L352.538 252.474Z\" fill=\"#49B39F\"\/>\n<path d=\"M260.474 72H251.583V115.485H260.474V72Z\" fill=\"#49B39F\"\/>\n<path d=\"M430.066 241.583H386.581V250.474H430.066V241.583Z\" fill=\"#49B39F\"\/>\n<path d=\"M125.485 241.583H82V250.474H125.485V241.583Z\" fill=\"#49B39F\"\/>\n<path d=\"M136.118 119.834L129.831 126.121L160.58 156.869L166.866 150.582L136.118 119.834Z\" fill=\"#49B39F\"\/>\n<path d=\"M375.938 119.807L345.19 150.556L351.476 156.842L382.225 126.094L375.938 119.807Z\" fill=\"#49B39F\"\/>\n<\/svg>                    <\/div>\n                \n                                    <h3 class=\"evosys-icon-cards__item-title\">Intuitiver Arbeitsablauf<\/h3>\n                            <\/article>\n                    <article class=\"evosys-icon-cards__item\">\n                                    <div class=\"evosys-icon-cards__icon\" style=\"--evosys-icon-cards-scale: 1.12;\" aria-hidden=\"true\">\n                        <svg width=\"512\" height=\"512\" viewBox=\"0 0 512 512\" fill=\"none\" xmlns=\"http:\/\/www.w3.org\/2000\/svg\" aria-hidden=\"true\" focusable=\"false\">\n<path d=\"M437.3 409.17H333.63V182.04H437.3V409.17ZM343.63 399.17H427.3V192.04H343.63V399.17Z\" fill=\"#49B39F\"\/>\n<path d=\"M307.97 409.27H204.24V73H307.97V409.27ZM214.24 399.27H297.97V83H214.24V399.27Z\" fill=\"#49B39F\"\/>\n<path d=\"M178.84 409.1H75.17V239.22H178.84V409.1ZM85.17 399.1H168.84V249.22H85.17V399.1Z\" fill=\"#49B39F\"\/>\n<path d=\"M463.48 429.78H49V439.78H463.48V429.78Z\" fill=\"#49B39F\"\/>\n<\/svg>                    <\/div>\n                \n                                    <h3 class=\"evosys-icon-cards__item-title\">\u00dcbersichtliches und konsistentes Fensterlayout<\/h3>\n                            <\/article>\n            <\/div>\n<\/section>\n","protected":false},"excerpt":{"rendered":"","protected":false},"author":2,"featured_media":0,"parent":1691,"menu_order":0,"comment_status":"closed","ping_status":"closed","template":"","meta":{"_acf_changed":false,"footnotes":""},"class_list":["post-1853","page","type-page","status-publish","hentry"],"acf":[],"_links":{"self":[{"href":"https:\/\/www.evosys-laser.com\/de\/wp-json\/wp\/v2\/pages\/1853","targetHints":{"allow":["GET"]}}],"collection":[{"href":"https:\/\/www.evosys-laser.com\/de\/wp-json\/wp\/v2\/pages"}],"about":[{"href":"https:\/\/www.evosys-laser.com\/de\/wp-json\/wp\/v2\/types\/page"}],"author":[{"embeddable":true,"href":"https:\/\/www.evosys-laser.com\/de\/wp-json\/wp\/v2\/users\/2"}],"replies":[{"embeddable":true,"href":"https:\/\/www.evosys-laser.com\/de\/wp-json\/wp\/v2\/comments?post=1853"}],"version-history":[{"count":5,"href":"https:\/\/www.evosys-laser.com\/de\/wp-json\/wp\/v2\/pages\/1853\/revisions"}],"predecessor-version":[{"id":1981,"href":"https:\/\/www.evosys-laser.com\/de\/wp-json\/wp\/v2\/pages\/1853\/revisions\/1981"}],"up":[{"embeddable":true,"href":"https:\/\/www.evosys-laser.com\/de\/wp-json\/wp\/v2\/pages\/1691"}],"wp:attachment":[{"href":"https:\/\/www.evosys-laser.com\/de\/wp-json\/wp\/v2\/media?parent=1853"}],"curies":[{"name":"wp","href":"https:\/\/api.w.org\/{rel}","templated":true}]}}