{"id":1849,"date":"2026-05-07T10:57:05","date_gmt":"2026-05-07T10:57:05","guid":{"rendered":"https:\/\/evosys-laser.com\/loesungen-fuer-das-laserschweissen\/services\/support\/"},"modified":"2026-05-08T17:18:07","modified_gmt":"2026-05-08T15:18:07","slug":"support","status":"publish","type":"page","link":"https:\/\/www.evosys-laser.com\/de\/loesungen-fuer-das-laserschweissen\/services\/support\/","title":{"rendered":"Support"},"content":{"rendered":"<section id=\"hero-block_c80076094539fe17feb06d3b6db7d2c8\" class=\"evosys-block evosys-hero has-no-featured-post has-primary-cta evosys-hero--mobile-focus-center\">\n    <style>\n        @media (max-width: 900px) {\n            #hero-block_c80076094539fe17feb06d3b6db7d2c8 .evosys-hero__media img {\n                object-position: center center;\n            }\n        }\n    <\/style>\n            <div\n            class=\"evosys-hero__media\"\n                    >\n            <picture>\n                                                                    <source\n                        media=\"(max-width: 900px)\"\n                        srcset=\"https:\/\/www.evosys-laser.com\/wp-content\/uploads\/2026\/05\/Header_Service_Mobile-768x1024.jpg 768w, https:\/\/www.evosys-laser.com\/wp-content\/uploads\/2026\/05\/Header_Service_Mobile-225x300.jpg 225w, https:\/\/www.evosys-laser.com\/wp-content\/uploads\/2026\/05\/Header_Service_Mobile-281x374.jpg 281w, https:\/\/www.evosys-laser.com\/wp-content\/uploads\/2026\/05\/Header_Service_Mobile-561x748.jpg 561w, https:\/\/www.evosys-laser.com\/wp-content\/uploads\/2026\/05\/Header_Service_Mobile.jpg 1440w\"\n                                                    sizes=\"100vw\"\n                                                data-hero-mobile-source\n                    >\n                                                                <source\n                    srcset=\"https:\/\/www.evosys-laser.com\/wp-content\/uploads\/2026\/05\/Header_Service.jpg 1280w, https:\/\/www.evosys-laser.com\/wp-content\/uploads\/2026\/05\/Header_Service-300x141.jpg 300w, https:\/\/www.evosys-laser.com\/wp-content\/uploads\/2026\/05\/Header_Service-1024x480.jpg 1024w, https:\/\/www.evosys-laser.com\/wp-content\/uploads\/2026\/05\/Header_Service-665x312.jpg 665w\"\n                                            sizes=\"(max-width: 900px) 100vw, 1280px\"\n                                        data-hero-desktop-source\n                >\n                <img\n                    src=\"https:\/\/www.evosys-laser.com\/wp-content\/uploads\/2026\/05\/Header_Service.jpg\"\n                    alt=\"\"\n                                            srcset=\"https:\/\/www.evosys-laser.com\/wp-content\/uploads\/2026\/05\/Header_Service.jpg 1280w, https:\/\/www.evosys-laser.com\/wp-content\/uploads\/2026\/05\/Header_Service-300x141.jpg 300w, https:\/\/www.evosys-laser.com\/wp-content\/uploads\/2026\/05\/Header_Service-1024x480.jpg 1024w, https:\/\/www.evosys-laser.com\/wp-content\/uploads\/2026\/05\/Header_Service-665x312.jpg 665w\"\n                                                                sizes=\"(max-width: 900px) 100vw, 1280px\"\n                                                                width=\"1280\"\n                                                                height=\"600\"\n                                        loading=\"eager\"\n                    fetchpriority=\"high\"\n                    decoding=\"async\"\n                    data-hero-image\n                    data-hero-desktop-alt=\"\"\n                    data-hero-mobile-alt=\"\"\n                >\n            <\/picture>\n        <\/div>\n        <div class=\"evosys-hero__overlay\"><\/div>\n    <div class=\"evosys-hero__content\">\n        <div class=\"evosys-hero__left\">\n            <h1 class=\"evosys-title evosys-hero__heading evosys-hero__heading--white\">Support<\/h1>\n\n                            <a class=\"evosys-button evosys-button--hero-light evosys-hero__primary-cta\" href=\"https:\/\/www.evosys-services.com\" target=\"_self\">\n                    Besuchen Sie unsere Tochtergesellschaft Evosys Laser Services &#8211; zust\u00e4ndig f\u00fcr unseren Kundenservice                <\/a>\n                    <\/div>\n\n            <\/div>\n<\/section>\n    <nav class=\"evosys-block evosys-breadcrumb\" aria-label=\"Breadcrumb\">\n        <ol class=\"evosys-breadcrumb__list\">\n                            <li class=\"evosys-breadcrumb__item\">\n                                            <a class=\"evosys-breadcrumb__link\" href=\"https:\/\/www.evosys-laser.com\/de\/\">\n                            Home                        <\/a>\n                                    <\/li>\n                    <\/ol>\n    <\/nav>\n<section class=\"evosys-block evosys-text-columns\">\n            <h2 class=\"evosys-section__title\">Zuverl\u00e4ssiger Support \u00fcber den gesamten Lebenszyklus des Systems<\/h2>\n    \n    <div class=\"evosys-columns\">\n        <div class=\"evosys-copy\"><p>Unsere Verantwortung endet nicht mit der Auslieferung der Ger\u00e4te. Unsere Tochtergesellschaft Evosys Laser Services (ELS) unterst\u00fctzt Ihre Laserschwei\u00dfsysteme w\u00e4hrend ihres gesamten Lebenszyklus mit technischem Service, Prozesswissen, Ersatzteilen, Wartung und praktischer Produktionsunterst\u00fctzung. <\/p>\n<\/div>\n                    <div class=\"evosys-copy\"><p>Von der Installation und Schulung bis hin zur Fehlerbehebung, Optimierung und langfristigen Systemverf\u00fcgbarkeit &#8211; das ELS-Serviceteam sorgt daf\u00fcr, dass Ihre Produktion zuverl\u00e4ssig und effizient l\u00e4uft.<\/p>\n<\/div>\n            <\/div>\n<\/section>\n<section class=\"evosys-block evosys-section evosys-service-path\">\n    \n    <div class=\"evosys-service-path__timeline\" style=\"--evosys-service-path-count: 6;\" data-service-path>\n        <div class=\"evosys-service-path__line\" aria-hidden=\"true\">\n            <svg viewBox=\"0 0 120 1000\" preserveAspectRatio=\"none\" focusable=\"false\" data-service-path-line-svg>\n                <path d=\"M60 0 C54 140 54 240 60 330 C66 460 66 565 60 665 C54 775 54 890 60 1000\" data-service-path-line-path \/>\n            <\/svg>\n        <\/div>\n\n                                <article id=\"installation-inbetriebnahme\" class=\"evosys-service-path__item is-left\">\n                <div class=\"evosys-service-path__content\">\n                                            <div class=\"evosys-service-path__icon\" aria-hidden=\"true\">\n                                                            <svg width=\"512\" height=\"512\" viewBox=\"0 0 512 512\" fill=\"none\" xmlns=\"http:\/\/www.w3.org\/2000\/svg\" aria-hidden=\"true\" focusable=\"false\">\n<path d=\"M140.458 437C134.807 437 131.08 436.6 130.558 436.539L128.216 436.27L119.029 417.944L146.101 390.917V389.604L121.694 365.237H120.379L93.3076 392.264L75.1962 383.223L74.7608 381.18C74.3254 379.172 64.547 331.776 96.1984 305.635C123.296 283.259 154.921 290.205 164.334 292.995L230.406 227.031L292.742 164.778C290.835 155.502 286.107 122.746 307.797 98.3696C332.726 70.3511 378.518 75.2367 380.451 75.4628L382.794 75.7323L391.971 94.0578L364.9 121.085V122.398L389.307 146.765H390.622L417.693 119.738L435.804 128.779L436.24 130.822C436.675 132.83 446.453 180.226 414.793 206.367C387.696 228.752 356.071 221.797 346.658 219.007L218.25 347.224C220.157 356.5 224.885 389.256 203.195 413.632C185.005 434.079 155.696 437 140.432 437H140.458ZM133.849 428.081C143.062 428.637 177.734 429.176 196.708 407.86C218.537 383.328 209.386 347.32 209.29 346.963L208.654 344.547L210.422 342.773L280.543 272.766L344.411 208.992L347.041 209.974C347.381 210.096 381.679 222.458 409.282 199.664C433.453 179.704 429.509 143.514 428.116 134.638L419.443 130.309L394.261 155.45H385.728L356.227 125.988V117.469L381.409 92.3278L377.195 83.9127C367.982 83.3563 333.31 82.8173 314.336 104.133C292.507 128.666 301.658 164.673 301.754 165.03L302.39 167.447L300.622 169.22L166.641 303.001L164.012 302.019C163.672 301.897 129.374 289.535 101.771 312.329C77.5994 332.289 81.5439 368.479 82.9458 377.355L91.6183 381.684L116.8 356.543H125.333L154.834 386.005V394.524L129.652 419.666L133.867 428.081H133.849Z\" fill=\"currentColor\"\/>\n<\/svg>                                                    <\/div>\n                    \n                                            <h3 class=\"evosys-service-path__title\">Installation &amp; Inbetriebnahme<\/h3>\n                    \n                                            <div class=\"evosys-service-path__text\"><p>ELS unterst\u00fctzt Sie bei der Einrichtung Ihres Systems vor Ort, verifiziert die wichtigsten Funktionen, hilft bei der Inbetriebnahme des Prozesses und hilft bei der \u00dcbertragung des validierten Schwei\u00dfprozesses in Ihre Produktionsumgebung.<\/p>\n<\/div>\n                                    <\/div>\n\n                <span class=\"evosys-service-path__marker\" aria-hidden=\"true\"><\/span>\n            <\/article>\n                                <article id=\"schulung-bedienerunterstuetzung\" class=\"evosys-service-path__item is-right\">\n                <div class=\"evosys-service-path__content\">\n                                            <div class=\"evosys-service-path__icon\" aria-hidden=\"true\">\n                                                            <svg width=\"512\" height=\"512\" viewBox=\"0 0 512 512\" fill=\"none\" xmlns=\"http:\/\/www.w3.org\/2000\/svg\" aria-hidden=\"true\" focusable=\"false\">\n<circle cx=\"255.5\" cy=\"163.5\" r=\"87.5\" stroke=\"currentColor\" stroke-width=\"10\"\/>\n<path d=\"M319 228C383 263.5 411 324.975 411 401\" stroke=\"currentColor\" stroke-width=\"10\" stroke-linecap=\"round\"\/>\n<path d=\"M197 229C133 264.5 105 325.975 105 402\" stroke=\"currentColor\" stroke-width=\"10\" stroke-linecap=\"round\"\/>\n<line x1=\"105\" y1=\"402\" x2=\"411\" y2=\"402\" stroke=\"currentColor\" stroke-width=\"10\" stroke-linecap=\"round\"\/>\n<\/svg>                                                    <\/div>\n                    \n                                            <h3 class=\"evosys-service-path__title\">Schulung &amp; Bedienerunterst\u00fctzung<\/h3>\n                    \n                                            <div class=\"evosys-service-path__text\"><p>Ihr Team erh\u00e4lt praktische Anleitungen f\u00fcr den Systembetrieb, die Handhabung von Prozessen, sicherheitsrelevante Themen und die grundlegende Fehlerbehebung, um den sicheren t\u00e4glichen Gebrauch zu unterst\u00fctzen.<\/p>\n<\/div>\n                                    <\/div>\n\n                <span class=\"evosys-service-path__marker\" aria-hidden=\"true\"><\/span>\n            <\/article>\n                                <article id=\"wartung-systemchecks\" class=\"evosys-service-path__item is-left\">\n                <div class=\"evosys-service-path__content\">\n                                            <div class=\"evosys-service-path__icon\" aria-hidden=\"true\">\n                                                            <svg width=\"512\" height=\"512\" viewBox=\"0 0 512 512\" fill=\"none\" xmlns=\"http:\/\/www.w3.org\/2000\/svg\" aria-hidden=\"true\" focusable=\"false\">\n<path d=\"M283.693 84.6837V135.631L290.006 137.42C298.36 139.79 307.305 143.385 315.867 147.823L321.511 150.741L326.001 146.251L357.576 114.677L397.331 154.431L365.765 186.005L361.24 190.529L364.219 196.191C367.553 202.521 371.739 211.153 374.605 221.877L376.324 228.321H427.316V283.714H375.43L373.641 290.027C371.288 298.346 367.684 307.29 363.238 315.878L360.32 321.523L364.809 326.012L396.393 357.586L356.638 397.34L325.063 365.775L320.547 361.259L314.894 364.229C305.385 369.222 297.466 372.427 289.207 374.615L282.755 376.334V427.334H227.369V375.44L221.047 373.651C212.719 371.298 203.784 367.694 195.195 363.248L189.551 360.322L185.061 364.811L153.486 396.394L113.732 356.64L145.306 325.066L149.822 320.55L146.852 314.888C141.859 305.38 138.646 297.452 136.449 289.202L134.729 282.75H84.6839V227.366H135.632L137.421 221.052C139.783 212.716 143.378 203.781 147.816 195.201L150.734 189.557L146.244 185.067L114.669 153.493L154.424 113.739L185.999 145.313L190.523 149.837L196.185 146.859C205.677 141.866 213.596 138.662 221.864 136.456L228.307 134.737V84.6924H283.702M255.531 330.363C296.788 330.363 330.36 296.8 330.36 255.535C330.36 214.27 296.797 180.708 255.531 180.708C214.265 180.708 180.702 214.27 180.702 255.535C180.702 296.8 214.265 330.363 255.531 330.363ZM292.386 76.0087H219.623V128.059C210.739 130.429 202.195 133.877 192.139 139.165L154.424 101.452L102.39 153.493L140.105 191.207C135.372 200.351 131.603 209.729 129.067 218.682H76V291.434H128.051C130.422 300.317 133.87 308.862 139.158 318.926L101.444 356.64L153.486 408.672L191.201 370.95C200.345 375.683 209.715 379.46 218.677 381.996V436H291.43V382.995C300.314 380.633 308.859 377.185 318.924 371.906L356.638 409.61L408.672 357.578L370.949 319.864C375.682 310.72 379.459 301.342 381.995 292.389H436V219.628H382.993C380.102 208.817 375.925 199.777 371.904 192.136L409.61 154.422L357.576 102.39L319.861 140.103C310.717 135.37 301.339 131.602 292.386 129.066V76V76.0087ZM255.531 321.679C219.059 321.679 189.386 292.007 189.386 255.535C189.386 219.064 219.059 189.392 255.531 189.392C292.003 189.392 321.676 219.064 321.676 255.535C321.676 292.007 292.003 321.679 255.531 321.679Z\" fill=\"currentColor\"\/>\n<\/svg>                                                    <\/div>\n                    \n                                            <h3 class=\"evosys-service-path__title\">Wartung &amp; Systemchecks<\/h3>\n                    \n                                            <div class=\"evosys-service-path__text\"><p>Regelm\u00e4\u00dfige Inspektionen und vorbeugende Wartung helfen, die Prozessstabilit\u00e4t aufrechtzuerhalten, Ausfallzeiten zu reduzieren und die Lebensdauer Ihrer Laserschwei\u00dfger\u00e4te zu verl\u00e4ngern.<\/p>\n<\/div>\n                                    <\/div>\n\n                <span class=\"evosys-service-path__marker\" aria-hidden=\"true\"><\/span>\n            <\/article>\n                                <article id=\"ersatzteile-technischer-support\" class=\"evosys-service-path__item is-right\">\n                <div class=\"evosys-service-path__content\">\n                                            <div class=\"evosys-service-path__icon\" aria-hidden=\"true\">\n                                                            <svg width=\"512\" height=\"512\" viewBox=\"0 0 512 512\" fill=\"none\" xmlns=\"http:\/\/www.w3.org\/2000\/svg\" aria-hidden=\"true\" focusable=\"false\">\n<path d=\"M60 201V75C60 66.7157 66.7157 60 75 60H201\" stroke=\"currentColor\" stroke-width=\"10\" stroke-linecap=\"round\"\/>\n<path d=\"M452 201V75C452 66.7157 445.284 60 437 60H311\" stroke=\"currentColor\" stroke-width=\"10\" stroke-linecap=\"round\"\/>\n<path d=\"M60 311V437C60 445.284 66.7157 452 75 452H201\" stroke=\"currentColor\" stroke-width=\"10\" stroke-linecap=\"round\"\/>\n<path d=\"M452 311V437C452 445.284 445.284 452 437 452H311\" stroke=\"currentColor\" stroke-width=\"10\" stroke-linecap=\"round\"\/>\n<circle cx=\"256\" cy=\"256\" r=\"30\" fill=\"currentColor\"\/>\n<line x1=\"256\" y1=\"199\" x2=\"256\" y2=\"230\" stroke=\"currentColor\" stroke-width=\"10\"\/>\n<line x1=\"297.536\" y1=\"215.536\" x2=\"275.536\" y2=\"237.536\" stroke=\"currentColor\" stroke-width=\"10\"\/>\n<line x1=\"286\" y1=\"257\" x2=\"447\" y2=\"257\" stroke=\"currentColor\" stroke-width=\"10\" stroke-linecap=\"round\"\/>\n<line x1=\"274.536\" y1=\"274.464\" x2=\"297.536\" y2=\"297.464\" stroke=\"currentColor\" stroke-width=\"10\"\/>\n<line x1=\"256\" y1=\"284\" x2=\"256\" y2=\"314\" stroke=\"currentColor\" stroke-width=\"10\"\/>\n<line x1=\"215.464\" y1=\"297.464\" x2=\"238.464\" y2=\"274.464\" stroke=\"currentColor\" stroke-width=\"10\"\/>\n<line x1=\"199\" y1=\"257\" x2=\"235\" y2=\"257\" stroke=\"currentColor\" stroke-width=\"10\"\/>\n<line x1=\"214.536\" y1=\"214.464\" x2=\"236.536\" y2=\"236.464\" stroke=\"currentColor\" stroke-width=\"10\"\/>\n<\/svg>                                                    <\/div>\n                    \n                                            <h3 class=\"evosys-service-path__title\">Ersatzteile &amp; Technischer Support<\/h3>\n                    \n                                            <div class=\"evosys-service-path__text\"><p>ELS bietet Support f\u00fcr Ersatzteile, Ersatzkomponenten, technische Fragen und Serviceplanung, damit Ihr System verf\u00fcgbar bleibt, wenn es darauf ankommt.<\/p>\n<\/div>\n                                    <\/div>\n\n                <span class=\"evosys-service-path__marker\" aria-hidden=\"true\"><\/span>\n            <\/article>\n                                <article id=\"prozess-optimierung\" class=\"evosys-service-path__item is-left\">\n                <div class=\"evosys-service-path__content\">\n                                            <div class=\"evosys-service-path__icon\" aria-hidden=\"true\">\n                                                            <svg width=\"512\" height=\"512\" viewBox=\"0 0 512 512\" fill=\"none\" xmlns=\"http:\/\/www.w3.org\/2000\/svg\" aria-hidden=\"true\" focusable=\"false\">\n<path d=\"M256.562 144.522C198.701 144.522 151.633 191.59 151.633 249.452C151.633 269.554 157.332 289.078 168.116 305.935C178.109 321.547 191.997 334.207 208.392 342.689V360.009C203.857 362.551 200.79 367.406 200.79 372.962V376.421C200.79 380.466 202.417 384.138 205.057 386.814C202.426 389.499 200.79 393.162 200.79 397.208V400.666C200.79 408.855 207.449 415.523 215.646 415.523H217.007V425.863C217.007 439.599 252.508 439.99 256.562 439.99C260.616 439.99 296.117 439.59 296.117 425.863V415.523H297.477C305.666 415.523 312.325 408.863 312.325 400.666V397.208C312.325 393.162 310.698 389.49 308.057 386.814C310.689 384.129 312.325 380.466 312.325 376.421V372.962C312.325 367.406 309.249 362.56 304.723 360.009V342.689C338.224 325.37 359.855 291.558 361.393 253.799V253.701C361.411 253.364 361.429 253.017 361.438 252.688C361.473 251.452 361.482 250.198 361.491 248.936V248.883C361.34 220.974 350.36 194.764 330.578 175.071C310.778 155.369 284.497 144.522 256.571 144.522H256.562ZM287.217 425.365C285.306 427.419 274.646 431.099 256.553 431.099C238.46 431.099 227.809 427.419 225.889 425.365V415.549H287.208V425.365H287.217ZM303.434 372.962V376.421C303.434 379.648 300.856 382.28 297.655 382.369C297.593 382.369 297.539 382.36 297.477 382.36H215.646C215.584 382.36 215.531 382.36 215.469 382.369C212.268 382.271 209.69 379.639 209.69 376.421V372.962C209.69 369.833 212.117 367.263 215.184 367.023H297.94C301.007 367.263 303.434 369.833 303.434 372.962ZM303.434 400.666C303.434 403.956 300.758 406.632 297.477 406.632H215.646C212.357 406.632 209.681 403.956 209.681 400.666V397.208C209.681 393.98 212.259 391.349 215.46 391.26C215.522 391.26 215.575 391.269 215.638 391.269H297.468C297.531 391.269 297.584 391.269 297.646 391.26C300.847 391.358 303.425 393.989 303.425 397.208V400.666H303.434ZM352.538 252.474C352.538 252.759 352.52 253.043 352.511 253.319V253.435C351.062 288.856 330.311 320.471 298.34 335.95L295.832 337.168V358.115H260.767V281.521C264.697 280.845 268.333 279.307 271.454 277.093L289.476 295.115L295.761 288.829L277.731 270.798C279.936 267.678 281.483 264.05 282.15 260.121H307.639V251.23H282.15C281.483 247.309 279.936 243.681 277.731 240.552L295.761 222.521L289.476 216.236L271.454 234.257C268.324 232.043 264.697 230.496 260.767 229.83V204.82H251.876V229.83C247.947 230.496 244.328 232.043 241.199 234.248L223.186 216.236L216.9 222.521L234.913 240.534C232.699 243.664 231.152 247.291 230.485 251.221H205.013V260.112H230.485C231.161 264.041 232.699 267.678 234.913 270.798L216.9 288.811L223.186 295.097L241.199 277.084C244.319 279.289 247.947 280.836 251.876 281.503V358.097H217.291V337.15L214.784 335.932C181.826 319.982 160.532 286.028 160.532 249.443C160.532 196.489 203.617 153.404 256.571 153.404C309.524 153.404 352.307 196.24 352.6 248.891C352.6 250.092 352.573 251.283 352.547 252.466L352.538 252.474Z\" fill=\"currentColor\"\/>\n<path d=\"M260.474 72H251.583V115.485H260.474V72Z\" fill=\"currentColor\"\/>\n<path d=\"M430.066 241.583H386.581V250.474H430.066V241.583Z\" fill=\"currentColor\"\/>\n<path d=\"M125.485 241.583H82V250.474H125.485V241.583Z\" fill=\"currentColor\"\/>\n<path d=\"M136.118 119.834L129.831 126.121L160.58 156.869L166.866 150.582L136.118 119.834Z\" fill=\"currentColor\"\/>\n<path d=\"M375.938 119.807L345.19 150.556L351.476 156.842L382.225 126.094L375.938 119.807Z\" fill=\"currentColor\"\/>\n<\/svg>                                                    <\/div>\n                    \n                                            <h3 class=\"evosys-service-path__title\">Prozess-Optimierung<\/h3>\n                    \n                                            <div class=\"evosys-service-path__text\"><p>Wenn sich die Anforderungen oder Produktionsbedingungen \u00e4ndern, hilft Ihnen ELS bei der \u00dcberpr\u00fcfung und Optimierung von Schwei\u00dfparametern, Werkzeugen, Komponentenhandhabung oder qualit\u00e4tsrelevanten Prozessdetails.<\/p>\n<\/div>\n                                    <\/div>\n\n                <span class=\"evosys-service-path__marker\" aria-hidden=\"true\"><\/span>\n            <\/article>\n                                <article id=\"fern-und-vor-ort-unterstuetzung\" class=\"evosys-service-path__item is-right\">\n                <div class=\"evosys-service-path__content\">\n                                            <div class=\"evosys-service-path__icon\" aria-hidden=\"true\">\n                                                            <svg width=\"512\" height=\"512\" viewBox=\"0 0 512 512\" fill=\"none\" xmlns=\"http:\/\/www.w3.org\/2000\/svg\" aria-hidden=\"true\" focusable=\"false\">\n<path d=\"M256.007 413.005L252.234 407.059C247.864 400.171 145.229 237.923 145.113 188.991L144.882 182.618C144.882 121.618 194.508 72 255.5 72C316.492 72 366.118 121.627 366.118 182.618V182.779L365.887 188.982C365.762 237.923 264.08 400.153 259.754 407.042L256.007 413.005ZM153.782 182.529L154.013 188.902C154.013 230.127 237.104 365.95 255.972 396.264C274.697 365.906 356.996 230.127 356.996 188.902V188.742L357.227 182.538C357.183 126.486 311.57 80.9 255.509 80.9C199.448 80.9 153.835 126.486 153.79 182.538L153.782 182.529Z\" fill=\"currentColor\"\/>\n<path d=\"M378 431.045H133V439.945H378V431.045Z\" fill=\"currentColor\"\/>\n<path d=\"M255.5 225.962C275.84 225.962 292.328 209.473 292.328 189.133C292.328 168.794 275.84 152.305 255.5 152.305C235.16 152.305 218.672 168.794 218.672 189.133C218.672 209.473 235.16 225.962 255.5 225.962Z\" fill=\"currentColor\"\/>\n<\/svg>                                                    <\/div>\n                    \n                                            <h3 class=\"evosys-service-path__title\">Fern- und Vor-Ort-Unterst\u00fctzung<\/h3>\n                    \n                                            <div class=\"evosys-service-path__text\"><p>Je nach Situation unterst\u00fctzt unser Team Sie per Fernzugriff oder vor Ort, um Probleme zu beheben, das Systemverhalten zu bewerten und die stabile Produktion so schnell wie m\u00f6glich wiederherzustellen.<\/p>\n<\/div>\n                                    <\/div>\n\n                <span class=\"evosys-service-path__marker\" aria-hidden=\"true\"><\/span>\n            <\/article>\n            <\/div>\n<\/section>\n","protected":false},"excerpt":{"rendered":"","protected":false},"author":2,"featured_media":0,"parent":1841,"menu_order":0,"comment_status":"closed","ping_status":"closed","template":"","meta":{"_acf_changed":false,"footnotes":""},"class_list":["post-1849","page","type-page","status-publish","hentry"],"acf":[],"_links":{"self":[{"href":"https:\/\/www.evosys-laser.com\/de\/wp-json\/wp\/v2\/pages\/1849","targetHints":{"allow":["GET"]}}],"collection":[{"href":"https:\/\/www.evosys-laser.com\/de\/wp-json\/wp\/v2\/pages"}],"about":[{"href":"https:\/\/www.evosys-laser.com\/de\/wp-json\/wp\/v2\/types\/page"}],"author":[{"embeddable":true,"href":"https:\/\/www.evosys-laser.com\/de\/wp-json\/wp\/v2\/users\/2"}],"replies":[{"embeddable":true,"href":"https:\/\/www.evosys-laser.com\/de\/wp-json\/wp\/v2\/comments?post=1849"}],"version-history":[{"count":4,"href":"https:\/\/www.evosys-laser.com\/de\/wp-json\/wp\/v2\/pages\/1849\/revisions"}],"predecessor-version":[{"id":2132,"href":"https:\/\/www.evosys-laser.com\/de\/wp-json\/wp\/v2\/pages\/1849\/revisions\/2132"}],"up":[{"embeddable":true,"href":"https:\/\/www.evosys-laser.com\/de\/wp-json\/wp\/v2\/pages\/1841"}],"wp:attachment":[{"href":"https:\/\/www.evosys-laser.com\/de\/wp-json\/wp\/v2\/media?parent=1849"}],"curies":[{"name":"wp","href":"https:\/\/api.w.org\/{rel}","templated":true}]}}