{"id":1841,"date":"2026-03-25T14:02:19","date_gmt":"2026-03-25T14:02:19","guid":{"rendered":"https:\/\/evosys-laser.com\/loesungen-fuer-das-laserschweissen\/services\/"},"modified":"2026-05-08T11:51:22","modified_gmt":"2026-05-08T11:51:22","slug":"services","status":"publish","type":"page","link":"https:\/\/www.evosys-laser.com\/de\/loesungen-fuer-das-laserschweissen\/services\/","title":{"rendered":"Services"},"content":{"rendered":"<section id=\"hero-block_07163177b91e53a0bec4113bc34eec80\" class=\"evosys-block evosys-hero has-no-featured-post has-no-primary-cta evosys-hero--mobile-focus-center\">\n    <style>\n        @media (max-width: 900px) {\n            #hero-block_07163177b91e53a0bec4113bc34eec80 .evosys-hero__media img {\n                object-position: center center;\n            }\n        }\n    <\/style>\n            <div\n            class=\"evosys-hero__media\"\n                    >\n            <picture>\n                                                    <source\n                        media=\"(max-width: 900px)\"\n                        type=\"image\/webp\"\n                        srcset=\"https:\/\/www.evosys-laser.com\/wp-content\/compressx-nextgen\/uploads\/2026\/05\/Header_Services_Mobile-768x1024.jpg.webp 768w, https:\/\/www.evosys-laser.com\/wp-content\/compressx-nextgen\/uploads\/2026\/05\/Header_Services_Mobile-225x300.jpg.webp 225w, https:\/\/www.evosys-laser.com\/wp-content\/compressx-nextgen\/uploads\/2026\/05\/Header_Services_Mobile-281x374.jpg.webp 281w, https:\/\/www.evosys-laser.com\/wp-content\/compressx-nextgen\/uploads\/2026\/05\/Header_Services_Mobile-561x748.jpg.webp 561w, https:\/\/www.evosys-laser.com\/wp-content\/compressx-nextgen\/uploads\/2026\/05\/Header_Services_Mobile.jpg.webp 1440w\"\n                        data-hero-mobile-webp-source\n                                                    sizes=\"100vw\"\n                                            >\n                                                    <source\n                        media=\"(max-width: 900px)\"\n                        srcset=\"https:\/\/www.evosys-laser.com\/wp-content\/uploads\/2026\/05\/Header_Services_Mobile-768x1024.jpg 768w, https:\/\/www.evosys-laser.com\/wp-content\/uploads\/2026\/05\/Header_Services_Mobile-225x300.jpg 225w, https:\/\/www.evosys-laser.com\/wp-content\/uploads\/2026\/05\/Header_Services_Mobile-281x374.jpg 281w, https:\/\/www.evosys-laser.com\/wp-content\/uploads\/2026\/05\/Header_Services_Mobile-561x748.jpg 561w, https:\/\/www.evosys-laser.com\/wp-content\/uploads\/2026\/05\/Header_Services_Mobile.jpg 1440w\"\n                                                    sizes=\"100vw\"\n                                                data-hero-mobile-source\n                    >\n                                                                    <source\n                        type=\"image\/webp\"\n                        srcset=\"https:\/\/www.evosys-laser.com\/wp-content\/compressx-nextgen\/uploads\/2026\/05\/Header_Services.jpg.webp 1280w, https:\/\/www.evosys-laser.com\/wp-content\/compressx-nextgen\/uploads\/2026\/05\/Header_Services-300x141.jpg.webp 300w, https:\/\/www.evosys-laser.com\/wp-content\/compressx-nextgen\/uploads\/2026\/05\/Header_Services-1024x480.jpg.webp 1024w, https:\/\/www.evosys-laser.com\/wp-content\/compressx-nextgen\/uploads\/2026\/05\/Header_Services-665x312.jpg.webp 665w\"\n                        data-hero-desktop-webp-source\n                                                    sizes=\"(max-width: 900px) 100vw, 1280px\"\n                                            >\n                                <source\n                    srcset=\"https:\/\/www.evosys-laser.com\/wp-content\/uploads\/2026\/05\/Header_Services.jpg 1280w, https:\/\/www.evosys-laser.com\/wp-content\/uploads\/2026\/05\/Header_Services-300x141.jpg 300w, https:\/\/www.evosys-laser.com\/wp-content\/uploads\/2026\/05\/Header_Services-1024x480.jpg 1024w, https:\/\/www.evosys-laser.com\/wp-content\/uploads\/2026\/05\/Header_Services-665x312.jpg 665w\"\n                                            sizes=\"(max-width: 900px) 100vw, 1280px\"\n                                        data-hero-desktop-source\n                >\n                <img\n                    src=\"https:\/\/www.evosys-laser.com\/wp-content\/uploads\/2026\/05\/Header_Services.jpg\"\n                    alt=\"\"\n                                            srcset=\"https:\/\/www.evosys-laser.com\/wp-content\/uploads\/2026\/05\/Header_Services.jpg 1280w, https:\/\/www.evosys-laser.com\/wp-content\/uploads\/2026\/05\/Header_Services-300x141.jpg 300w, https:\/\/www.evosys-laser.com\/wp-content\/uploads\/2026\/05\/Header_Services-1024x480.jpg 1024w, https:\/\/www.evosys-laser.com\/wp-content\/uploads\/2026\/05\/Header_Services-665x312.jpg 665w\"\n                                                                sizes=\"(max-width: 900px) 100vw, 1280px\"\n                                                                width=\"1280\"\n                                                                height=\"600\"\n                                        loading=\"eager\"\n                    fetchpriority=\"high\"\n                    decoding=\"async\"\n                    data-hero-image\n                    data-hero-desktop-alt=\"\"\n                    data-hero-mobile-alt=\"\"\n                >\n            <\/picture>\n        <\/div>\n        <div class=\"evosys-hero__overlay\"><\/div>\n    <div class=\"evosys-hero__content\">\n        <div class=\"evosys-hero__left\">\n            <h1 class=\"evosys-title evosys-hero__heading evosys-hero__heading--white\">Services<\/h1>\n\n                    <\/div>\n\n            <\/div>\n<\/section>\n    <nav class=\"evosys-block evosys-breadcrumb\" aria-label=\"Breadcrumb\">\n        <ol class=\"evosys-breadcrumb__list\">\n                            <li class=\"evosys-breadcrumb__item\">\n                                            <a class=\"evosys-breadcrumb__link\" href=\"https:\/\/www.evosys-laser.com\/de\/\">\n                            Home                        <\/a>\n                                    <\/li>\n                    <\/ol>\n    <\/nav>\n<section class=\"evosys-block evosys-text-columns\">\n            <h2 class=\"evosys-section__title\">Vom Konzept zur Produktion &#8211; Unsere Services<\/h2>\n    \n    <div class=\"evosys-columns\">\n        <div class=\"evosys-copy\"><p data-start=\"260\" data-end=\"527\">Unser Ziel ist es, eng mit Ihnen zusammenzuarbeiten, um die optimale L\u00f6sung f\u00fcr Ihre spezifischen Anforderungen zu entwickeln. Jedes Projekt beginnt mit einer umfassenden Beratung und einer klaren Definition der Ziele, die die Grundlage f\u00fcr eine ma\u00dfgeschneiderte Laserschwei\u00dfl\u00f6sung bilden. <\/p>\n<p data-start=\"529\" data-end=\"712\">In unserem Technikum entwickeln, testen und optimieren wir innovative Prozesse unter realistischen Bedingungen, um eine effiziente und zuverl\u00e4ssige Umsetzung in Ihrer Produktionsumgebung zu gew\u00e4hrleisten.<\/p>\n<\/div>\n                    <div class=\"evosys-copy\"><p data-start=\"719\" data-end=\"944\">Neben kompletten Systemen und Prozessmodulen bieten wir auch Auftragsfertigung an, um flexible Produktionsanforderungen zu erf\u00fcllen. Unsere Dienstleistungen decken die gesamte Prozesskette ab, von der Entwicklung bis zur Serienproduktion. <\/p>\n<p data-start=\"946\" data-end=\"1134\">Mit unserem engagierten Serviceteam und unserem 24\/7-Support sorgen wir f\u00fcr maximale Systemverf\u00fcgbarkeit und schnelle Hilfe, wann immer sie ben\u00f6tigt wird. So k\u00f6nnen Sie stabile und effiziente Produktionsprozesse aufrechterhalten.<\/p>\n<\/div>\n            <\/div>\n<\/section>\n<section class=\"evosys-block evosys-section evosys-product-cards\" data-product-cards-slider>\n            <h2 class=\"evosys-section__title\">Erfahren Sie mehr \u00fcber unsere Dienstleistungen<\/h2>\n    \n            <div class=\"evosys-product-cards__viewport\">\n            <div class=\"evosys-product-cards__track\" data-product-cards-track>\n                                                        <article class=\"evosys-product-cards__slide\" data-product-card-slide>\n                        <div class=\"evosys-product-cards__card\">\n                            <figure class=\"evosys-product-cards__image\">\n                                                                                                            <a class=\"evosys-product-cards__image-link\" href=\"https:\/\/www.evosys-laser.com\/de\/loesungen-fuer-das-laserschweissen\/services\/anwendungsdesign\/\" aria-label=\"Anwendungsdesign\">\n                                                                        <picture><source type=\"image\/webp\" srcset=\"https:\/\/www.evosys-laser.com\/wp-content\/compressx-nextgen\/uploads\/2026\/04\/Services_Consulting-768x512.png.webp 768w, https:\/\/www.evosys-laser.com\/wp-content\/compressx-nextgen\/uploads\/2026\/04\/Services_Consulting-300x200.png.webp 300w, https:\/\/www.evosys-laser.com\/wp-content\/compressx-nextgen\/uploads\/2026\/04\/Services_Consulting-384x256.png.webp 384w, https:\/\/www.evosys-laser.com\/wp-content\/compressx-nextgen\/uploads\/2026\/04\/Services_Consulting-561x374.png.webp 561w, https:\/\/www.evosys-laser.com\/wp-content\/compressx-nextgen\/uploads\/2026\/04\/Services_Consulting.png.webp 960w\" sizes=\"(max-width: 640px) calc(100vw - 64px), (max-width: 900px) calc((100vw - 76px) \/ 2), (max-width: 1280px) calc((100vw - 108px) \/ 4), 293px\"><img src=\"https:\/\/www.evosys-laser.com\/wp-content\/uploads\/2026\/04\/Services_Consulting-768x512.png\" alt=\"\" loading=\"lazy\" decoding=\"async\" srcset=\"https:\/\/www.evosys-laser.com\/wp-content\/uploads\/2026\/04\/Services_Consulting-768x512.png 768w, https:\/\/www.evosys-laser.com\/wp-content\/uploads\/2026\/04\/Services_Consulting-300x200.png 300w, https:\/\/www.evosys-laser.com\/wp-content\/uploads\/2026\/04\/Services_Consulting-384x256.png 384w, https:\/\/www.evosys-laser.com\/wp-content\/uploads\/2026\/04\/Services_Consulting-561x374.png 561w, https:\/\/www.evosys-laser.com\/wp-content\/uploads\/2026\/04\/Services_Consulting.png 960w\" sizes=\"(max-width: 640px) calc(100vw - 64px), (max-width: 900px) calc((100vw - 76px) \/ 2), (max-width: 1280px) calc((100vw - 108px) \/ 4), 293px\" width=\"768\" height=\"512\"><\/picture>                                                                            <\/a>\n                                                                                                <\/figure>\n                            \n                                                            <h3 class=\"evosys-product-cards__card-title\">Anwendungsdesign<\/h3>\n                            \n                                                            <div class=\"evosys-product-cards__text\"><p>Wir helfen Ihnen, Ihre Anwendung fr\u00fchzeitig zu bewerten und eine zuverl\u00e4ssige Grundlage f\u00fcr einen erfolgreichen Laserschwei\u00dfprozess zu definieren.<\/p>\n<\/div>\n                            \n                                                            <a class=\"evosys-inline-link evosys-product-cards__link\" href=\"https:\/\/www.evosys-laser.com\/de\/loesungen-fuer-das-laserschweissen\/services\/anwendungsdesign\/\">\n                                    Mehr erfahren                                <\/a>\n                                                    <\/div>\n                    <\/article>\n                                                        <article class=\"evosys-product-cards__slide\" data-product-card-slide>\n                        <div class=\"evosys-product-cards__card\">\n                            <figure class=\"evosys-product-cards__image\">\n                                                                                                            <a class=\"evosys-product-cards__image-link\" href=\"https:\/\/www.evosys-laser.com\/de\/loesungen-fuer-das-laserschweissen\/services\/prototypen\/\" aria-label=\"Prototypen\">\n                                                                        <img src=\"https:\/\/www.evosys-laser.com\/wp-content\/uploads\/2026\/04\/250505_EVOSYS_Technikum_2033-scaled.jpg\" alt=\"\" loading=\"lazy\" decoding=\"async\" width=\"768\" height=\"512\">                                                                            <\/a>\n                                                                                                <\/figure>\n                            \n                                                            <h3 class=\"evosys-product-cards__card-title\">Prototypen<\/h3>\n                            \n                                                            <div class=\"evosys-product-cards__text\"><p>Wir setzen Ihr Anwendungskonzept durch strukturierte Versuche, Musterproduktion und dokumentierte Prozessvalidierung in praktische Schwei\u00dfergebnisse um.<\/p>\n<\/div>\n                            \n                                                            <a class=\"evosys-inline-link evosys-product-cards__link\" href=\"https:\/\/www.evosys-laser.com\/de\/loesungen-fuer-das-laserschweissen\/services\/prototypen\/\">\n                                    Mehr erfahren                                <\/a>\n                                                    <\/div>\n                    <\/article>\n                                                        <article class=\"evosys-product-cards__slide\" data-product-card-slide>\n                        <div class=\"evosys-product-cards__card\">\n                            <figure class=\"evosys-product-cards__image\">\n                                                                                                            <a class=\"evosys-product-cards__image-link\" href=\"https:\/\/www.evosys-laser.com\/de\/loesungen-fuer-das-laserschweissen\/services\/industrielle-fertigung\/\" aria-label=\"Industrielle Fertigung\">\n                                                                        <img src=\"https:\/\/www.evosys-laser.com\/wp-content\/uploads\/2026\/05\/Industrialization_3x2-768x512.jpg\" alt=\"\" loading=\"lazy\" decoding=\"async\" srcset=\"https:\/\/www.evosys-laser.com\/wp-content\/uploads\/2026\/05\/Industrialization_3x2-768x512.jpg 768w, https:\/\/www.evosys-laser.com\/wp-content\/uploads\/2026\/05\/Industrialization_3x2-300x200.jpg 300w, https:\/\/www.evosys-laser.com\/wp-content\/uploads\/2026\/05\/Industrialization_3x2-384x256.jpg 384w, https:\/\/www.evosys-laser.com\/wp-content\/uploads\/2026\/05\/Industrialization_3x2-561x374.jpg 561w, https:\/\/www.evosys-laser.com\/wp-content\/uploads\/2026\/05\/Industrialization_3x2.jpg 960w\" sizes=\"(max-width: 640px) calc(100vw - 64px), (max-width: 900px) calc((100vw - 76px) \/ 2), (max-width: 1280px) calc((100vw - 108px) \/ 4), 293px\" width=\"768\" height=\"512\">                                                                            <\/a>\n                                                                                                <\/figure>\n                            \n                                                            <h3 class=\"evosys-product-cards__card-title\">Industrielle Fertigung<\/h3>\n                            \n                                                            <div class=\"evosys-product-cards__text\"><p>Wir unterst\u00fctzen Sie beim \u00dcbergang von einem validierten Schwei\u00dfprozess zu einer produktionsreifen Ausr\u00fcstung, die auf Ihre Bed\u00fcrfnisse in Bezug auf Komponenten, Volumen und Automatisierung zugeschnitten ist.<\/p>\n<\/div>\n                            \n                                                            <a class=\"evosys-inline-link evosys-product-cards__link\" href=\"https:\/\/www.evosys-laser.com\/de\/loesungen-fuer-das-laserschweissen\/services\/industrielle-fertigung\/\">\n                                    Mehr erfahren                                <\/a>\n                                                    <\/div>\n                    <\/article>\n                                                        <article class=\"evosys-product-cards__slide\" data-product-card-slide>\n                        <div class=\"evosys-product-cards__card\">\n                            <figure class=\"evosys-product-cards__image\">\n                                                                                                            <a class=\"evosys-product-cards__image-link\" href=\"https:\/\/www.evosys-laser.com\/de\/loesungen-fuer-das-laserschweissen\/services\/support\/\" aria-label=\"Support\">\n                                                                        <img src=\"https:\/\/www.evosys-laser.com\/wp-content\/uploads\/2026\/05\/Support_3x2-768x512.jpg\" alt=\"\" loading=\"lazy\" decoding=\"async\" srcset=\"https:\/\/www.evosys-laser.com\/wp-content\/uploads\/2026\/05\/Support_3x2-768x512.jpg 768w, https:\/\/www.evosys-laser.com\/wp-content\/uploads\/2026\/05\/Support_3x2-300x200.jpg 300w, https:\/\/www.evosys-laser.com\/wp-content\/uploads\/2026\/05\/Support_3x2-384x256.jpg 384w, https:\/\/www.evosys-laser.com\/wp-content\/uploads\/2026\/05\/Support_3x2-561x374.jpg 561w, https:\/\/www.evosys-laser.com\/wp-content\/uploads\/2026\/05\/Support_3x2.jpg 960w\" sizes=\"(max-width: 640px) calc(100vw - 64px), (max-width: 900px) calc((100vw - 76px) \/ 2), (max-width: 1280px) calc((100vw - 108px) \/ 4), 293px\" width=\"768\" height=\"512\">                                                                            <\/a>\n                                                                                                <\/figure>\n                            \n                                                            <h3 class=\"evosys-product-cards__card-title\">Support<\/h3>\n                            \n                                                            <div class=\"evosys-product-cards__text\"><p>Wir bieten zuverl\u00e4ssigen Support w\u00e4hrend des gesamten Lebenszyklus Ihres Systems, damit Ihr Laserschwei\u00dfprozess stabil, effizient und produktionsbereit bleibt.<\/p>\n<\/div>\n                            \n                                                            <a class=\"evosys-inline-link evosys-product-cards__link\" href=\"https:\/\/www.evosys-laser.com\/de\/loesungen-fuer-das-laserschweissen\/services\/support\/\">\n                                    Mehr erfahren                                <\/a>\n                                                    <\/div>\n                    <\/article>\n                                                        <article class=\"evosys-product-cards__slide\" data-product-card-slide>\n                        <div class=\"evosys-product-cards__card\">\n                            <figure class=\"evosys-product-cards__image\">\n                                                                                                            <a class=\"evosys-product-cards__image-link\" href=\"https:\/\/www.evosys-services.de\/\" aria-label=\"Auftragsfertigung\">\n                                                                        <img src=\"https:\/\/www.evosys-laser.com\/wp-content\/uploads\/2026\/05\/Contract_manufacturing_3x2-768x512.jpg\" alt=\"\" loading=\"lazy\" decoding=\"async\" srcset=\"https:\/\/www.evosys-laser.com\/wp-content\/uploads\/2026\/05\/Contract_manufacturing_3x2-768x512.jpg 768w, https:\/\/www.evosys-laser.com\/wp-content\/uploads\/2026\/05\/Contract_manufacturing_3x2-300x200.jpg 300w, https:\/\/www.evosys-laser.com\/wp-content\/uploads\/2026\/05\/Contract_manufacturing_3x2-384x256.jpg 384w, https:\/\/www.evosys-laser.com\/wp-content\/uploads\/2026\/05\/Contract_manufacturing_3x2-561x374.jpg 561w, https:\/\/www.evosys-laser.com\/wp-content\/uploads\/2026\/05\/Contract_manufacturing_3x2.jpg 960w\" sizes=\"(max-width: 640px) calc(100vw - 64px), (max-width: 900px) calc((100vw - 76px) \/ 2), (max-width: 1280px) calc((100vw - 108px) \/ 4), 293px\" width=\"768\" height=\"512\">                                                                            <\/a>\n                                                                                                <\/figure>\n                            \n                                                            <h3 class=\"evosys-product-cards__card-title\">Auftragsfertigung<\/h3>\n                            \n                                                            <div class=\"evosys-product-cards__text\"><p>Wenn die Investition in eine eigene Laserschwei\u00dfanlage nicht machbar ist, kann unsere Tochtergesellschaft Evosys Laser Services Sie bei der Auftragsfertigung unterst\u00fctzen.<\/p>\n<\/div>\n                            \n                                                            <a class=\"evosys-inline-link evosys-product-cards__link\" href=\"https:\/\/www.evosys-services.de\/\">\n                                    Mehr erfahren                                <\/a>\n                                                    <\/div>\n                    <\/article>\n                            <\/div>\n        <\/div>\n\n                    <div class=\"evosys-product-cards__controls\">\n                <button class=\"evosys-control-button evosys-product-cards__control evosys-product-cards__control--prev\" type=\"button\" aria-label=\"Vorherige Produktkarte\" data-product-cards-prev>\n                    <svg class=\"evosys-tabs__icon-svg evosys-tabs__icon-svg--arrow\" viewBox=\"0 0 20 20\" fill=\"none\" xmlns=\"http:\/\/www.w3.org\/2000\/svg\" aria-hidden=\"true\"><path d=\"M15 10.4688L4.0625 10.4688\" stroke=\"currentColor\" stroke-width=\"2\" stroke-linecap=\"round\" stroke-linejoin=\"round\"\/><path d=\"M9.53125 5L4.0625 10.4688L9.5313 15.9375\" stroke=\"currentColor\" stroke-width=\"2\" stroke-linecap=\"round\" stroke-linejoin=\"round\"\/><\/svg>                <\/button>\n                <button class=\"evosys-control-button evosys-product-cards__control evosys-product-cards__control--next\" type=\"button\" aria-label=\"N\u00e4chste Produktkarte\" data-product-cards-next>\n                    <svg class=\"evosys-tabs__icon-svg evosys-tabs__icon-svg--arrow\" viewBox=\"0 0 20 20\" fill=\"none\" xmlns=\"http:\/\/www.w3.org\/2000\/svg\" aria-hidden=\"true\"><path d=\"M5 10.4688L15.9375 10.4688\" stroke=\"currentColor\" stroke-width=\"2\" stroke-linecap=\"round\" stroke-linejoin=\"round\"\/><path d=\"M10.4688 5L15.9375 10.4688L10.4687 15.9375\" stroke=\"currentColor\" stroke-width=\"2\" stroke-linecap=\"round\" stroke-linejoin=\"round\"\/><\/svg>                <\/button>\n            <\/div>\n            <\/section>\n","protected":false},"excerpt":{"rendered":"","protected":false},"author":2,"featured_media":0,"parent":1691,"menu_order":0,"comment_status":"closed","ping_status":"closed","template":"","meta":{"_acf_changed":false,"footnotes":""},"class_list":["post-1841","page","type-page","status-publish","hentry"],"acf":[],"_links":{"self":[{"href":"https:\/\/www.evosys-laser.com\/de\/wp-json\/wp\/v2\/pages\/1841","targetHints":{"allow":["GET"]}}],"collection":[{"href":"https:\/\/www.evosys-laser.com\/de\/wp-json\/wp\/v2\/pages"}],"about":[{"href":"https:\/\/www.evosys-laser.com\/de\/wp-json\/wp\/v2\/types\/page"}],"author":[{"embeddable":true,"href":"https:\/\/www.evosys-laser.com\/de\/wp-json\/wp\/v2\/users\/2"}],"replies":[{"embeddable":true,"href":"https:\/\/www.evosys-laser.com\/de\/wp-json\/wp\/v2\/comments?post=1841"}],"version-history":[{"count":4,"href":"https:\/\/www.evosys-laser.com\/de\/wp-json\/wp\/v2\/pages\/1841\/revisions"}],"predecessor-version":[{"id":2123,"href":"https:\/\/www.evosys-laser.com\/de\/wp-json\/wp\/v2\/pages\/1841\/revisions\/2123"}],"up":[{"embeddable":true,"href":"https:\/\/www.evosys-laser.com\/de\/wp-json\/wp\/v2\/pages\/1691"}],"wp:attachment":[{"href":"https:\/\/www.evosys-laser.com\/de\/wp-json\/wp\/v2\/media?parent=1841"}],"curies":[{"name":"wp","href":"https:\/\/api.w.org\/{rel}","templated":true}]}}