{"id":1773,"date":"2026-04-01T09:49:47","date_gmt":"2026-04-01T09:49:47","guid":{"rendered":"https:\/\/evosys-laser.com\/loesungen-fuer-das-laserschweissen\/inspektionssysteme\/evoinspect-radial\/"},"modified":"2026-05-08T11:18:47","modified_gmt":"2026-05-08T11:18:47","slug":"evoinspect-radial","status":"publish","type":"page","link":"https:\/\/www.evosys-laser.com\/de\/loesungen-fuer-das-laserschweissen\/inspektionssysteme\/evoinspect-radial\/","title":{"rendered":"EvoInspect Radial"},"content":{"rendered":"<section id=\"hero-block_aebc87990aef2e59368f2e92baa4c56b\" class=\"evosys-block evosys-hero has-no-featured-post has-no-primary-cta evosys-hero--mobile-focus-top-right\">\n    <style>\n        @media (max-width: 900px) {\n            #hero-block_aebc87990aef2e59368f2e92baa4c56b .evosys-hero__media img {\n                object-position: right top;\n            }\n        }\n    <\/style>\n            <div\n            class=\"evosys-hero__media\"\n                    >\n            <picture>\n                                                    <source\n                        media=\"(max-width: 900px)\"\n                        type=\"image\/webp\"\n                        srcset=\"https:\/\/www.evosys-laser.com\/wp-content\/compressx-nextgen\/uploads\/2026\/04\/Header_EvoInspect_Radial_Mobile.png-768x1024.jpg.webp 768w, https:\/\/www.evosys-laser.com\/wp-content\/compressx-nextgen\/uploads\/2026\/04\/Header_EvoInspect_Radial_Mobile.png-225x300.jpg.webp 225w, https:\/\/www.evosys-laser.com\/wp-content\/compressx-nextgen\/uploads\/2026\/04\/Header_EvoInspect_Radial_Mobile.png-281x374.jpg.webp 281w, https:\/\/www.evosys-laser.com\/wp-content\/compressx-nextgen\/uploads\/2026\/04\/Header_EvoInspect_Radial_Mobile.png-561x748.jpg.webp 561w, https:\/\/www.evosys-laser.com\/wp-content\/compressx-nextgen\/uploads\/2026\/04\/Header_EvoInspect_Radial_Mobile.png.jpg.webp 1440w\"\n                        data-hero-mobile-webp-source\n                                                    sizes=\"100vw\"\n                                            >\n                                                    <source\n                        media=\"(max-width: 900px)\"\n                        srcset=\"https:\/\/www.evosys-laser.com\/wp-content\/uploads\/2026\/04\/Header_EvoInspect_Radial_Mobile.png-768x1024.jpg 768w, https:\/\/www.evosys-laser.com\/wp-content\/uploads\/2026\/04\/Header_EvoInspect_Radial_Mobile.png-225x300.jpg 225w, https:\/\/www.evosys-laser.com\/wp-content\/uploads\/2026\/04\/Header_EvoInspect_Radial_Mobile.png-281x374.jpg 281w, https:\/\/www.evosys-laser.com\/wp-content\/uploads\/2026\/04\/Header_EvoInspect_Radial_Mobile.png-561x748.jpg 561w, https:\/\/www.evosys-laser.com\/wp-content\/uploads\/2026\/04\/Header_EvoInspect_Radial_Mobile.png.jpg 1440w\"\n                                                    sizes=\"100vw\"\n                                                data-hero-mobile-source\n                    >\n                                                                    <source\n                        type=\"image\/webp\"\n                        srcset=\"https:\/\/www.evosys-laser.com\/wp-content\/compressx-nextgen\/uploads\/2026\/04\/Header_EvoInspect_Radial.png.webp 1280w, https:\/\/www.evosys-laser.com\/wp-content\/compressx-nextgen\/uploads\/2026\/04\/Header_EvoInspect_Radial-300x141.png.webp 300w, https:\/\/www.evosys-laser.com\/wp-content\/compressx-nextgen\/uploads\/2026\/04\/Header_EvoInspect_Radial-1024x480.png.webp 1024w, https:\/\/www.evosys-laser.com\/wp-content\/compressx-nextgen\/uploads\/2026\/04\/Header_EvoInspect_Radial-665x312.png.webp 665w\"\n                        data-hero-desktop-webp-source\n                                                    sizes=\"(max-width: 900px) 100vw, 1280px\"\n                                            >\n                                <source\n                    srcset=\"https:\/\/www.evosys-laser.com\/wp-content\/uploads\/2026\/04\/Header_EvoInspect_Radial.png 1280w, https:\/\/www.evosys-laser.com\/wp-content\/uploads\/2026\/04\/Header_EvoInspect_Radial-300x141.png 300w, https:\/\/www.evosys-laser.com\/wp-content\/uploads\/2026\/04\/Header_EvoInspect_Radial-1024x480.png 1024w, https:\/\/www.evosys-laser.com\/wp-content\/uploads\/2026\/04\/Header_EvoInspect_Radial-665x312.png 665w\"\n                                            sizes=\"(max-width: 900px) 100vw, 1280px\"\n                                        data-hero-desktop-source\n                >\n                <img\n                    src=\"https:\/\/www.evosys-laser.com\/wp-content\/uploads\/2026\/04\/Header_EvoInspect_Radial.png\"\n                    alt=\"\"\n                                            srcset=\"https:\/\/www.evosys-laser.com\/wp-content\/uploads\/2026\/04\/Header_EvoInspect_Radial.png 1280w, https:\/\/www.evosys-laser.com\/wp-content\/uploads\/2026\/04\/Header_EvoInspect_Radial-300x141.png 300w, https:\/\/www.evosys-laser.com\/wp-content\/uploads\/2026\/04\/Header_EvoInspect_Radial-1024x480.png 1024w, https:\/\/www.evosys-laser.com\/wp-content\/uploads\/2026\/04\/Header_EvoInspect_Radial-665x312.png 665w\"\n                                                                sizes=\"(max-width: 900px) 100vw, 1280px\"\n                                                                width=\"1280\"\n                                                                height=\"600\"\n                                        loading=\"eager\"\n                    fetchpriority=\"high\"\n                    decoding=\"async\"\n                    data-hero-image\n                    data-hero-desktop-alt=\"\"\n                    data-hero-mobile-alt=\"\"\n                >\n            <\/picture>\n        <\/div>\n        <div class=\"evosys-hero__overlay\"><\/div>\n    <div class=\"evosys-hero__content\">\n        <div class=\"evosys-hero__left\">\n            <h1 class=\"evosys-title evosys-hero__heading evosys-hero__heading--white\">EvoInspect Radial<\/h1>\n\n                    <\/div>\n\n            <\/div>\n<\/section>\n    <nav class=\"evosys-block evosys-breadcrumb\" aria-label=\"Breadcrumb\">\n        <ol class=\"evosys-breadcrumb__list\">\n                            <li class=\"evosys-breadcrumb__item\">\n                                            <a class=\"evosys-breadcrumb__link\" href=\"https:\/\/www.evosys-laser.com\/de\/\">\n                            Home                        <\/a>\n                                    <\/li>\n                    <\/ol>\n    <\/nav>\n<section class=\"evosys-block evosys-text-columns\">\n            <h2 class=\"evosys-section__title\">EvoInspect Radial &#8211; Infrarot-Inspektion f\u00fcr kreisf\u00f6rmige Komponenten<\/h2>\n    \n    <div class=\"evosys-columns\">\n        <div class=\"evosys-copy\"><p data-start=\"258\" data-end=\"574\">Das EvoInspect Radial ist ein Infrarot-Inspektionssystem, das f\u00fcr radialsymmetrische Kunststoffteile entwickelt wurde. Es erm\u00f6glicht eine pr\u00e4zise Materialcharakterisierung vor dem Schwei\u00dfprozess, indem es die Transmission des lasertransparenten F\u00fcgepartners misst und so eine optimale Prozesseinstellung und -stabilit\u00e4t unterst\u00fctzt. <\/p>\n<p data-start=\"576\" data-end=\"730\">J\u00fcngste Fortschritte in der Systemelektronik haben die Messgenauigkeit weiter verbessert und gew\u00e4hrleisten zuverl\u00e4ssige und konsistente Ergebnisse f\u00fcr anspruchsvolle Anwendungen.<\/p>\n<\/div>\n                    <div class=\"evosys-copy\"><p>Das System kann als eigenst\u00e4ndige L\u00f6sung f\u00fcr die Qualit\u00e4tskontrolle verwendet oder vollst\u00e4ndig in Produktionslinien f\u00fcr die Prozess\u00fcberwachung in Echtzeit integriert werden. Diese Flexibilit\u00e4t erm\u00f6glicht es Herstellern, die Prozesstransparenz zu verbessern, konsistente Materialeigenschaften zu gew\u00e4hrleisten und eine hohe Produktqualit\u00e4t sowohl in der Entwicklung als auch in der Serienproduktion zu erhalten. <\/p>\n<\/div>\n            <\/div>\n<\/section>\n<section class=\"evosys-block evosys-section evosys-icon-cards\">\n            <h2 class=\"evosys-section__title\">Ihre Vorteile auf einen Blick<\/h2>\n    \n    <div class=\"evosys-icon-cards__grid\">\n                    <article class=\"evosys-icon-cards__item\">\n                                    <div class=\"evosys-icon-cards__icon\" style=\"--evosys-icon-cards-scale: 1.12;\" aria-hidden=\"true\">\n                        <svg width=\"512\" height=\"512\" viewBox=\"0 0 512 512\" fill=\"none\" xmlns=\"http:\/\/www.w3.org\/2000\/svg\" aria-hidden=\"true\" focusable=\"false\">\n<path d=\"M437.3 409.17H333.63V182.04H437.3V409.17ZM343.63 399.17H427.3V192.04H343.63V399.17Z\" fill=\"#49B39F\"\/>\n<path d=\"M307.97 409.27H204.24V73H307.97V409.27ZM214.24 399.27H297.97V83H214.24V399.27Z\" fill=\"#49B39F\"\/>\n<path d=\"M178.84 409.1H75.17V239.22H178.84V409.1ZM85.17 399.1H168.84V249.22H85.17V399.1Z\" fill=\"#49B39F\"\/>\n<path d=\"M463.48 429.78H49V439.78H463.48V429.78Z\" fill=\"#49B39F\"\/>\n<\/svg>                    <\/div>\n                \n                                    <h3 class=\"evosys-icon-cards__item-title\">Hohe Messgenauigkeit<\/h3>\n                            <\/article>\n                    <article class=\"evosys-icon-cards__item\">\n                                    <div class=\"evosys-icon-cards__icon\" style=\"--evosys-icon-cards-scale: 1.28;\" aria-hidden=\"true\">\n                        <svg width=\"512\" height=\"512\" viewBox=\"0 0 512 512\" fill=\"none\" xmlns=\"http:\/\/www.w3.org\/2000\/svg\" aria-hidden=\"true\" focusable=\"false\">\n<path d=\"M256 66C151.229 66 66 151.229 66 256C66 360.771 151.229 446 256 446C360.771 446 446 360.771 446 256C446 151.229 360.771 66 256 66ZM256 430.639C159.716 430.639 81.3759 352.299 81.3759 256.015C81.3759 159.731 159.716 81.3913 256 81.3913C352.284 81.3913 426.426 155.611 430.455 248.358H301.113C299.944 241.562 297.284 235.273 293.456 229.876L324.623 198.709L313.752 187.839L282.57 219.021C277.173 215.208 270.899 212.532 264.103 211.379V167.296H248.727V211.379C241.946 212.532 235.673 215.208 230.261 219.021L199.078 187.839L188.208 198.709L219.375 229.876C215.546 235.289 212.871 241.562 211.717 248.358H168.465V263.734H211.717C212.871 270.515 215.546 276.788 219.359 282.201L188.208 313.352L199.078 324.223L230.23 293.071C235.642 296.9 241.916 299.575 248.712 300.728V344.78H264.088V300.728C270.884 299.56 277.173 296.9 282.57 293.071L313.721 324.223L324.592 313.352L293.44 282.201C297.254 276.804 299.929 270.53 301.082 263.734H430.424C426.38 356.466 349.685 430.655 255.969 430.655L256 430.639Z\" fill=\"#49B39F\"\/>\n<\/svg>                    <\/div>\n                \n                                    <h3 class=\"evosys-icon-cards__item-title\">Prozess-Optimierung<\/h3>\n                            <\/article>\n                    <article class=\"evosys-icon-cards__item\">\n                                    <div class=\"evosys-icon-cards__icon\" style=\"--evosys-icon-cards-scale: 1.04;\" aria-hidden=\"true\">\n                        <svg width=\"512\" height=\"512\" viewBox=\"0 0 512 512\" fill=\"none\" xmlns=\"http:\/\/www.w3.org\/2000\/svg\" aria-hidden=\"true\" focusable=\"false\">\n<path d=\"M399.083 435.109H112.726C92.4728 435.109 76 418.637 76 398.384V113.726C76 93.4728 92.4728 77 112.726 77H399.074C419.327 77 435.8 93.4728 435.8 113.726V398.384C435.8 418.637 419.327 435.109 399.074 435.109H399.083ZM112.726 85.6699C97.2585 85.6699 84.6699 98.2585 84.6699 113.726V398.384C84.6699 413.851 97.2585 426.44 112.726 426.44H399.074C414.541 426.44 427.13 413.851 427.13 398.384V113.726C427.13 98.2585 414.541 85.6699 399.074 85.6699H112.726Z\" fill=\"#49B39F\"\/>\n<path d=\"M357.086 244.303H153.743V77H357.086V244.303ZM162.413 235.633H348.416V85.6699H162.413V235.633Z\" fill=\"#49B39F\"\/>\n<path d=\"M290.276 308.226H220.536V235.633H290.276V308.226ZM229.205 299.556H281.606V244.303H229.205V299.556Z\" fill=\"#49B39F\"\/>\n<path d=\"M303.983 398.722H279.144C278.485 394.89 276.985 391.353 274.826 388.301L292.392 370.736L286.262 364.606L268.697 382.171C265.654 380.013 262.125 378.513 258.293 377.854V303.882H249.623V377.854C245.791 378.513 242.245 380.021 239.202 382.18L221.628 364.606L215.498 370.736L233.072 388.318C230.913 391.361 229.414 394.899 228.755 398.722H203.898V407.392H243.303H252.155H254.478H303.992V398.722H303.983Z\" fill=\"#49B39F\"\/>\n<\/svg>                    <\/div>\n                \n                                    <h3 class=\"evosys-icon-cards__item-title\">Flexible Integration<\/h3>\n                            <\/article>\n                    <article class=\"evosys-icon-cards__item\">\n                                    <div class=\"evosys-icon-cards__icon\" style=\"--evosys-icon-cards-scale: 1.22;\" aria-hidden=\"true\">\n                        <svg width=\"512\" height=\"512\" viewBox=\"0 0 512 512\" fill=\"none\" xmlns=\"http:\/\/www.w3.org\/2000\/svg\" aria-hidden=\"true\" focusable=\"false\">\n<path d=\"M256.049 446C150.706 446 65 360.767 65 256.007C65 151.247 150.706 66 256.049 66C315.154 66 369.997 92.5803 406.522 138.925L415.394 150.187H259.945V174.802H428.878L430.728 178.942C438.45 196.226 443.51 214.541 445.753 233.357L446.678 241.149H259.945V265.764H447L446.299 273.36C444.575 292.274 440.034 310.729 432.802 328.221L431.022 332.542H259.945V357.143H418.394L410.223 368.238C374.328 416.939 316.695 446 256.049 446ZM256.049 79.9383C158.429 79.9383 79.0158 158.927 79.0158 256.007C79.0158 353.087 158.429 432.062 256.049 432.062C307.473 432.062 356.57 409.496 390.026 371.082H245.93V318.604H421.561C426.355 306.073 429.676 293.027 431.485 279.702H245.93V227.21H430.714C428.527 213.997 424.841 201.104 419.697 188.741H245.93V136.249H385.835C352.365 100.288 305.847 79.9383 256.049 79.9383Z\" fill=\"#49B39F\"\/>\n<\/svg>                    <\/div>\n                \n                                    <h3 class=\"evosys-icon-cards__item-title\">Konsistente Qualit\u00e4t<\/h3>\n                            <\/article>\n            <\/div>\n<\/section>\n    <section class=\"evosys-block evosys-section evosys-download-box\">\r\n                    <h2 class=\"evosys-section__title\">Download<\/h2>\r\n        \r\n                    <div class=\"evosys-download-box__grid\">\r\n                                    <article class=\"evosys-download-box__card\">\r\n                                                    <h3 class=\"evosys-download-box__card-title\">Datenblatt<\/h3>\r\n                        \r\n                                                    <a class=\"evosys-download-box__link\" href=\"https:\/\/www.evosys-laser.com\/wp-content\/uploads\/2026\/04\/INTEGO-EvoInspect-Planar-and-Radial-1.pdf\" download>\r\n                                <span>Dokument herunterladen<\/span>\r\n                                <span class=\"evosys-download-box__link-icon\">\r\n                                    <svg viewBox=\"0 0 20 20\" fill=\"none\" xmlns=\"http:\/\/www.w3.org\/2000\/svg\" aria-hidden=\"true\"><path d=\"M9.99805 4.53027L9.99805 15.4678\" stroke=\"currentColor\" stroke-width=\"2\" stroke-linecap=\"round\" stroke-linejoin=\"round\"\/><path d=\"M15.4668 9.99902L9.99805 15.4678L4.5293 9.99902\" stroke=\"currentColor\" stroke-width=\"2\" stroke-linecap=\"round\" stroke-linejoin=\"round\"\/><\/svg>                                <\/span>\r\n                            <\/a>\r\n                                            <\/article>\r\n                            <\/div>\r\n            <\/section>\r\n    ","protected":false},"excerpt":{"rendered":"","protected":false},"author":3,"featured_media":0,"parent":1706,"menu_order":0,"comment_status":"closed","ping_status":"closed","template":"","meta":{"_acf_changed":false,"footnotes":""},"class_list":["post-1773","page","type-page","status-publish","hentry"],"acf":[],"_links":{"self":[{"href":"https:\/\/www.evosys-laser.com\/de\/wp-json\/wp\/v2\/pages\/1773","targetHints":{"allow":["GET"]}}],"collection":[{"href":"https:\/\/www.evosys-laser.com\/de\/wp-json\/wp\/v2\/pages"}],"about":[{"href":"https:\/\/www.evosys-laser.com\/de\/wp-json\/wp\/v2\/types\/page"}],"author":[{"embeddable":true,"href":"https:\/\/www.evosys-laser.com\/de\/wp-json\/wp\/v2\/users\/3"}],"replies":[{"embeddable":true,"href":"https:\/\/www.evosys-laser.com\/de\/wp-json\/wp\/v2\/comments?post=1773"}],"version-history":[{"count":5,"href":"https:\/\/www.evosys-laser.com\/de\/wp-json\/wp\/v2\/pages\/1773\/revisions"}],"predecessor-version":[{"id":2101,"href":"https:\/\/www.evosys-laser.com\/de\/wp-json\/wp\/v2\/pages\/1773\/revisions\/2101"}],"up":[{"embeddable":true,"href":"https:\/\/www.evosys-laser.com\/de\/wp-json\/wp\/v2\/pages\/1706"}],"wp:attachment":[{"href":"https:\/\/www.evosys-laser.com\/de\/wp-json\/wp\/v2\/media?parent=1773"}],"curies":[{"name":"wp","href":"https:\/\/api.w.org\/{rel}","templated":true}]}}