{"id":1769,"date":"2026-03-25T13:55:00","date_gmt":"2026-03-25T13:55:00","guid":{"rendered":"https:\/\/evosys-laser.com\/loesungen-fuer-das-laserschweissen\/inspektionssysteme\/evoinspect-micro\/"},"modified":"2026-05-08T09:17:19","modified_gmt":"2026-05-08T09:17:19","slug":"evoinspect-micro","status":"publish","type":"page","link":"https:\/\/www.evosys-laser.com\/de\/loesungen-fuer-das-laserschweissen\/inspektionssysteme\/evoinspect-micro\/","title":{"rendered":"EvoInspect Micro"},"content":{"rendered":"<section id=\"hero-block_4f63d4a0b7e1db5c174615d1cc55fa1b\" class=\"evosys-block evosys-hero has-no-featured-post has-no-primary-cta evosys-hero--mobile-focus-top-right\">\n    <style>\n        @media (max-width: 900px) {\n            #hero-block_4f63d4a0b7e1db5c174615d1cc55fa1b .evosys-hero__media img {\n                object-position: right top;\n            }\n        }\n    <\/style>\n            <div\n            class=\"evosys-hero__media\"\n                    >\n            <picture>\n                                                    <source\n                        media=\"(max-width: 900px)\"\n                        type=\"image\/webp\"\n                        srcset=\"https:\/\/www.evosys-laser.com\/wp-content\/compressx-nextgen\/uploads\/2026\/04\/Header_EvoInspect_Micro_Mobile_Neu-768x1024.jpg.webp 768w, https:\/\/www.evosys-laser.com\/wp-content\/compressx-nextgen\/uploads\/2026\/04\/Header_EvoInspect_Micro_Mobile_Neu-225x300.jpg.webp 225w, https:\/\/www.evosys-laser.com\/wp-content\/compressx-nextgen\/uploads\/2026\/04\/Header_EvoInspect_Micro_Mobile_Neu-281x374.jpg.webp 281w, https:\/\/www.evosys-laser.com\/wp-content\/compressx-nextgen\/uploads\/2026\/04\/Header_EvoInspect_Micro_Mobile_Neu-561x748.jpg.webp 561w, https:\/\/www.evosys-laser.com\/wp-content\/compressx-nextgen\/uploads\/2026\/04\/Header_EvoInspect_Micro_Mobile_Neu.jpg.webp 1440w\"\n                        data-hero-mobile-webp-source\n                                                    sizes=\"100vw\"\n                                            >\n                                                    <source\n                        media=\"(max-width: 900px)\"\n                        srcset=\"https:\/\/www.evosys-laser.com\/wp-content\/uploads\/2026\/04\/Header_EvoInspect_Micro_Mobile_Neu-768x1024.jpg 768w, https:\/\/www.evosys-laser.com\/wp-content\/uploads\/2026\/04\/Header_EvoInspect_Micro_Mobile_Neu-225x300.jpg 225w, https:\/\/www.evosys-laser.com\/wp-content\/uploads\/2026\/04\/Header_EvoInspect_Micro_Mobile_Neu-281x374.jpg 281w, https:\/\/www.evosys-laser.com\/wp-content\/uploads\/2026\/04\/Header_EvoInspect_Micro_Mobile_Neu-561x748.jpg 561w, https:\/\/www.evosys-laser.com\/wp-content\/uploads\/2026\/04\/Header_EvoInspect_Micro_Mobile_Neu.jpg 1440w\"\n                                                    sizes=\"100vw\"\n                                                data-hero-mobile-source\n                    >\n                                                                    <source\n                        type=\"image\/webp\"\n                        srcset=\"https:\/\/www.evosys-laser.com\/wp-content\/compressx-nextgen\/uploads\/2026\/04\/Header_EvoInspect_Micro.png.webp 1280w, https:\/\/www.evosys-laser.com\/wp-content\/compressx-nextgen\/uploads\/2026\/04\/Header_EvoInspect_Micro-300x141.png.webp 300w, https:\/\/www.evosys-laser.com\/wp-content\/compressx-nextgen\/uploads\/2026\/04\/Header_EvoInspect_Micro-1024x480.png.webp 1024w, https:\/\/www.evosys-laser.com\/wp-content\/compressx-nextgen\/uploads\/2026\/04\/Header_EvoInspect_Micro-665x312.png.webp 665w\"\n                        data-hero-desktop-webp-source\n                                                    sizes=\"(max-width: 900px) 100vw, 1280px\"\n                                            >\n                                <source\n                    srcset=\"https:\/\/www.evosys-laser.com\/wp-content\/uploads\/2026\/04\/Header_EvoInspect_Micro.png 1280w, https:\/\/www.evosys-laser.com\/wp-content\/uploads\/2026\/04\/Header_EvoInspect_Micro-300x141.png 300w, https:\/\/www.evosys-laser.com\/wp-content\/uploads\/2026\/04\/Header_EvoInspect_Micro-1024x480.png 1024w, https:\/\/www.evosys-laser.com\/wp-content\/uploads\/2026\/04\/Header_EvoInspect_Micro-665x312.png 665w\"\n                                            sizes=\"(max-width: 900px) 100vw, 1280px\"\n                                        data-hero-desktop-source\n                >\n                <img\n                    src=\"https:\/\/www.evosys-laser.com\/wp-content\/uploads\/2026\/04\/Header_EvoInspect_Micro.png\"\n                    alt=\"\"\n                                            srcset=\"https:\/\/www.evosys-laser.com\/wp-content\/uploads\/2026\/04\/Header_EvoInspect_Micro.png 1280w, https:\/\/www.evosys-laser.com\/wp-content\/uploads\/2026\/04\/Header_EvoInspect_Micro-300x141.png 300w, https:\/\/www.evosys-laser.com\/wp-content\/uploads\/2026\/04\/Header_EvoInspect_Micro-1024x480.png 1024w, https:\/\/www.evosys-laser.com\/wp-content\/uploads\/2026\/04\/Header_EvoInspect_Micro-665x312.png 665w\"\n                                                                sizes=\"(max-width: 900px) 100vw, 1280px\"\n                                                                width=\"1280\"\n                                                                height=\"600\"\n                                        loading=\"eager\"\n                    fetchpriority=\"high\"\n                    decoding=\"async\"\n                    data-hero-image\n                    data-hero-desktop-alt=\"\"\n                    data-hero-mobile-alt=\"\"\n                >\n            <\/picture>\n        <\/div>\n        <div class=\"evosys-hero__overlay\"><\/div>\n    <div class=\"evosys-hero__content\">\n        <div class=\"evosys-hero__left\">\n            <h1 class=\"evosys-title evosys-hero__heading evosys-hero__heading--white\">EvoInspect Micro<\/h1>\n\n                    <\/div>\n\n            <\/div>\n<\/section>\n    <nav class=\"evosys-block evosys-breadcrumb\" aria-label=\"Breadcrumb\">\n        <ol class=\"evosys-breadcrumb__list\">\n                            <li class=\"evosys-breadcrumb__item\">\n                                            <a class=\"evosys-breadcrumb__link\" href=\"https:\/\/www.evosys-laser.com\/de\/\">\n                            Home                        <\/a>\n                                    <\/li>\n                    <\/ol>\n    <\/nav>\n<section class=\"evosys-block evosys-text-columns\">\n            <h2 class=\"evosys-section__title\">EvoInspect Micro &#8211; Tragbares Transmissionspr\u00fcfger\u00e4t<\/h2>\n    \n    <div class=\"evosys-columns\">\n        <div class=\"evosys-copy\"><p data-start=\"203\" data-end=\"484\">Das EvoInspect Micro ist ein tragbares Ger\u00e4t zur Pr\u00fcfung der optischen Transmission von Kunststoffkomponenten bei einer Wellenl\u00e4nge von etwa 980 nm. Es wurde f\u00fcr schnelle und einfache Messungen entwickelt und erm\u00f6glicht eine zuverl\u00e4ssige Bewertung der Materialeigenschaften direkt am Einsatzort. <\/p>\n<p data-start=\"486\" data-end=\"576\">Ein roter Pilotlaser markiert die Messposition und sorgt f\u00fcr pr\u00e4zise und wiederholbare Tests.<\/p>\n<\/div>\n                    <div class=\"evosys-copy\"><p data-start=\"583\" data-end=\"829\">Das Ger\u00e4t ist batteriebetrieben und bietet maximale Mobilit\u00e4t und Flexibilit\u00e4t f\u00fcr den Einsatz in der Produktion, der Qualit\u00e4tskontrolle oder im Labor. Eine integrierte Speicherfunktion speichert den letzten Messwert und unterst\u00fctzt so effiziente Arbeitsabl\u00e4ufe. <\/p>\n<p data-start=\"831\" data-end=\"960\">Das EvoInspect Micro wird in einem robusten Transportkoffer geliefert und ist eine praktische und zuverl\u00e4ssige L\u00f6sung f\u00fcr \u00dcbertragungspr\u00fcfungen vor Ort.<\/p>\n<\/div>\n            <\/div>\n<\/section>\n<section class=\"evosys-block evosys-section evosys-icon-cards\">\n            <h2 class=\"evosys-section__title\">Ihre Vorteile auf einen Blick<\/h2>\n    \n    <div class=\"evosys-icon-cards__grid\">\n                    <article class=\"evosys-icon-cards__item\">\n                                    <div class=\"evosys-icon-cards__icon\" style=\"--evosys-icon-cards-scale: 1.02;\" aria-hidden=\"true\">\n                        <svg width=\"512\" height=\"512\" viewBox=\"0 0 512 512\" fill=\"none\" xmlns=\"http:\/\/www.w3.org\/2000\/svg\" aria-hidden=\"true\" focusable=\"false\">\n<path d=\"M256.562 144.522C198.701 144.522 151.633 191.59 151.633 249.452C151.633 269.554 157.332 289.078 168.116 305.935C178.109 321.547 191.997 334.207 208.392 342.689V360.009C203.857 362.551 200.79 367.406 200.79 372.962V376.421C200.79 380.466 202.417 384.138 205.057 386.814C202.426 389.499 200.79 393.162 200.79 397.208V400.666C200.79 408.855 207.449 415.523 215.646 415.523H217.007V425.863C217.007 439.599 252.508 439.99 256.562 439.99C260.616 439.99 296.117 439.59 296.117 425.863V415.523H297.477C305.666 415.523 312.325 408.863 312.325 400.666V397.208C312.325 393.162 310.698 389.49 308.057 386.814C310.689 384.129 312.325 380.466 312.325 376.421V372.962C312.325 367.406 309.249 362.56 304.723 360.009V342.689C338.224 325.37 359.855 291.558 361.393 253.799V253.701C361.411 253.364 361.429 253.017 361.438 252.688C361.473 251.452 361.482 250.198 361.491 248.936V248.883C361.34 220.974 350.36 194.764 330.578 175.071C310.778 155.369 284.497 144.522 256.571 144.522H256.562ZM287.217 425.365C285.306 427.419 274.646 431.099 256.553 431.099C238.46 431.099 227.809 427.419 225.889 425.365V415.549H287.208V425.365H287.217ZM303.434 372.962V376.421C303.434 379.648 300.856 382.28 297.655 382.369C297.593 382.369 297.539 382.36 297.477 382.36H215.646C215.584 382.36 215.531 382.36 215.469 382.369C212.268 382.271 209.69 379.639 209.69 376.421V372.962C209.69 369.833 212.117 367.263 215.184 367.023H297.94C301.007 367.263 303.434 369.833 303.434 372.962ZM303.434 400.666C303.434 403.956 300.758 406.632 297.477 406.632H215.646C212.357 406.632 209.681 403.956 209.681 400.666V397.208C209.681 393.98 212.259 391.349 215.46 391.26C215.522 391.26 215.575 391.269 215.638 391.269H297.468C297.531 391.269 297.584 391.269 297.646 391.26C300.847 391.358 303.425 393.989 303.425 397.208V400.666H303.434ZM352.538 252.474C352.538 252.759 352.52 253.043 352.511 253.319V253.435C351.062 288.856 330.311 320.471 298.34 335.95L295.832 337.168V358.115H260.767V281.521C264.697 280.845 268.333 279.307 271.454 277.093L289.476 295.115L295.761 288.829L277.731 270.798C279.936 267.678 281.483 264.05 282.15 260.121H307.639V251.23H282.15C281.483 247.309 279.936 243.681 277.731 240.552L295.761 222.521L289.476 216.236L271.454 234.257C268.324 232.043 264.697 230.496 260.767 229.83V204.82H251.876V229.83C247.947 230.496 244.328 232.043 241.199 234.248L223.186 216.236L216.9 222.521L234.913 240.534C232.699 243.664 231.152 247.291 230.485 251.221H205.013V260.112H230.485C231.161 264.041 232.699 267.678 234.913 270.798L216.9 288.811L223.186 295.097L241.199 277.084C244.319 279.289 247.947 280.836 251.876 281.503V358.097H217.291V337.15L214.784 335.932C181.826 319.982 160.532 286.028 160.532 249.443C160.532 196.489 203.617 153.404 256.571 153.404C309.524 153.404 352.307 196.24 352.6 248.891C352.6 250.092 352.573 251.283 352.547 252.466L352.538 252.474Z\" fill=\"#49B39F\"\/>\n<path d=\"M260.474 72H251.583V115.485H260.474V72Z\" fill=\"#49B39F\"\/>\n<path d=\"M430.066 241.583H386.581V250.474H430.066V241.583Z\" fill=\"#49B39F\"\/>\n<path d=\"M125.485 241.583H82V250.474H125.485V241.583Z\" fill=\"#49B39F\"\/>\n<path d=\"M136.118 119.834L129.831 126.121L160.58 156.869L166.866 150.582L136.118 119.834Z\" fill=\"#49B39F\"\/>\n<path d=\"M375.938 119.807L345.19 150.556L351.476 156.842L382.225 126.094L375.938 119.807Z\" fill=\"#49B39F\"\/>\n<\/svg>                    <\/div>\n                \n                                    <h3 class=\"evosys-icon-cards__item-title\">Tragbar &amp; Flexibel<\/h3>\n                            <\/article>\n                    <article class=\"evosys-icon-cards__item\">\n                                    <div class=\"evosys-icon-cards__icon\" style=\"--evosys-icon-cards-scale: 1.12;\" aria-hidden=\"true\">\n                        <svg width=\"512\" height=\"512\" viewBox=\"0 0 512 512\" fill=\"none\" xmlns=\"http:\/\/www.w3.org\/2000\/svg\" aria-hidden=\"true\" focusable=\"false\">\n<path d=\"M437.3 409.17H333.63V182.04H437.3V409.17ZM343.63 399.17H427.3V192.04H343.63V399.17Z\" fill=\"#49B39F\"\/>\n<path d=\"M307.97 409.27H204.24V73H307.97V409.27ZM214.24 399.27H297.97V83H214.24V399.27Z\" fill=\"#49B39F\"\/>\n<path d=\"M178.84 409.1H75.17V239.22H178.84V409.1ZM85.17 399.1H168.84V249.22H85.17V399.1Z\" fill=\"#49B39F\"\/>\n<path d=\"M463.48 429.78H49V439.78H463.48V429.78Z\" fill=\"#49B39F\"\/>\n<\/svg>                    <\/div>\n                \n                                    <h3 class=\"evosys-icon-cards__item-title\">Pr\u00e4zise Messung<\/h3>\n                            <\/article>\n                    <article class=\"evosys-icon-cards__item\">\n                                    <div class=\"evosys-icon-cards__icon\" style=\"--evosys-icon-cards-scale: 1.22;\" aria-hidden=\"true\">\n                        <svg width=\"512\" height=\"512\" viewBox=\"0 0 512 512\" fill=\"none\" xmlns=\"http:\/\/www.w3.org\/2000\/svg\" aria-hidden=\"true\" focusable=\"false\">\n<path d=\"M256.049 446C150.706 446 65 360.767 65 256.007C65 151.247 150.706 66 256.049 66C315.154 66 369.997 92.5803 406.522 138.925L415.394 150.187H259.945V174.802H428.878L430.728 178.942C438.45 196.226 443.51 214.541 445.753 233.357L446.678 241.149H259.945V265.764H447L446.299 273.36C444.575 292.274 440.034 310.729 432.802 328.221L431.022 332.542H259.945V357.143H418.394L410.223 368.238C374.328 416.939 316.695 446 256.049 446ZM256.049 79.9383C158.429 79.9383 79.0158 158.927 79.0158 256.007C79.0158 353.087 158.429 432.062 256.049 432.062C307.473 432.062 356.57 409.496 390.026 371.082H245.93V318.604H421.561C426.355 306.073 429.676 293.027 431.485 279.702H245.93V227.21H430.714C428.527 213.997 424.841 201.104 419.697 188.741H245.93V136.249H385.835C352.365 100.288 305.847 79.9383 256.049 79.9383Z\" fill=\"#49B39F\"\/>\n<\/svg>                    <\/div>\n                \n                                    <h3 class=\"evosys-icon-cards__item-title\">Einfach zu benutzen<\/h3>\n                            <\/article>\n                    <article class=\"evosys-icon-cards__item\">\n                                    <div class=\"evosys-icon-cards__icon\" style=\"--evosys-icon-cards-scale: 1.04;\" aria-hidden=\"true\">\n                        <svg width=\"512\" height=\"512\" viewBox=\"0 0 512 512\" fill=\"none\" xmlns=\"http:\/\/www.w3.org\/2000\/svg\" aria-hidden=\"true\" focusable=\"false\">\n<path d=\"M393.177 130.685C375.25 96.0213 353.583 75.3253 335.22 75.3253C334.171 75.3253 96.0521 75 93.6488 75H89V437H93.6488C96.0521 436.991 333.977 436.665 335.22 436.665C353.064 436.665 375.176 415.458 392.917 381.324C412.032 344.541 423 298.874 423 256.005C423 213.135 412.134 167.338 393.177 130.685ZM384.937 134.96C385.865 136.754 386.775 138.584 387.665 140.424H249.268C247.254 136.057 245.139 131.791 242.921 127.665C232.38 108.065 220.596 93.2055 209.034 84.4512C270.935 84.5349 334.673 84.6185 335.229 84.6185C349.612 84.6185 369.135 104.376 384.947 134.96H384.937ZM98.2791 84.3025C111.029 84.3211 146.707 84.3676 186.634 84.4234V84.7765C214.694 84.7765 261.934 159.122 264.968 247.204L264.987 247.734C264.996 248.161 265.015 248.598 265.015 249.025V260.967L265.061 260.911C265.061 261.32 265.061 261.72 265.042 262.12C265.024 262.798 265.005 263.486 264.987 264.173C264.94 265.632 264.885 267.091 264.81 268.56C264.773 269.238 264.746 269.907 264.708 270.586C264.616 272.305 264.495 274.024 264.365 275.753C264.337 276.134 264.319 276.506 264.282 276.887C264.105 279.117 263.901 281.347 263.66 283.568C263.586 284.265 263.511 284.944 263.437 285.604C263.289 286.905 263.15 288.141 262.992 289.33C252.785 369.503 210.287 427.539 186.625 427.539V427.586C146.697 427.642 111.019 427.688 98.2698 427.707V84.3025H98.2791ZM335.22 427.372C334.561 427.372 271 427.456 209.201 427.539C218.805 420.096 228.622 408.367 237.864 393.024C240.017 389.446 242.095 385.748 244.081 381.947H382.033C366.834 409.315 348.378 427.372 335.211 427.372H335.22ZM386.895 372.654H248.674C260.319 347.841 268.522 319.413 272.206 290.492C272.289 289.86 272.364 289.2 272.447 288.54L273.987 290.083L274.275 289.795C277.523 292.081 281.29 293.679 285.364 294.376V321.002H294.643V294.376C298.707 293.679 302.465 292.081 305.713 289.795L324.419 308.53L330.98 301.96L312.291 283.243C314.611 279.991 316.226 276.217 316.94 272.119H339.34V262.826H316.977C316.291 258.709 314.695 254.899 312.384 251.628L330.84 233.143L324.28 226.573L305.833 245.039C302.558 242.697 298.753 241.07 294.624 240.364V213.711H285.345V240.355C281.225 241.061 277.421 242.678 274.154 245.011C272.8 212.624 265.386 179.094 253.295 149.727H391.887C405.852 182.198 413.712 220.058 413.712 256.014C413.712 295.752 403.969 337.953 386.886 372.663L386.895 372.654Z\" fill=\"#49B39F\"\/>\n<\/svg>                    <\/div>\n                \n                                    <h3 class=\"evosys-icon-cards__item-title\">Praktisches Design<\/h3>\n                            <\/article>\n            <\/div>\n<\/section>\n","protected":false},"excerpt":{"rendered":"","protected":false},"author":2,"featured_media":0,"parent":1706,"menu_order":0,"comment_status":"closed","ping_status":"closed","template":"","meta":{"_acf_changed":false,"footnotes":""},"class_list":["post-1769","page","type-page","status-publish","hentry"],"acf":[],"_links":{"self":[{"href":"https:\/\/www.evosys-laser.com\/de\/wp-json\/wp\/v2\/pages\/1769","targetHints":{"allow":["GET"]}}],"collection":[{"href":"https:\/\/www.evosys-laser.com\/de\/wp-json\/wp\/v2\/pages"}],"about":[{"href":"https:\/\/www.evosys-laser.com\/de\/wp-json\/wp\/v2\/types\/page"}],"author":[{"embeddable":true,"href":"https:\/\/www.evosys-laser.com\/de\/wp-json\/wp\/v2\/users\/2"}],"replies":[{"embeddable":true,"href":"https:\/\/www.evosys-laser.com\/de\/wp-json\/wp\/v2\/comments?post=1769"}],"version-history":[{"count":5,"href":"https:\/\/www.evosys-laser.com\/de\/wp-json\/wp\/v2\/pages\/1769\/revisions"}],"predecessor-version":[{"id":1988,"href":"https:\/\/www.evosys-laser.com\/de\/wp-json\/wp\/v2\/pages\/1769\/revisions\/1988"}],"up":[{"embeddable":true,"href":"https:\/\/www.evosys-laser.com\/de\/wp-json\/wp\/v2\/pages\/1706"}],"wp:attachment":[{"href":"https:\/\/www.evosys-laser.com\/de\/wp-json\/wp\/v2\/media?parent=1769"}],"curies":[{"name":"wp","href":"https:\/\/api.w.org\/{rel}","templated":true}]}}