{"id":1659,"date":"2026-03-24T12:47:34","date_gmt":"2026-03-24T12:47:34","guid":{"rendered":"https:\/\/evosys-laser.com\/laser-kunststoffschweissen\/transparent-to-transparent-welding-evoclear\/"},"modified":"2026-05-08T10:00:35","modified_gmt":"2026-05-08T10:00:35","slug":"transparent-auf-transparent-schweissen-evoclear","status":"publish","type":"page","link":"https:\/\/www.evosys-laser.com\/de\/laser-kunststoffschweissen\/transparent-auf-transparent-schweissen-evoclear\/","title":{"rendered":"Transparent-Transparent Schwei\u00dfen mit EvoClear"},"content":{"rendered":"<section id=\"hero-block_ad776bfe53bb70415168a97d3532402f\" class=\"evosys-block evosys-hero has-no-featured-post has-no-primary-cta evosys-hero--mobile-focus-center\">\n    <style>\n        @media (max-width: 900px) {\n            #hero-block_ad776bfe53bb70415168a97d3532402f .evosys-hero__media img {\n                object-position: center center;\n            }\n        }\n    <\/style>\n            <div\n            class=\"evosys-hero__media\"\n                    >\n            <picture>\n                                                    <source\n                        media=\"(max-width: 900px)\"\n                        type=\"image\/webp\"\n                        srcset=\"https:\/\/www.evosys-laser.com\/wp-content\/compressx-nextgen\/uploads\/2026\/04\/Header_EvoClear_Mobile-768x1024.png.webp 768w, https:\/\/www.evosys-laser.com\/wp-content\/compressx-nextgen\/uploads\/2026\/04\/Header_EvoClear_Mobile-225x300.png.webp 225w, https:\/\/www.evosys-laser.com\/wp-content\/compressx-nextgen\/uploads\/2026\/04\/Header_EvoClear_Mobile-281x374.png.webp 281w, https:\/\/www.evosys-laser.com\/wp-content\/compressx-nextgen\/uploads\/2026\/04\/Header_EvoClear_Mobile-561x748.png.webp 561w, https:\/\/www.evosys-laser.com\/wp-content\/compressx-nextgen\/uploads\/2026\/04\/Header_EvoClear_Mobile.png.webp 1440w\"\n                        data-hero-mobile-webp-source\n                                                    sizes=\"100vw\"\n                                            >\n                                                    <source\n                        media=\"(max-width: 900px)\"\n                        srcset=\"https:\/\/www.evosys-laser.com\/wp-content\/uploads\/2026\/04\/Header_EvoClear_Mobile-768x1024.png 768w, https:\/\/www.evosys-laser.com\/wp-content\/uploads\/2026\/04\/Header_EvoClear_Mobile-225x300.png 225w, https:\/\/www.evosys-laser.com\/wp-content\/uploads\/2026\/04\/Header_EvoClear_Mobile-281x374.png 281w, https:\/\/www.evosys-laser.com\/wp-content\/uploads\/2026\/04\/Header_EvoClear_Mobile-561x748.png 561w, https:\/\/www.evosys-laser.com\/wp-content\/uploads\/2026\/04\/Header_EvoClear_Mobile.png 1440w\"\n                                                    sizes=\"100vw\"\n                                                data-hero-mobile-source\n                    >\n                                                                    <source\n                        type=\"image\/webp\"\n                        srcset=\"https:\/\/www.evosys-laser.com\/wp-content\/compressx-nextgen\/uploads\/2026\/04\/Header_EVOClear.png.webp 1280w, https:\/\/www.evosys-laser.com\/wp-content\/compressx-nextgen\/uploads\/2026\/04\/Header_EVOClear-300x141.png.webp 300w, https:\/\/www.evosys-laser.com\/wp-content\/compressx-nextgen\/uploads\/2026\/04\/Header_EVOClear-1024x480.png.webp 1024w, https:\/\/www.evosys-laser.com\/wp-content\/compressx-nextgen\/uploads\/2026\/04\/Header_EVOClear-665x312.png.webp 665w\"\n                        data-hero-desktop-webp-source\n                                                    sizes=\"(max-width: 900px) 100vw, 1280px\"\n                                            >\n                                <source\n                    srcset=\"https:\/\/www.evosys-laser.com\/wp-content\/uploads\/2026\/04\/Header_EVOClear.png 1280w, https:\/\/www.evosys-laser.com\/wp-content\/uploads\/2026\/04\/Header_EVOClear-300x141.png 300w, https:\/\/www.evosys-laser.com\/wp-content\/uploads\/2026\/04\/Header_EVOClear-1024x480.png 1024w, https:\/\/www.evosys-laser.com\/wp-content\/uploads\/2026\/04\/Header_EVOClear-665x312.png 665w\"\n                                            sizes=\"(max-width: 900px) 100vw, 1280px\"\n                                        data-hero-desktop-source\n                >\n                <img\n                    src=\"https:\/\/www.evosys-laser.com\/wp-content\/uploads\/2026\/04\/Header_EVOClear.png\"\n                    alt=\"\"\n                                            srcset=\"https:\/\/www.evosys-laser.com\/wp-content\/uploads\/2026\/04\/Header_EVOClear.png 1280w, https:\/\/www.evosys-laser.com\/wp-content\/uploads\/2026\/04\/Header_EVOClear-300x141.png 300w, https:\/\/www.evosys-laser.com\/wp-content\/uploads\/2026\/04\/Header_EVOClear-1024x480.png 1024w, https:\/\/www.evosys-laser.com\/wp-content\/uploads\/2026\/04\/Header_EVOClear-665x312.png 665w\"\n                                                                sizes=\"(max-width: 900px) 100vw, 1280px\"\n                                                                width=\"1280\"\n                                                                height=\"600\"\n                                        loading=\"eager\"\n                    fetchpriority=\"high\"\n                    decoding=\"async\"\n                    data-hero-image\n                    data-hero-desktop-alt=\"\"\n                    data-hero-mobile-alt=\"\"\n                >\n            <\/picture>\n        <\/div>\n        <div class=\"evosys-hero__overlay\"><\/div>\n    <div class=\"evosys-hero__content\">\n        <div class=\"evosys-hero__left\">\n            <h1 class=\"evosys-title evosys-hero__heading evosys-hero__heading--white\">Transparent-Transparent Schwei\u00dfen mit EvoClear<\/h1>\n\n                    <\/div>\n\n            <\/div>\n<\/section>\n    <nav class=\"evosys-block evosys-breadcrumb\" aria-label=\"Breadcrumb\">\n        <ol class=\"evosys-breadcrumb__list\">\n                            <li class=\"evosys-breadcrumb__item\">\n                                            <a class=\"evosys-breadcrumb__link\" href=\"https:\/\/www.evosys-laser.com\/de\/\">\n                            Home                        <\/a>\n                                    <\/li>\n                    <\/ol>\n    <\/nav>\n<section class=\"evosys-block evosys-text-columns\">\n            <h2 class=\"evosys-section__title\">Laserschwei\u00dfen von transparenten Kunststoffen<\/h2>\n    \n    <div class=\"evosys-columns\">\n        <div class=\"evosys-copy\"><p data-start=\"187\" data-end=\"468\">EvoClear erm\u00f6glicht das Laserschwei\u00dfen von transparenten Kunststoffkomponenten, wodurch hochwertige und optisch einwandfreie Verbindungen ohne absorbierende Materialien m\u00f6glich sind. Dieses Verfahren ist ideal f\u00fcr Anwendungen, bei denen es auf optische Klarheit, Design und Materialreinheit ankommt. <\/p>\n<p data-start=\"470\" data-end=\"616\">Durch die pr\u00e4zise Steuerung des Energieeintrags k\u00f6nnen transparente Komponenten zuverl\u00e4ssig verbunden werden, wobei ihre optischen und funktionalen Eigenschaften erhalten bleiben.<\/p>\n<\/div>\n                    <div class=\"evosys-copy\"><p data-start=\"623\" data-end=\"890\">Das EvoClear-Verfahren unterst\u00fctzt stabile und reproduzierbare Ergebnisse, selbst bei anspruchsvollen Geometrien und empfindlichen Materialien. Es f\u00fcgt sich nahtlos in automatisierte Produktionsumgebungen ein und erm\u00f6glicht die effiziente Herstellung von hochwertigen Kunststoffkomponenten. <\/p>\n<p data-start=\"892\" data-end=\"1033\">Dies macht das Transparent-zu-Transparent-Laserschwei\u00dfen zu einer leistungsstarken L\u00f6sung f\u00fcr Anwendungen in der Medizin-, Konsumg\u00fcter- und anderen High-End-Industrien.<\/p>\n<\/div>\n            <\/div>\n<\/section>\n<section class=\"evosys-block evosys-split-media\">\n            <h2 class=\"evosys-section__title\">Technologie<\/h2>\n    \n    <div class=\"evosys-columns evosys-columns--media\">\n        <div class=\"evosys-copy\"><p data-start=\"122\" data-end=\"417\">Beim EvoClear-Schwei\u00dfen bestehen beide F\u00fcgepartner (LT1 und LT2) aus transparenten Materialien und werden vor dem Schwei\u00dfprozess vormontiert. Die Komponenten werden in \u00dcberlappung angeordnet und mit einer definierten Kraft zusammengepresst, um einen gleichm\u00e4\u00dfigen Kontakt und optimale Prozessbedingungen zu gew\u00e4hrleisten. <\/p>\n<p data-start=\"419\" data-end=\"796\">Beim Schwei\u00dfen durchdringt die Laserenergie beide transparenten Teile. Ein kontrollierter Teil der Energie wird in den Materialien absorbiert und f\u00fchrt zu einer lokalen Erw\u00e4rmung und zum Schmelzen beider F\u00fcgepartner. In der Kontaktzone verschmelzen die geschmolzenen Materialien miteinander und bilden eine starke, dauerhafte und optisch klare Schwei\u00dfnaht, ohne das optische Erscheinungsbild der Komponenten zu beeintr\u00e4chtigen.  <\/p>\n<p data-start=\"798\" data-end=\"1022\">Dieses Verfahren eignet sich besonders f\u00fcr Anwendungen, bei denen die Verwendung von absorbierenden Additiven nicht zul\u00e4ssig ist. Es erm\u00f6glicht eine qualitativ hochwertige Verbindung von transparenten Komponenten bei gleichzeitiger Wahrung der Materialreinheit und der Designanforderungen.<\/p>\n<\/div>\n                    <div class=\"evosys-columns__media-wrap\">\n                <div class=\"evosys-columns__media\">\n                                            <video\n                                                            autoplay muted loop\n                                                        playsinline\n                            preload=\"none\"\n                            data-evosys-defer-video\n                        >\n                            <source data-src=\"https:\/\/www.evosys-laser.com\/wp-content\/uploads\/2026\/04\/EvoClear.mp4\">\n                        <\/video>\n                                    <\/div>\n                            <\/div>\n            <\/div>\n<\/section>\n<section class=\"evosys-block evosys-consult-box\">\n            <h2 class=\"evosys-section__title\">M\u00f6chten Sie ein pers\u00f6nliches Beratungsgespr\u00e4ch?<\/h2>\n    \n    <div class=\"evosys-contact__card evosys-contact evosys-contact__card--consult\">\n                    <div class=\"evosys-contact__avatar-wrap evosys-contact__avatar-wrap--consult\">\n                <div class=\"evosys-contact__avatar evosys-contact__avatar--consult\">\n                    <picture><source type=\"image\/webp\" srcset=\"https:\/\/www.evosys-laser.com\/wp-content\/compressx-nextgen\/uploads\/2026\/03\/holger-aldebert-cta-300x261.png.webp 300w, https:\/\/www.evosys-laser.com\/wp-content\/compressx-nextgen\/uploads\/2026\/03\/holger-aldebert-cta.png.webp 768w\" sizes=\"(max-width: 900px) 50vw, 220px\"><img src=\"https:\/\/www.evosys-laser.com\/wp-content\/uploads\/2026\/03\/holger-aldebert-cta-300x261.png\" alt=\"\" loading=\"lazy\" decoding=\"async\" srcset=\"https:\/\/www.evosys-laser.com\/wp-content\/uploads\/2026\/03\/holger-aldebert-cta-300x261.png 300w, https:\/\/www.evosys-laser.com\/wp-content\/uploads\/2026\/03\/holger-aldebert-cta.png 768w\" sizes=\"(max-width: 900px) 50vw, 220px\" width=\"300\" height=\"261\"><\/picture>                <\/div>\n                            <\/div>\n        \n        <div class=\"evosys-contact__meta evosys-contact__meta--consult\">\n            <div class=\"evosys-copy\"><p>Wir sind f\u00fcr Sie da und arbeiten mit Ihnen zusammen, um die beste L\u00f6sung f\u00fcr Ihr Unternehmen zu finden. Rufen Sie uns an oder schicken Sie uns eine E-Mail! <\/p>\n<\/div>\n\n                            <div class=\"evosys-contact__details\">\n                                            <a class=\"evosys-contact__detail-link\" href=\"tel:+499131\u20134088\u20130\">\n                            <span class=\"evosys-icon evosys-icon--phone\" aria-hidden=\"true\"><\/span>\n                            +49 9131 \u2013 4088 \u2013 0                        <\/a>\n                    \n                                            <a class=\"evosys-contact__detail-link\" href=\"mailto:info@evosys-laser.com\">\n                            <span class=\"evosys-icon evosys-icon--mail\" aria-hidden=\"true\"><\/span>\n                            info@evosys-laser.com                        <\/a>\n                                    <\/div>\n            \n                    <\/div>\n    <\/div>\n<\/section>\n\n<p><\/p>\n","protected":false},"excerpt":{"rendered":"","protected":false},"author":2,"featured_media":0,"parent":1411,"menu_order":0,"comment_status":"closed","ping_status":"closed","template":"","meta":{"_acf_changed":false,"footnotes":""},"class_list":["post-1659","page","type-page","status-publish","hentry"],"acf":[],"_links":{"self":[{"href":"https:\/\/www.evosys-laser.com\/de\/wp-json\/wp\/v2\/pages\/1659","targetHints":{"allow":["GET"]}}],"collection":[{"href":"https:\/\/www.evosys-laser.com\/de\/wp-json\/wp\/v2\/pages"}],"about":[{"href":"https:\/\/www.evosys-laser.com\/de\/wp-json\/wp\/v2\/types\/page"}],"author":[{"embeddable":true,"href":"https:\/\/www.evosys-laser.com\/de\/wp-json\/wp\/v2\/users\/2"}],"replies":[{"embeddable":true,"href":"https:\/\/www.evosys-laser.com\/de\/wp-json\/wp\/v2\/comments?post=1659"}],"version-history":[{"count":8,"href":"https:\/\/www.evosys-laser.com\/de\/wp-json\/wp\/v2\/pages\/1659\/revisions"}],"predecessor-version":[{"id":2061,"href":"https:\/\/www.evosys-laser.com\/de\/wp-json\/wp\/v2\/pages\/1659\/revisions\/2061"}],"up":[{"embeddable":true,"href":"https:\/\/www.evosys-laser.com\/de\/wp-json\/wp\/v2\/pages\/1411"}],"wp:attachment":[{"href":"https:\/\/www.evosys-laser.com\/de\/wp-json\/wp\/v2\/media?parent=1659"}],"curies":[{"name":"wp","href":"https:\/\/api.w.org\/{rel}","templated":true}]}}