{"id":1652,"date":"2026-05-05T12:14:06","date_gmt":"2026-05-05T12:14:06","guid":{"rendered":"https:\/\/evosys-laser.com\/branchen\/andere-branchen\/"},"modified":"2026-05-08T10:03:18","modified_gmt":"2026-05-08T10:03:18","slug":"andere-branchen","status":"publish","type":"page","link":"https:\/\/www.evosys-laser.com\/de\/branchen\/andere-branchen\/","title":{"rendered":"Weitere Branchen"},"content":{"rendered":"<section id=\"hero-block_2bd05b83d82d43aa709cb97c140551bb\" class=\"evosys-block evosys-hero has-no-featured-post has-no-primary-cta evosys-hero--mobile-focus-center\">\n    <style>\n        @media (max-width: 900px) {\n            #hero-block_2bd05b83d82d43aa709cb97c140551bb .evosys-hero__media img {\n                object-position: center center;\n            }\n        }\n    <\/style>\n            <div\n            class=\"evosys-hero__media\"\n                    >\n            <picture>\n                                                                    <source\n                        media=\"(max-width: 900px)\"\n                        srcset=\"https:\/\/www.evosys-laser.com\/wp-content\/uploads\/2026\/05\/Header_otherIndustries_mobile2-768x1024.jpg 768w, https:\/\/www.evosys-laser.com\/wp-content\/uploads\/2026\/05\/Header_otherIndustries_mobile2-225x300.jpg 225w, https:\/\/www.evosys-laser.com\/wp-content\/uploads\/2026\/05\/Header_otherIndustries_mobile2-281x374.jpg 281w, https:\/\/www.evosys-laser.com\/wp-content\/uploads\/2026\/05\/Header_otherIndustries_mobile2-561x748.jpg 561w, https:\/\/www.evosys-laser.com\/wp-content\/uploads\/2026\/05\/Header_otherIndustries_mobile2.jpg 1440w\"\n                                                    sizes=\"100vw\"\n                                                data-hero-mobile-source\n                    >\n                                                                <source\n                    srcset=\"https:\/\/www.evosys-laser.com\/wp-content\/uploads\/2026\/05\/Header_otherIndustries2.jpg 1280w, https:\/\/www.evosys-laser.com\/wp-content\/uploads\/2026\/05\/Header_otherIndustries2-300x141.jpg 300w, https:\/\/www.evosys-laser.com\/wp-content\/uploads\/2026\/05\/Header_otherIndustries2-1024x480.jpg 1024w, https:\/\/www.evosys-laser.com\/wp-content\/uploads\/2026\/05\/Header_otherIndustries2-665x312.jpg 665w\"\n                                            sizes=\"(max-width: 900px) 100vw, 1280px\"\n                                        data-hero-desktop-source\n                >\n                <img\n                    src=\"https:\/\/www.evosys-laser.com\/wp-content\/uploads\/2026\/05\/Header_otherIndustries2.jpg\"\n                    alt=\"\"\n                                            srcset=\"https:\/\/www.evosys-laser.com\/wp-content\/uploads\/2026\/05\/Header_otherIndustries2.jpg 1280w, https:\/\/www.evosys-laser.com\/wp-content\/uploads\/2026\/05\/Header_otherIndustries2-300x141.jpg 300w, https:\/\/www.evosys-laser.com\/wp-content\/uploads\/2026\/05\/Header_otherIndustries2-1024x480.jpg 1024w, https:\/\/www.evosys-laser.com\/wp-content\/uploads\/2026\/05\/Header_otherIndustries2-665x312.jpg 665w\"\n                                                                sizes=\"(max-width: 900px) 100vw, 1280px\"\n                                                                width=\"1280\"\n                                                                height=\"600\"\n                                        loading=\"eager\"\n                    fetchpriority=\"high\"\n                    decoding=\"async\"\n                    data-hero-image\n                    data-hero-desktop-alt=\"\"\n                    data-hero-mobile-alt=\"\"\n                >\n            <\/picture>\n        <\/div>\n        <div class=\"evosys-hero__overlay\"><\/div>\n    <div class=\"evosys-hero__content\">\n        <div class=\"evosys-hero__left\">\n            <h1 class=\"evosys-title evosys-hero__heading evosys-hero__heading--white\">Weitere Branchen<\/h1>\n\n                    <\/div>\n\n            <\/div>\n<\/section>\n    <nav class=\"evosys-block evosys-breadcrumb\" aria-label=\"Breadcrumb\">\n        <ol class=\"evosys-breadcrumb__list\">\n                            <li class=\"evosys-breadcrumb__item\">\n                                            <a class=\"evosys-breadcrumb__link\" href=\"https:\/\/www.evosys-laser.com\/de\/\">\n                            Home                        <\/a>\n                                    <\/li>\n                    <\/ol>\n    <\/nav>\n<section class=\"evosys-block evosys-text-columns\">\n            <h2 class=\"evosys-section__title\">Flexibles Laser-Kunststoffschwei\u00dfen f\u00fcr spezialisierte Branchen<\/h2>\n    \n    <div class=\"evosys-columns\">\n        <div class=\"evosys-copy\"><p>Das Laser-Kunststoffschwei\u00dfen ist nicht auf gro\u00dfvolumige Anwendungen in der Automobil-, Medizin- oder Konsumg\u00fcterindustrie beschr\u00e4nkt. Viele spezialisierte Industrien profitieren von denselben Kernvorteilen: pr\u00e4ziser Energieeintrag, saubere F\u00fcgezonen, hohe Wiederholbarkeit und zuverl\u00e4ssige Integration in automatisierte Produktionsumgebungen. <\/p>\n<\/div>\n                    <div class=\"evosys-copy\"><p>EVOSYS unterst\u00fctzt Kunden in einer Vielzahl von M\u00e4rkten mit anwendungsspezifischen Lasersystemen f\u00fcr Kunststoffkomponenten, Baugruppen, Geh\u00e4use, Fluidikstrukturen und Funktionsteile. Ob es um Dichtigkeit, Designfreiheit, Hygiene, Prozessstabilit\u00e4t oder die schonende Bearbeitung empfindlicher Komponenten geht, unsere L\u00f6sungen sind auf das Material, die Geometrie und die Produktionsanforderungen der jeweiligen Anwendung zugeschnitten. <\/p>\n<\/div>\n            <\/div>\n<\/section>\n<section class=\"evosys-block evosys-section evosys-icon-features\">\n            <h2 class=\"evosys-section__title\">Vielseitige Anwendungen in verschiedenen Branchen<\/h2>\n    \n            <div class=\"evosys-icon-features__intro\"><p>Von Elektronik und Haushaltsprodukten bis hin zu Verpackung, Diagnostik, Filtration, Kosmetik und K\u00f6rperpflege &#8211; das Laser-Kunststoffschwei\u00dfen erm\u00f6glicht saubere und reproduzierbare F\u00fcgeprozesse f\u00fcr anspruchsvolle Kunststoffbaugruppen.<\/p>\n<\/div>\n    \n    <div class=\"evosys-icon-features__grid\">\n                    <article class=\"evosys-icon-features__item\">\n                                    <div class=\"evosys-icon-features__icon evosys-icon-features__image\">\n                        <img decoding=\"async\" width=\"300\" height=\"225\" src=\"https:\/\/www.evosys-laser.com\/wp-content\/uploads\/2026\/05\/Bauteil_Electronics-300x225.jpg\" class=\"evosys-icon-features__image-element\" alt=\"\" loading=\"lazy\" \/>                    <\/div>\n                \n                                    <h3 class=\"evosys-icon-features__item-title\">Elektronik &amp; Sensortechnik<\/h3>\n                \n                                    <div class=\"evosys-icon-features__text\"><p>Das Laser-Kunststoffschwei\u00dfen ist ideal f\u00fcr abgedichtete Sensorgeh\u00e4use, elektronische Steuereinheiten und Steckerabdeckungen, bei denen empfindliche Komponenten sauber, pr\u00e4zise und spannungsarm verbunden werden m\u00fcssen.<\/p>\n<\/div>\n                \n                            <\/article>\n                    <article class=\"evosys-icon-features__item\">\n                                    <div class=\"evosys-icon-features__icon evosys-icon-features__image\">\n                        <img decoding=\"async\" width=\"300\" height=\"225\" src=\"https:\/\/www.evosys-laser.com\/wp-content\/uploads\/2026\/05\/Bauteil_Household-300x225.jpg\" class=\"evosys-icon-features__image-element\" alt=\"\" loading=\"lazy\" \/>                    <\/div>\n                \n                                    <h3 class=\"evosys-icon-features__item-title\">Haushaltsger\u00e4te<\/h3>\n                \n                                    <div class=\"evosys-icon-features__text\"><p>Lasergeschwei\u00dfte Kunststoffverbindungen unterst\u00fctzen langlebige Pumpengeh\u00e4use, Wassertankkomponenten, Ger\u00e4teabdeckungen und Kartuschensysteme, die f\u00fcr den zuverl\u00e4ssigen t\u00e4glichen Gebrauch entwickelt wurden.<\/p>\n<\/div>\n                \n                            <\/article>\n                    <article class=\"evosys-icon-features__item\">\n                                    <div class=\"evosys-icon-features__icon evosys-icon-features__image\">\n                        <img decoding=\"async\" width=\"300\" height=\"225\" src=\"https:\/\/www.evosys-laser.com\/wp-content\/uploads\/2026\/05\/pexels-maymediadesign-33427061-scaled-e1777981830454-300x225.jpg\" class=\"evosys-icon-features__image-element\" alt=\"\" loading=\"lazy\" \/>                    <\/div>\n                \n                                    <h3 class=\"evosys-icon-features__item-title\">Industrielle Anwendungen<\/h3>\n                \n                                    <div class=\"evosys-icon-features__text\"><p>In industriellen Umgebungen erm\u00f6glicht das Laser-Kunststoffschwei\u00dfen robuste Maschinensensorabdeckungen, Aktuatorgeh\u00e4use, Beh\u00e4lter und technische Baugruppen mit wiederholbarer Prozessqualit\u00e4t.<\/p>\n<\/div>\n                \n                            <\/article>\n            <\/div>\n<\/section>\n<section class=\"evosys-block evosys-section evosys-icon-features\">\n    \n    \n    <div class=\"evosys-icon-features__grid\">\n                    <article class=\"evosys-icon-features__item\">\n                                    <div class=\"evosys-icon-features__icon evosys-icon-features__image\">\n                        <img decoding=\"async\" width=\"300\" height=\"225\" src=\"https:\/\/www.evosys-laser.com\/wp-content\/uploads\/2026\/05\/Bauteil_Verpackung-300x225.jpg\" class=\"evosys-icon-features__image-element\" alt=\"\" loading=\"lazy\" \/>                    <\/div>\n                \n                                    <h3 class=\"evosys-icon-features__item-title\">Verpackung<\/h3>\n                \n                                    <div class=\"evosys-icon-features__text\"><p>Mit dem Laser-Kunststoffschwei\u00dfen k\u00f6nnen saubere und reproduzierbare Verbindungen f\u00fcr geschwei\u00dfte Verschl\u00fcsse, Dosierkappen, technische Verpackungseins\u00e4tze und wiederbef\u00fcllbare Beh\u00e4lterkomponenten hergestellt werden.<\/p>\n<\/div>\n                \n                            <\/article>\n                    <article class=\"evosys-icon-features__item\">\n                                    <div class=\"evosys-icon-features__icon evosys-icon-features__image\">\n                        <img decoding=\"async\" width=\"300\" height=\"225\" src=\"https:\/\/www.evosys-laser.com\/wp-content\/uploads\/2026\/05\/Industries_Microfluidic-300x225.jpg\" class=\"evosys-icon-features__image-element\" alt=\"\" loading=\"lazy\" \/>                    <\/div>\n                \n                                    <h3 class=\"evosys-icon-features__item-title\">Mikrofluidik, Diagnostik &amp; Filtration<\/h3>\n                \n                                    <div class=\"evosys-icon-features__text\"><p>Das Laserschwei\u00dfen eignet sich hervorragend f\u00fcr diagnostische Kartuschen, mikrofluidische Kanalplatten, Filtergeh\u00e4use und Membranrahmen, die pr\u00e4zise und partikelfrei versiegelt werden m\u00fcssen.<\/p>\n<\/div>\n                \n                            <\/article>\n                    <article class=\"evosys-icon-features__item\">\n                                    <div class=\"evosys-icon-features__icon evosys-icon-features__image\">\n                        <img decoding=\"async\" width=\"300\" height=\"225\" src=\"https:\/\/www.evosys-laser.com\/wp-content\/uploads\/2026\/05\/Bauteil_Cosmetic-300x225.jpg\" class=\"evosys-icon-features__image-element\" alt=\"\" loading=\"lazy\" \/>                    <\/div>\n                \n                                    <h3 class=\"evosys-icon-features__item-title\">Kosmetika &amp; K\u00f6rperpflege<\/h3>\n                \n                                    <div class=\"evosys-icon-features__text\"><p>F\u00fcr Kosmetika und K\u00f6rperpflegeprodukte unterst\u00fctzt das Laser-Kunststoffschwei\u00dfen hochwertige Applikatoren, Dosiermechanismen, kompakte Verschl\u00fcsse und hygienische Ger\u00e4tegeh\u00e4use.<\/p>\n<\/div>\n                \n                            <\/article>\n            <\/div>\n<\/section>\n","protected":false},"excerpt":{"rendered":"","protected":false},"author":2,"featured_media":0,"parent":1427,"menu_order":0,"comment_status":"closed","ping_status":"closed","template":"","meta":{"_acf_changed":false,"footnotes":""},"class_list":["post-1652","page","type-page","status-publish","hentry"],"acf":[],"_links":{"self":[{"href":"https:\/\/www.evosys-laser.com\/de\/wp-json\/wp\/v2\/pages\/1652","targetHints":{"allow":["GET"]}}],"collection":[{"href":"https:\/\/www.evosys-laser.com\/de\/wp-json\/wp\/v2\/pages"}],"about":[{"href":"https:\/\/www.evosys-laser.com\/de\/wp-json\/wp\/v2\/types\/page"}],"author":[{"embeddable":true,"href":"https:\/\/www.evosys-laser.com\/de\/wp-json\/wp\/v2\/users\/2"}],"replies":[{"embeddable":true,"href":"https:\/\/www.evosys-laser.com\/de\/wp-json\/wp\/v2\/comments?post=1652"}],"version-history":[{"count":7,"href":"https:\/\/www.evosys-laser.com\/de\/wp-json\/wp\/v2\/pages\/1652\/revisions"}],"predecessor-version":[{"id":2067,"href":"https:\/\/www.evosys-laser.com\/de\/wp-json\/wp\/v2\/pages\/1652\/revisions\/2067"}],"up":[{"embeddable":true,"href":"https:\/\/www.evosys-laser.com\/de\/wp-json\/wp\/v2\/pages\/1427"}],"wp:attachment":[{"href":"https:\/\/www.evosys-laser.com\/de\/wp-json\/wp\/v2\/media?parent=1652"}],"curies":[{"name":"wp","href":"https:\/\/api.w.org\/{rel}","templated":true}]}}