{"id":1424,"date":"2026-03-23T15:03:45","date_gmt":"2026-03-23T15:03:45","guid":{"rendered":"https:\/\/evosys-laser.com\/laser-kunststoffschweissen\/absorbierend-zu-absorbierendem-schweissen-evo2step\/"},"modified":"2026-05-08T11:14:47","modified_gmt":"2026-05-08T11:14:47","slug":"absorbierend-zu-absorbierend-schweissen-evo2step","status":"publish","type":"page","link":"https:\/\/www.evosys-laser.com\/de\/laser-kunststoffschweissen\/absorbierend-zu-absorbierend-schweissen-evo2step\/","title":{"rendered":"Zweistufiges Laserschwei\u00dfen Evo2Step"},"content":{"rendered":"<section id=\"hero-block_133f80ec47ded5f875991b0942d5041e\" class=\"evosys-block evosys-hero has-no-featured-post has-no-primary-cta evosys-hero--mobile-focus-center\">\n    <style>\n        @media (max-width: 900px) {\n            #hero-block_133f80ec47ded5f875991b0942d5041e .evosys-hero__media img {\n                object-position: center center;\n            }\n        }\n    <\/style>\n            <div\n            class=\"evosys-hero__media\"\n                    >\n            <picture>\n                                                    <source\n                        media=\"(max-width: 900px)\"\n                        type=\"image\/webp\"\n                        srcset=\"https:\/\/www.evosys-laser.com\/wp-content\/compressx-nextgen\/uploads\/2026\/04\/Header_Evo2Step_Mobile-768x1024.png.webp 768w, https:\/\/www.evosys-laser.com\/wp-content\/compressx-nextgen\/uploads\/2026\/04\/Header_Evo2Step_Mobile-225x300.png.webp 225w, https:\/\/www.evosys-laser.com\/wp-content\/compressx-nextgen\/uploads\/2026\/04\/Header_Evo2Step_Mobile-281x374.png.webp 281w, https:\/\/www.evosys-laser.com\/wp-content\/compressx-nextgen\/uploads\/2026\/04\/Header_Evo2Step_Mobile-561x748.png.webp 561w, https:\/\/www.evosys-laser.com\/wp-content\/compressx-nextgen\/uploads\/2026\/04\/Header_Evo2Step_Mobile.png.webp 1440w\"\n                        data-hero-mobile-webp-source\n                                                    sizes=\"100vw\"\n                                            >\n                                                    <source\n                        media=\"(max-width: 900px)\"\n                        srcset=\"https:\/\/www.evosys-laser.com\/wp-content\/uploads\/2026\/04\/Header_Evo2Step_Mobile-768x1024.png 768w, https:\/\/www.evosys-laser.com\/wp-content\/uploads\/2026\/04\/Header_Evo2Step_Mobile-225x300.png 225w, https:\/\/www.evosys-laser.com\/wp-content\/uploads\/2026\/04\/Header_Evo2Step_Mobile-281x374.png 281w, https:\/\/www.evosys-laser.com\/wp-content\/uploads\/2026\/04\/Header_Evo2Step_Mobile-561x748.png 561w, https:\/\/www.evosys-laser.com\/wp-content\/uploads\/2026\/04\/Header_Evo2Step_Mobile.png 1440w\"\n                                                    sizes=\"100vw\"\n                                                data-hero-mobile-source\n                    >\n                                                                    <source\n                        type=\"image\/webp\"\n                        srcset=\"https:\/\/www.evosys-laser.com\/wp-content\/compressx-nextgen\/uploads\/2026\/04\/Header_Evo2Step-1.png.webp 1280w, https:\/\/www.evosys-laser.com\/wp-content\/compressx-nextgen\/uploads\/2026\/04\/Header_Evo2Step-1-300x141.png.webp 300w, https:\/\/www.evosys-laser.com\/wp-content\/compressx-nextgen\/uploads\/2026\/04\/Header_Evo2Step-1-1024x480.png.webp 1024w, https:\/\/www.evosys-laser.com\/wp-content\/compressx-nextgen\/uploads\/2026\/04\/Header_Evo2Step-1-665x312.png.webp 665w\"\n                        data-hero-desktop-webp-source\n                                                    sizes=\"(max-width: 900px) 100vw, 1280px\"\n                                            >\n                                <source\n                    srcset=\"https:\/\/www.evosys-laser.com\/wp-content\/uploads\/2026\/04\/Header_Evo2Step-1.png 1280w, https:\/\/www.evosys-laser.com\/wp-content\/uploads\/2026\/04\/Header_Evo2Step-1-300x141.png 300w, https:\/\/www.evosys-laser.com\/wp-content\/uploads\/2026\/04\/Header_Evo2Step-1-1024x480.png 1024w, https:\/\/www.evosys-laser.com\/wp-content\/uploads\/2026\/04\/Header_Evo2Step-1-665x312.png 665w\"\n                                            sizes=\"(max-width: 900px) 100vw, 1280px\"\n                                        data-hero-desktop-source\n                >\n                <img\n                    src=\"https:\/\/www.evosys-laser.com\/wp-content\/uploads\/2026\/04\/Header_Evo2Step-1.png\"\n                    alt=\"\"\n                                            srcset=\"https:\/\/www.evosys-laser.com\/wp-content\/uploads\/2026\/04\/Header_Evo2Step-1.png 1280w, https:\/\/www.evosys-laser.com\/wp-content\/uploads\/2026\/04\/Header_Evo2Step-1-300x141.png 300w, https:\/\/www.evosys-laser.com\/wp-content\/uploads\/2026\/04\/Header_Evo2Step-1-1024x480.png 1024w, https:\/\/www.evosys-laser.com\/wp-content\/uploads\/2026\/04\/Header_Evo2Step-1-665x312.png 665w\"\n                                                                sizes=\"(max-width: 900px) 100vw, 1280px\"\n                                                                width=\"1280\"\n                                                                height=\"600\"\n                                        loading=\"eager\"\n                    fetchpriority=\"high\"\n                    decoding=\"async\"\n                    data-hero-image\n                    data-hero-desktop-alt=\"\"\n                    data-hero-mobile-alt=\"\"\n                >\n            <\/picture>\n        <\/div>\n        <div class=\"evosys-hero__overlay\"><\/div>\n    <div class=\"evosys-hero__content\">\n        <div class=\"evosys-hero__left\">\n            <h1 class=\"evosys-title evosys-hero__heading evosys-hero__heading--white\">Zweistufiges Laserschwei\u00dfen Evo2Step<\/h1>\n\n                    <\/div>\n\n            <\/div>\n<\/section>\n    <nav class=\"evosys-block evosys-breadcrumb\" aria-label=\"Breadcrumb\">\n        <ol class=\"evosys-breadcrumb__list\">\n                            <li class=\"evosys-breadcrumb__item\">\n                                            <a class=\"evosys-breadcrumb__link\" href=\"https:\/\/www.evosys-laser.com\/de\/\">\n                            Home                        <\/a>\n                                    <\/li>\n                    <\/ol>\n    <\/nav>\n<section class=\"evosys-block evosys-text-columns\">\n            <h2 class=\"evosys-section__title\">Laserschwei\u00dfen f\u00fcr absorbierende Kunststoffmaterialien<\/h2>\n    \n    <div class=\"evosys-columns\">\n        <div class=\"evosys-copy\"><p data-start=\"221\" data-end=\"524\">Evo2Step Laserschwei\u00dfen von absorbierenden Kunststoffen erm\u00f6glicht das zuverl\u00e4ssige F\u00fcgen von Komponenten, bei denen beide F\u00fcgepartner die Laserenergie absorbieren. Dieser Ansatz eignet sich besonders f\u00fcr Anwendungen, bei denen transparente Materialien nicht m\u00f6glich sind oder bei denen besondere Materialeigenschaften erforderlich sind. <\/p>\n<p data-start=\"526\" data-end=\"678\">Das Verfahren erm\u00f6glicht einen pr\u00e4zisen Energieeintrag und erzeugt starke, haltbare Schwei\u00dfn\u00e4hte bei gleichzeitig hoher Flexibilit\u00e4t in der Materialauswahl und im Bauteildesign.<\/p>\n<\/div>\n                    <div class=\"evosys-copy\"><p data-start=\"685\" data-end=\"973\">Durch die Verwendung von angepassten Laserparametern und einer Prozesssteuerung k\u00f6nnen selbst bei komplexen Geometrien stabile und reproduzierbare Ergebnisse erzielt werden. Das Verfahren unterst\u00fctzt die effiziente Integration in automatisierte Produktionsumgebungen und gew\u00e4hrleistet eine gleichbleibende Qualit\u00e4t in der Gro\u00dfserienfertigung. <\/p>\n<p data-start=\"975\" data-end=\"1082\">Dies macht das absorbierende Laserschwei\u00dfen zu einer robusten L\u00f6sung f\u00fcr eine Vielzahl von industriellen Anwendungen.<\/p>\n<\/div>\n            <\/div>\n<\/section>\n<section class=\"evosys-block evosys-split-media\">\n            <h2 class=\"evosys-section__title\">Technologie<\/h2>\n    \n    <div class=\"evosys-columns evosys-columns--media\">\n        <div class=\"evosys-copy\"><p data-start=\"191\" data-end=\"479\">Beim absorbierenden Laserschwei\u00dfen Evo2Step bestehen beide F\u00fcgepartner (LA1 und LA2) aus laserabsorbierenden Materialien und werden separat in definierten Nestern positioniert. Jede Komponente verf\u00fcgt \u00fcber eine eigene Schwei\u00dfrippe, die direkt der Laserstrahlung ausgesetzt ist. <\/p>\n<p data-start=\"481\" data-end=\"742\">W\u00e4hrend der Erhitzungsphase wird die Laserenergie genau auf diese Rippen aufgebracht, so dass beide F\u00fcgepartner lokal schmelzen. Das Material wird kontrolliert erw\u00e4rmt, um einen gleichm\u00e4\u00dfigen Energieeintrag zu gew\u00e4hrleisten und die Komponenten f\u00fcr einen stabilen F\u00fcgeprozess vorzubereiten. <\/p>\n<p data-start=\"749\" data-end=\"998\">Sobald der gew\u00fcnschte Schmelzzustand erreicht ist, wird der Laser abgeschaltet und die Komponenten werden mit einer definierten Kraft zusammengepresst. Die geschmolzenen Rippen verschmelzen und schaffen eine starke und dauerhafte Verbindung, wenn das Material erstarrt. <\/p>\n<p data-start=\"1000\" data-end=\"1247\">Dieses Verfahren eignet sich besonders f\u00fcr Anwendungen, bei denen keine transparenten Materialien verwendet werden k\u00f6nnen, wie z. B. faserverst\u00e4rkte Kunststoffe (z. B. Kohlefasermaterialien), sowie f\u00fcr gro\u00dfe Bauteile, komplexe Geometrien und neue Materialkombinationen.<\/p>\n<\/div>\n                    <div class=\"evosys-columns__media-wrap\">\n                <div class=\"evosys-columns__media\">\n                                            <video\n                                                            autoplay muted loop\n                                                        playsinline\n                            preload=\"none\"\n                            data-evosys-defer-video\n                        >\n                            <source data-src=\"https:\/\/www.evosys-laser.com\/wp-content\/uploads\/2026\/04\/Evo2Step_1.mp4\">\n                        <\/video>\n                                    <\/div>\n                            <\/div>\n            <\/div>\n<\/section>\n<section class=\"evosys-block evosys-section evosys-icon-features\">\n            <h2 class=\"evosys-section__title\">Vorteile &amp; Nutzen<\/h2>\n    \n    \n    <div class=\"evosys-icon-features__grid\">\n                    <article class=\"evosys-icon-features__item\">\n                                    <div class=\"evosys-icon-features__icon\" aria-hidden=\"true\">\n                        <svg width=\"512\" height=\"512\" viewBox=\"0 0 512 512\" fill=\"none\" xmlns=\"http:\/\/www.w3.org\/2000\/svg\" aria-hidden=\"true\" focusable=\"false\">\n<path d=\"M256.562 144.522C198.701 144.522 151.633 191.59 151.633 249.452C151.633 269.554 157.332 289.078 168.116 305.935C178.109 321.547 191.997 334.207 208.392 342.689V360.009C203.857 362.551 200.79 367.406 200.79 372.962V376.421C200.79 380.466 202.417 384.138 205.057 386.814C202.426 389.499 200.79 393.162 200.79 397.208V400.666C200.79 408.855 207.449 415.523 215.646 415.523H217.007V425.863C217.007 439.599 252.508 439.99 256.562 439.99C260.616 439.99 296.117 439.59 296.117 425.863V415.523H297.477C305.666 415.523 312.325 408.863 312.325 400.666V397.208C312.325 393.162 310.698 389.49 308.057 386.814C310.689 384.129 312.325 380.466 312.325 376.421V372.962C312.325 367.406 309.249 362.56 304.723 360.009V342.689C338.224 325.37 359.855 291.558 361.393 253.799V253.701C361.411 253.364 361.429 253.017 361.438 252.688C361.473 251.452 361.482 250.198 361.491 248.936V248.883C361.34 220.974 350.36 194.764 330.578 175.071C310.778 155.369 284.497 144.522 256.571 144.522H256.562ZM287.217 425.365C285.306 427.419 274.646 431.099 256.553 431.099C238.46 431.099 227.809 427.419 225.889 425.365V415.549H287.208V425.365H287.217ZM303.434 372.962V376.421C303.434 379.648 300.856 382.28 297.655 382.369C297.593 382.369 297.539 382.36 297.477 382.36H215.646C215.584 382.36 215.531 382.36 215.469 382.369C212.268 382.271 209.69 379.639 209.69 376.421V372.962C209.69 369.833 212.117 367.263 215.184 367.023H297.94C301.007 367.263 303.434 369.833 303.434 372.962ZM303.434 400.666C303.434 403.956 300.758 406.632 297.477 406.632H215.646C212.357 406.632 209.681 403.956 209.681 400.666V397.208C209.681 393.98 212.259 391.349 215.46 391.26C215.522 391.26 215.575 391.269 215.638 391.269H297.468C297.531 391.269 297.584 391.269 297.646 391.26C300.847 391.358 303.425 393.989 303.425 397.208V400.666H303.434ZM352.538 252.474C352.538 252.759 352.52 253.043 352.511 253.319V253.435C351.062 288.856 330.311 320.471 298.34 335.95L295.832 337.168V358.115H260.767V281.521C264.697 280.845 268.333 279.307 271.454 277.093L289.476 295.115L295.761 288.829L277.731 270.798C279.936 267.678 281.483 264.05 282.15 260.121H307.639V251.23H282.15C281.483 247.309 279.936 243.681 277.731 240.552L295.761 222.521L289.476 216.236L271.454 234.257C268.324 232.043 264.697 230.496 260.767 229.83V204.82H251.876V229.83C247.947 230.496 244.328 232.043 241.199 234.248L223.186 216.236L216.9 222.521L234.913 240.534C232.699 243.664 231.152 247.291 230.485 251.221H205.013V260.112H230.485C231.161 264.041 232.699 267.678 234.913 270.798L216.9 288.811L223.186 295.097L241.199 277.084C244.319 279.289 247.947 280.836 251.876 281.503V358.097H217.291V337.15L214.784 335.932C181.826 319.982 160.532 286.028 160.532 249.443C160.532 196.489 203.617 153.404 256.571 153.404C309.524 153.404 352.307 196.24 352.6 248.891C352.6 250.092 352.573 251.283 352.547 252.466L352.538 252.474Z\" fill=\"#49B39F\"\/>\n<path d=\"M260.474 72H251.583V115.485H260.474V72Z\" fill=\"#49B39F\"\/>\n<path d=\"M430.066 241.583H386.581V250.474H430.066V241.583Z\" fill=\"#49B39F\"\/>\n<path d=\"M125.485 241.583H82V250.474H125.485V241.583Z\" fill=\"#49B39F\"\/>\n<path d=\"M136.118 119.834L129.831 126.121L160.58 156.869L166.866 150.582L136.118 119.834Z\" fill=\"#49B39F\"\/>\n<path d=\"M375.938 119.807L345.19 150.556L351.476 156.842L382.225 126.094L375.938 119.807Z\" fill=\"#49B39F\"\/>\n<\/svg>                    <\/div>\n                \n                                    <h3 class=\"evosys-icon-features__item-title\">Vorteile<\/h3>\n                \n                                    <div class=\"evosys-icon-features__text\"><p>Das absorbierende Laserschwei\u00dfen erm\u00f6glicht die Verwendung fortschrittlicher Materialien wie PPS (GC+GF)40, PA6T oder PA9T und ist aufgrund der identischen Materialeigenschaften beider F\u00fcgepartner weniger empfindlich gegen\u00fcber den Bedingungen vor dem Schwei\u00dfen.<\/p>\n<p>Der pr\u00e4zise Energieeintrag entlang des Schwei\u00dfpfads erm\u00f6glicht das saubere, partikelfreie F\u00fcgen komplexer Geometrien und unterst\u00fctzt ein einfaches Bauteildesign mit hoher Reproduzierbarkeit.<\/p>\n<\/div>\n                \n                            <\/article>\n                    <article class=\"evosys-icon-features__item\">\n                                    <div class=\"evosys-icon-features__icon\" aria-hidden=\"true\">\n                        <svg width=\"512\" height=\"512\" viewBox=\"0 0 512 512\" fill=\"none\" xmlns=\"http:\/\/www.w3.org\/2000\/svg\" aria-hidden=\"true\" focusable=\"false\">\n<path d=\"M230.84 340.04L263.15 368.77L263.38 368.96C263.46 369.02 263.54 369.09 263.64 369.18L270.09 361.53C269.96 361.42 269.83 361.31 269.7 361.2L237.49 332.56L230.85 340.03L230.84 340.04Z\" fill=\"#FF774B\"\/>\n<path d=\"M432.17 210.74H369.39L334.89 189.73C307.36 172.96 276.08 177.29 248.1 201.4H180.07L146.84 213.49H73.69C59.73 213.49 48.37 224.85 48.37 238.81V305.65H133.34L234.38 386.39L243.77 393.52C246.91 396.01 250.66 397.22 254.39 397.22C259.41 397.22 264.39 395.02 267.77 390.81L272.27 385.19C273.85 383.22 274.92 380.99 275.5 378.68L277.13 379.98C280.7 382.84 285.17 384.13 289.71 383.63C294.25 383.13 298.33 380.88 301.18 377.31L305.68 371.69C307.27 369.71 308.41 367.38 309.05 364.91C312.16 366.67 315.74 367.42 319.35 367.01C323.89 366.51 327.97 364.26 330.82 360.69L335.32 355.07C336.93 353.06 338.04 350.81 338.66 348.48C342 350.71 345.98 351.67 350.02 351.22C354.56 350.71 358.63 348.47 361.49 344.9L365.99 339.28C368.85 335.71 370.14 331.24 369.63 326.7C369.13 322.25 366.96 318.26 363.52 315.42L369.99 309.15H438.31C452.27 309.15 463.63 297.79 463.63 283.83V210.76H432.15L432.17 210.74ZM58.38 295.64V238.8C58.38 230.35 65.25 223.48 73.7 223.48H80.37V295.64H58.38ZM90.37 295.64V223.48H104.4V295.64H90.37ZM358.19 333.01L353.69 338.63C352.5 340.12 350.81 341.05 348.92 341.26C347.05 341.46 345.21 340.94 343.73 339.78L334.29 331.88C333.93 331.52 333.54 331.18 333.14 330.86L313.02 314.07L289.7 294.54L285.61 291.18L279.63 299.22L306.6 321.73L327.5 339.23C329.8 341.69 329.87 345.87 327.53 348.8L323.03 354.42C321.84 355.9 320.15 356.84 318.26 357.05C316.4 357.25 314.58 356.74 313.11 355.59L261.21 310L257.25 306.6L250.98 314.4L297.09 354.89L297.27 355.04C298.66 356.15 299.5 357.84 299.63 359.79C299.77 361.8 299.13 363.85 297.89 365.41L293.39 371.03C292.2 372.51 290.51 373.45 288.62 373.66C286.74 373.87 284.87 373.33 283.39 372.14L270.16 361.56L263.69 369.18C266.48 371.7 266.83 375.97 264.48 378.91L259.98 384.53C257.53 387.59 253.05 388.09 249.98 385.64L240.6 378.52L136.87 295.63H114.41V223.47H148.62L181.85 211.38H237.35L197.93 248.52C194.41 251.84 192.39 256.34 192.26 261.18C192.13 266.02 193.89 270.62 197.23 274.13C205.9 283.24 225.9 281.09 235.08 272.78L265.39 243.22L311.83 285.12L357 322.94L357.09 323.01C358.58 324.2 359.51 325.89 359.72 327.78C359.93 329.67 359.39 331.52 358.21 333.01H358.19ZM365.96 299.12L355.83 308.93L318.44 277.63L265.04 229.44L264.04 230.55L228.29 265.42C222.81 270.31 209.14 272.14 204.47 267.23C202.98 265.66 202.19 263.61 202.25 261.45C202.31 259.29 203.21 257.28 204.78 255.8L249.04 214.09L249.11 214.02C275.42 188.22 304.03 182.62 329.69 198.25L366.58 220.72H397.64V299.11H365.96V299.12ZM407.64 299.12V220.73H422.17V299.12H407.64ZM453.65 283.8C453.65 292.25 446.78 299.12 438.33 299.12H432.17V220.73H453.65V283.8Z\" fill=\"#FF774B\"\/>\n<\/svg>                    <\/div>\n                \n                                    <h3 class=\"evosys-icon-features__item-title\">Benefits<\/h3>\n                \n                                    <div class=\"evosys-icon-features__text\"><p>Das Verfahren bietet eine hohe Flexibilit\u00e4t mit Werkzeugwechselzeiten von etwa einer Minute, was schnelle Anpassungen und eine effiziente Produktion erm\u00f6glicht. Au\u00dferdem wird der Energieverbrauch im Vergleich zu anderen Technologien auf weniger als 10 % gesenkt, was zu einer nachhaltigeren Produktion beitr\u00e4gt. <\/p>\n<p>Dar\u00fcber hinaus erlaubt das Verfahren das Schwei\u00dfen von recycelten Materialien und erm\u00f6glicht die einfache Integration von Inspektionssystemen, die eine gleichbleibende Qualit\u00e4t und eine zuverl\u00e4ssige Prozess\u00fcberwachung gew\u00e4hrleisten.<\/p>\n<\/div>\n                \n                            <\/article>\n                    <article class=\"evosys-icon-features__item\">\n                                    <div class=\"evosys-icon-features__icon\" aria-hidden=\"true\">\n                        <svg width=\"512\" height=\"512\" viewBox=\"0 0 512 512\" fill=\"none\" xmlns=\"http:\/\/www.w3.org\/2000\/svg\" aria-hidden=\"true\" focusable=\"false\">\n<path d=\"M256.049 446C150.706 446 65 360.767 65 256.007C65 151.247 150.706 66 256.049 66C315.154 66 369.997 92.5803 406.522 138.925L415.394 150.187H259.945V174.802H428.878L430.728 178.942C438.45 196.226 443.51 214.541 445.753 233.357L446.678 241.149H259.945V265.764H447L446.299 273.36C444.575 292.274 440.034 310.729 432.802 328.221L431.022 332.542H259.945V357.143H418.394L410.223 368.238C374.328 416.939 316.695 446 256.049 446ZM256.049 79.9383C158.429 79.9383 79.0158 158.927 79.0158 256.007C79.0158 353.087 158.429 432.062 256.049 432.062C307.473 432.062 356.57 409.496 390.026 371.082H245.93V318.604H421.561C426.355 306.073 429.676 293.027 431.485 279.702H245.93V227.21H430.714C428.527 213.997 424.841 201.104 419.697 188.741H245.93V136.249H385.835C352.365 100.288 305.847 79.9383 256.049 79.9383Z\" fill=\"#093951\"\/>\n<\/svg>                    <\/div>\n                \n                                    <h3 class=\"evosys-icon-features__item-title\">Neue M\u00f6glichkeiten<\/h3>\n                \n                                    <div class=\"evosys-icon-features__text\"><p>Das Verfahren erm\u00f6glicht die Vormontage von Komponenten direkt im Geh\u00e4use, was effizientere Produktionsabl\u00e4ufe erm\u00f6glicht und den Bearbeitungsaufwand reduziert. Es unterst\u00fctzt auch das Schwei\u00dfen spezieller Materialien und er\u00f6ffnet damit neue M\u00f6glichkeiten f\u00fcr fortschrittliche Anwendungen und Produktdesigns. <\/p>\n<p>Gleichzeitig k\u00f6nnen sowohl das Design der Komponenten als auch der Werkzeuge einfach gehalten werden, was dazu beitr\u00e4gt, die Komplexit\u00e4t zu reduzieren, die Kosten zu senken und zuverl\u00e4ssige und reproduzierbare Fertigungsprozesse zu gew\u00e4hrleisten.<\/p>\n<\/div>\n                \n                            <\/article>\n            <\/div>\n<\/section>\n<section class=\"evosys-block evosys-consult-box\">\n            <h2 class=\"evosys-section__title\">M\u00f6chten Sie ein pers\u00f6nliches Beratungsgespr\u00e4ch?<\/h2>\n    \n    <div class=\"evosys-contact__card evosys-contact evosys-contact__card--consult\">\n                    <div class=\"evosys-contact__avatar-wrap evosys-contact__avatar-wrap--consult\">\n                <div class=\"evosys-contact__avatar evosys-contact__avatar--consult\">\n                    <picture><source type=\"image\/webp\" srcset=\"https:\/\/www.evosys-laser.com\/wp-content\/compressx-nextgen\/uploads\/2026\/03\/holger-aldebert-cta-300x261.png.webp 300w, https:\/\/www.evosys-laser.com\/wp-content\/compressx-nextgen\/uploads\/2026\/03\/holger-aldebert-cta.png.webp 768w\" sizes=\"(max-width: 900px) 50vw, 220px\"><img src=\"https:\/\/www.evosys-laser.com\/wp-content\/uploads\/2026\/03\/holger-aldebert-cta-300x261.png\" alt=\"\" loading=\"lazy\" decoding=\"async\" srcset=\"https:\/\/www.evosys-laser.com\/wp-content\/uploads\/2026\/03\/holger-aldebert-cta-300x261.png 300w, https:\/\/www.evosys-laser.com\/wp-content\/uploads\/2026\/03\/holger-aldebert-cta.png 768w\" sizes=\"(max-width: 900px) 50vw, 220px\" width=\"300\" height=\"261\"><\/picture>                <\/div>\n                            <\/div>\n        \n        <div class=\"evosys-contact__meta evosys-contact__meta--consult\">\n            <div class=\"evosys-copy\"><p>Wir sind f\u00fcr Sie da und arbeiten mit Ihnen zusammen, um die beste L\u00f6sung f\u00fcr Ihr Unternehmen zu finden. Rufen Sie uns an oder schicken Sie uns eine E-Mail! <\/p>\n<\/div>\n\n                            <div class=\"evosys-contact__details\">\n                                            <a class=\"evosys-contact__detail-link\" href=\"tel:+499131\u20134088\u20130\">\n                            <span class=\"evosys-icon evosys-icon--phone\" aria-hidden=\"true\"><\/span>\n                            +49 9131 \u2013 4088 \u2013 0                        <\/a>\n                    \n                                            <a class=\"evosys-contact__detail-link\" href=\"mailto:info@evosys-laser.com\">\n                            <span class=\"evosys-icon evosys-icon--mail\" aria-hidden=\"true\"><\/span>\n                            info@evosys-laser.com                        <\/a>\n                                    <\/div>\n            \n                    <\/div>\n    <\/div>\n<\/section>\n","protected":false},"excerpt":{"rendered":"","protected":false},"author":2,"featured_media":0,"parent":1411,"menu_order":0,"comment_status":"closed","ping_status":"closed","template":"","meta":{"_acf_changed":false,"footnotes":""},"class_list":["post-1424","page","type-page","status-publish","hentry"],"acf":[],"_links":{"self":[{"href":"https:\/\/www.evosys-laser.com\/de\/wp-json\/wp\/v2\/pages\/1424","targetHints":{"allow":["GET"]}}],"collection":[{"href":"https:\/\/www.evosys-laser.com\/de\/wp-json\/wp\/v2\/pages"}],"about":[{"href":"https:\/\/www.evosys-laser.com\/de\/wp-json\/wp\/v2\/types\/page"}],"author":[{"embeddable":true,"href":"https:\/\/www.evosys-laser.com\/de\/wp-json\/wp\/v2\/users\/2"}],"replies":[{"embeddable":true,"href":"https:\/\/www.evosys-laser.com\/de\/wp-json\/wp\/v2\/comments?post=1424"}],"version-history":[{"count":8,"href":"https:\/\/www.evosys-laser.com\/de\/wp-json\/wp\/v2\/pages\/1424\/revisions"}],"predecessor-version":[{"id":2099,"href":"https:\/\/www.evosys-laser.com\/de\/wp-json\/wp\/v2\/pages\/1424\/revisions\/2099"}],"up":[{"embeddable":true,"href":"https:\/\/www.evosys-laser.com\/de\/wp-json\/wp\/v2\/pages\/1411"}],"wp:attachment":[{"href":"https:\/\/www.evosys-laser.com\/de\/wp-json\/wp\/v2\/media?parent=1424"}],"curies":[{"name":"wp","href":"https:\/\/api.w.org\/{rel}","templated":true}]}}