{"id":1406,"date":"2026-03-20T11:09:18","date_gmt":"2026-03-20T11:09:18","guid":{"rendered":"https:\/\/evosys-laser.com\/medizintechnik\/"},"modified":"2026-05-08T09:44:49","modified_gmt":"2026-05-08T09:44:49","slug":"medizintechnik","status":"publish","type":"page","link":"https:\/\/www.evosys-laser.com\/de\/branchen\/medizintechnik\/","title":{"rendered":"Medizintechnik"},"content":{"rendered":"<section id=\"hero-block_822010d3b5fa4808f165f895b0318d21\" class=\"evosys-block evosys-hero has-no-featured-post has-primary-cta evosys-hero--mobile-focus-center\">\n    <style>\n        @media (max-width: 900px) {\n            #hero-block_822010d3b5fa4808f165f895b0318d21 .evosys-hero__media img {\n                object-position: center center;\n            }\n        }\n    <\/style>\n            <div\n            class=\"evosys-hero__media\"\n                    >\n            <picture>\n                                                    <source\n                        media=\"(max-width: 900px)\"\n                        type=\"image\/webp\"\n                        srcset=\"https:\/\/www.evosys-laser.com\/wp-content\/compressx-nextgen\/uploads\/2026\/04\/Header_Medical_Mobile-768x1024.png.webp 768w, https:\/\/www.evosys-laser.com\/wp-content\/compressx-nextgen\/uploads\/2026\/04\/Header_Medical_Mobile-225x300.png.webp 225w, https:\/\/www.evosys-laser.com\/wp-content\/compressx-nextgen\/uploads\/2026\/04\/Header_Medical_Mobile-281x374.png.webp 281w, https:\/\/www.evosys-laser.com\/wp-content\/compressx-nextgen\/uploads\/2026\/04\/Header_Medical_Mobile-561x748.png.webp 561w, https:\/\/www.evosys-laser.com\/wp-content\/compressx-nextgen\/uploads\/2026\/04\/Header_Medical_Mobile.png.webp 1440w\"\n                        data-hero-mobile-webp-source\n                                                    sizes=\"100vw\"\n                                            >\n                                                    <source\n                        media=\"(max-width: 900px)\"\n                        srcset=\"https:\/\/www.evosys-laser.com\/wp-content\/uploads\/2026\/04\/Header_Medical_Mobile-768x1024.png 768w, https:\/\/www.evosys-laser.com\/wp-content\/uploads\/2026\/04\/Header_Medical_Mobile-225x300.png 225w, https:\/\/www.evosys-laser.com\/wp-content\/uploads\/2026\/04\/Header_Medical_Mobile-281x374.png 281w, https:\/\/www.evosys-laser.com\/wp-content\/uploads\/2026\/04\/Header_Medical_Mobile-561x748.png 561w, https:\/\/www.evosys-laser.com\/wp-content\/uploads\/2026\/04\/Header_Medical_Mobile.png 1440w\"\n                                                    sizes=\"100vw\"\n                                                data-hero-mobile-source\n                    >\n                                                                    <source\n                        type=\"image\/webp\"\n                        srcset=\"https:\/\/www.evosys-laser.com\/wp-content\/compressx-nextgen\/uploads\/2026\/04\/Header_Medical.jpg.webp\"\n                        data-hero-desktop-webp-source\n                                                    sizes=\"(max-width: 900px) 100vw, 1280px\"\n                                            >\n                                <source\n                    srcset=\"https:\/\/www.evosys-laser.com\/wp-content\/uploads\/2026\/04\/Header_Medical.jpg\"\n                                            sizes=\"(max-width: 900px) 100vw, 1280px\"\n                                        data-hero-desktop-source\n                >\n                <img\n                    src=\"https:\/\/www.evosys-laser.com\/wp-content\/uploads\/2026\/04\/Header_Medical.jpg\"\n                    alt=\"\"\n                                                                sizes=\"(max-width: 900px) 100vw, 1280px\"\n                                                                width=\"1280\"\n                                                                height=\"600\"\n                                        loading=\"eager\"\n                    fetchpriority=\"high\"\n                    decoding=\"async\"\n                    data-hero-image\n                    data-hero-desktop-alt=\"\"\n                    data-hero-mobile-alt=\"\"\n                >\n            <\/picture>\n        <\/div>\n        <div class=\"evosys-hero__overlay\"><\/div>\n    <div class=\"evosys-hero__content\">\n        <div class=\"evosys-hero__left\">\n            <h1 class=\"evosys-title evosys-hero__heading evosys-hero__heading--white\">Medizintechnik<\/h1>\n\n                            <a class=\"evosys-button evosys-button--hero-light evosys-hero__primary-cta\" href=\"https:\/\/www.evosys-laser.com\/de\/laser-kunststoffschweissen\/\" target=\"_self\">\n                    Erfahren Sie mehr \u00fcber unsere Schwei\u00dfprozesse                <\/a>\n                    <\/div>\n\n            <\/div>\n<\/section>\n    <nav class=\"evosys-block evosys-breadcrumb\" aria-label=\"Breadcrumb\">\n        <ol class=\"evosys-breadcrumb__list\">\n                            <li class=\"evosys-breadcrumb__item\">\n                                            <a class=\"evosys-breadcrumb__link\" href=\"https:\/\/www.evosys-laser.com\/de\/\">\n                            Home                        <\/a>\n                                    <\/li>\n                    <\/ol>\n    <\/nav>\n<section class=\"evosys-block evosys-text-columns\">\n            <h2 class=\"evosys-section__title\">Zuverl\u00e4ssiges Laserschwei\u00dfen f\u00fcr medizinische Anwendungen<\/h2>\n    \n    <div class=\"evosys-columns\">\n        <div class=\"evosys-copy\"><p data-start=\"252\" data-end=\"606\">Als Technologiepartner unterst\u00fctzen wir Hersteller in der medizinischen und pharmazeutischen Industrie mit hochpr\u00e4zisen und zuverl\u00e4ssigen Lasersystemen. Unsere L\u00f6sungen erm\u00f6glichen das hygienische und partikelfreie F\u00fcgen von Kunststoffkomponenten, die in medizinischen Ger\u00e4ten, Verbrauchsmaterialien und mikrofluidischen Anwendungen verwendet werden, bei denen Produktsicherheit und Qualit\u00e4t entscheidend sind. <\/p>\n<p data-start=\"608\" data-end=\"753\">Wir entwickeln ma\u00dfgeschneiderte Schwei\u00dfl\u00f6sungen, die die strengen gesetzlichen Anforderungen erf\u00fcllen und gleichzeitig eine saubere Verarbeitung und eine hervorragende Integrit\u00e4t der Komponenten gew\u00e4hrleisten.<\/p>\n<\/div>\n                    <div class=\"evosys-copy\"><p data-start=\"760\" data-end=\"1004\">Unsere Systeme sind f\u00fcr stabile, reproduzierbare Prozesse und eine nahtlose Integration in automatisierte Produktionsumgebungen konzipiert. Dies gew\u00e4hrleistet gleichbleibende Qualit\u00e4t in der Gro\u00dfserienfertigung und unterst\u00fctzt validierte Produktionsprozesse. <\/p>\n<p data-start=\"1006\" data-end=\"1251\">Mit weltweit eingesetzten Systemen und einem starken Servicenetzwerk erm\u00f6glichen wir einen zuverl\u00e4ssigen 24\/7-Betrieb und schnellen Support. Als Teil der Evosys-Gruppe helfen wir unseren Kunden, eine effiziente, gesetzeskonforme und zukunftssichere Produktion im medizinischen Bereich aufrechtzuerhalten. <\/p>\n<\/div>\n            <\/div>\n<\/section>\n<section class=\"evosys-block evosys-section evosys-module-slider\">\n            <h2 class=\"evosys-section__title\">Nur Vorteile<\/h2>\n    \n    <div class=\"evosys-module-slider__layout\" data-module-slider>\n        <div class=\"evosys-module-slider__copy evosys-copy evosys-copy--dark\">\n            <p class=\"\">Das Laserschwei\u00dfen von Kunststoffen ist eine etablierte Verbindungstechnik in der medizinischen Industrie. Sie erm\u00f6glicht pr\u00e4zise, partikelfreie und zuverl\u00e4ssige Verbindungen f\u00fcr Komponenten mit strengen Sauberkeits- und Qualit\u00e4tsanforderungen. <\/p>\n<p class=\"\">Es ist schnell, sauber, prozesssicher und ideal f\u00fcr anspruchsvolle medizinische Anwendungen.<\/p>\n        <\/div>\n\n        <div class=\"evosys-module-slider__right\">\n                            <div class=\"evosys-module-slider__viewport\">\n                    <div class=\"evosys-module-slider__track\" data-module-slider-track>\n                                                                                <article class=\"evosys-module-slider__slide is-active\" data-module-slide>\n                                <div class=\"evosys-module-slider__tile\">\n                                                                            <figure class=\"evosys-module-slider__image\">\n                                            <img src=\"https:\/\/www.evosys-laser.com\/wp-content\/uploads\/2026\/04\/PoC_Bauteil_Medical_4x3.png\" alt=\"\" loading=\"lazy\" decoding=\"async\" width=\"800\" height=\"600\">                                        <\/figure>\n                                                                    <\/div>\n\n                                                            <\/article>\n                                                                                <article class=\"evosys-module-slider__slide\" data-module-slide>\n                                <div class=\"evosys-module-slider__tile\">\n                                                                            <figure class=\"evosys-module-slider__image\">\n                                            <img src=\"https:\/\/www.evosys-laser.com\/wp-content\/uploads\/2026\/04\/Bauteil_Medical_Stock.png\" alt=\"\" loading=\"lazy\" decoding=\"async\" width=\"800\" height=\"450\">                                        <\/figure>\n                                                                    <\/div>\n\n                                                            <\/article>\n                                                                                <article class=\"evosys-module-slider__slide\" data-module-slide>\n                                <div class=\"evosys-module-slider__tile\">\n                                                                            <figure class=\"evosys-module-slider__image\">\n                                            <img src=\"https:\/\/www.evosys-laser.com\/wp-content\/uploads\/2026\/04\/Bauteil_Medical_Blutdruck_4x3.jpg\" alt=\"\" loading=\"lazy\" decoding=\"async\" width=\"800\" height=\"600\">                                        <\/figure>\n                                                                    <\/div>\n\n                                                            <\/article>\n                                            <\/div>\n                <\/div>\n\n                <div class=\"evosys-module-slider__controls\">\n                    <button class=\"evosys-control-button evosys-module-slider__control evosys-module-slider__control--prev\" type=\"button\" aria-label=\"Vorheriges Element\" data-module-slider-prev>\n                        <svg class=\"evosys-tabs__icon-svg evosys-tabs__icon-svg--arrow\" viewBox=\"0 0 20 20\" fill=\"none\" xmlns=\"http:\/\/www.w3.org\/2000\/svg\" aria-hidden=\"true\"><path d=\"M15 10.4688L4.0625 10.4688\" stroke=\"currentColor\" stroke-width=\"2\" stroke-linecap=\"round\" stroke-linejoin=\"round\"\/><path d=\"M9.53125 5L4.0625 10.4688L9.5313 15.9375\" stroke=\"currentColor\" stroke-width=\"2\" stroke-linecap=\"round\" stroke-linejoin=\"round\"\/><\/svg>                    <\/button>\n                    <button class=\"evosys-control-button evosys-module-slider__control evosys-module-slider__control--next\" type=\"button\" aria-label=\"N\u00e4chstes Element\" data-module-slider-next>\n                        <svg class=\"evosys-tabs__icon-svg evosys-tabs__icon-svg--arrow\" viewBox=\"0 0 20 20\" fill=\"none\" xmlns=\"http:\/\/www.w3.org\/2000\/svg\" aria-hidden=\"true\"><path d=\"M5 10.4688L15.9375 10.4688\" stroke=\"currentColor\" stroke-width=\"2\" stroke-linecap=\"round\" stroke-linejoin=\"round\"\/><path d=\"M10.4688 5L15.9375 10.4688L10.4687 15.9375\" stroke=\"currentColor\" stroke-width=\"2\" stroke-linecap=\"round\" stroke-linejoin=\"round\"\/><\/svg>                    <\/button>\n                <\/div>\n                    <\/div>\n    <\/div>\n<\/section>\n<section class=\"evosys-block evosys-split-media\">\n            <h2 class=\"evosys-section__title\">Anwendungsbeispiel<\/h2>\n    \n    <div class=\"evosys-columns evosys-columns--media\">\n        <div class=\"evosys-copy\"><p data-start=\"293\" data-end=\"533\">Die abgebildete Spritzenkomponente wird durch Laserschwei\u00dfen verbunden, um eine pr\u00e4zise und dauerhafte Verbindung zwischen den einzelnen Kunststoffteilen herzustellen. Das Verfahren gew\u00e4hrleistet eine sichere Abdichtung und erh\u00e4lt gleichzeitig die Funktionsf\u00e4higkeit der empfindlichen Geometrien. <\/p>\n<p data-start=\"535\" data-end=\"733\">Dank des kontrollierten Energieeintrags und der ber\u00fchrungslosen Verarbeitung kann das Bauteil effizient und konsistent hergestellt werden und eignet sich daher gut f\u00fcr die Gro\u00dfserienproduktion von medizinischen Einwegartikeln.<\/p>\n<\/div>\n                    <div class=\"evosys-columns__media-wrap\">\n                <div class=\"evosys-columns__media\">\n                                            <img src=\"https:\/\/www.evosys-laser.com\/wp-content\/uploads\/2026\/04\/GER_Bauteil_Medical_16x9.png\" alt=\"\" loading=\"lazy\" decoding=\"async\" width=\"665\" height=\"374\">                                    <\/div>\n                            <\/div>\n            <\/div>\n<\/section>\n<section class=\"evosys-block evosys-consult-box\">\n            <h2 class=\"evosys-section__title\">M\u00f6chten Sie ein pers\u00f6nliches Beratungsgespr\u00e4ch?<\/h2>\n    \n    <div class=\"evosys-contact__card evosys-contact evosys-contact__card--consult\">\n                    <div class=\"evosys-contact__avatar-wrap evosys-contact__avatar-wrap--consult\">\n                <div class=\"evosys-contact__avatar evosys-contact__avatar--consult\">\n                    <picture><source type=\"image\/webp\" srcset=\"https:\/\/www.evosys-laser.com\/wp-content\/compressx-nextgen\/uploads\/2026\/03\/holger-aldebert-cta-300x261.png.webp 300w, https:\/\/www.evosys-laser.com\/wp-content\/compressx-nextgen\/uploads\/2026\/03\/holger-aldebert-cta.png.webp 768w\" sizes=\"(max-width: 900px) 50vw, 220px\"><img src=\"https:\/\/www.evosys-laser.com\/wp-content\/uploads\/2026\/03\/holger-aldebert-cta-300x261.png\" alt=\"\" loading=\"lazy\" decoding=\"async\" srcset=\"https:\/\/www.evosys-laser.com\/wp-content\/uploads\/2026\/03\/holger-aldebert-cta-300x261.png 300w, https:\/\/www.evosys-laser.com\/wp-content\/uploads\/2026\/03\/holger-aldebert-cta.png 768w\" sizes=\"(max-width: 900px) 50vw, 220px\" width=\"300\" height=\"261\"><\/picture>                <\/div>\n                            <\/div>\n        \n        <div class=\"evosys-contact__meta evosys-contact__meta--consult\">\n            <div class=\"evosys-copy\"><p>Wir sind f\u00fcr Sie da und arbeiten mit Ihnen zusammen, um die beste L\u00f6sung f\u00fcr Ihr Unternehmen zu finden. Rufen Sie uns an oder schicken Sie uns eine E-Mail! <\/p>\n<\/div>\n\n                            <div class=\"evosys-contact__details\">\n                                            <a class=\"evosys-contact__detail-link\" href=\"tel:+499131\u20134088\u20130\">\n                            <span class=\"evosys-icon evosys-icon--phone\" aria-hidden=\"true\"><\/span>\n                            +49 9131 \u2013 4088 \u2013 0                        <\/a>\n                    \n                                            <a class=\"evosys-contact__detail-link\" href=\"mailto:info@evosys-laser.com\">\n                            <span class=\"evosys-icon evosys-icon--mail\" aria-hidden=\"true\"><\/span>\n                            info@evosys-laser.com                        <\/a>\n                                    <\/div>\n            \n                    <\/div>\n    <\/div>\n<\/section>\n\n<p><\/p>\n","protected":false},"excerpt":{"rendered":"","protected":false},"author":2,"featured_media":0,"parent":1427,"menu_order":0,"comment_status":"closed","ping_status":"closed","template":"","meta":{"_acf_changed":false,"footnotes":""},"class_list":["post-1406","page","type-page","status-publish","hentry"],"acf":[],"_links":{"self":[{"href":"https:\/\/www.evosys-laser.com\/de\/wp-json\/wp\/v2\/pages\/1406","targetHints":{"allow":["GET"]}}],"collection":[{"href":"https:\/\/www.evosys-laser.com\/de\/wp-json\/wp\/v2\/pages"}],"about":[{"href":"https:\/\/www.evosys-laser.com\/de\/wp-json\/wp\/v2\/types\/page"}],"author":[{"embeddable":true,"href":"https:\/\/www.evosys-laser.com\/de\/wp-json\/wp\/v2\/users\/2"}],"replies":[{"embeddable":true,"href":"https:\/\/www.evosys-laser.com\/de\/wp-json\/wp\/v2\/comments?post=1406"}],"version-history":[{"count":3,"href":"https:\/\/www.evosys-laser.com\/de\/wp-json\/wp\/v2\/pages\/1406\/revisions"}],"predecessor-version":[{"id":2026,"href":"https:\/\/www.evosys-laser.com\/de\/wp-json\/wp\/v2\/pages\/1406\/revisions\/2026"}],"up":[{"embeddable":true,"href":"https:\/\/www.evosys-laser.com\/de\/wp-json\/wp\/v2\/pages\/1427"}],"wp:attachment":[{"href":"https:\/\/www.evosys-laser.com\/de\/wp-json\/wp\/v2\/media?parent=1406"}],"curies":[{"name":"wp","href":"https:\/\/api.w.org\/{rel}","templated":true}]}}