{"id":1404,"date":"2026-03-20T11:09:27","date_gmt":"2026-03-20T11:09:27","guid":{"rendered":"https:\/\/evosys-laser.com\/konsumgueter\/"},"modified":"2026-05-08T10:01:53","modified_gmt":"2026-05-08T10:01:53","slug":"konsumgueter","status":"publish","type":"page","link":"https:\/\/www.evosys-laser.com\/de\/branchen\/konsumgueter\/","title":{"rendered":"Konsumg\u00fcter"},"content":{"rendered":"<section id=\"hero-block_7f46e89aa2fb054f6b63745ba3ba9a64\" class=\"evosys-block evosys-hero has-no-featured-post has-primary-cta evosys-hero--mobile-focus-center\">\n    <style>\n        @media (max-width: 900px) {\n            #hero-block_7f46e89aa2fb054f6b63745ba3ba9a64 .evosys-hero__media img {\n                object-position: center center;\n            }\n        }\n    <\/style>\n            <div\n            class=\"evosys-hero__media\"\n                    >\n            <picture>\n                                                    <source\n                        media=\"(max-width: 900px)\"\n                        type=\"image\/webp\"\n                        srcset=\"https:\/\/www.evosys-laser.com\/wp-content\/compressx-nextgen\/uploads\/2026\/04\/Header_Consumer_Mobile-768x1024.png.webp 768w, https:\/\/www.evosys-laser.com\/wp-content\/compressx-nextgen\/uploads\/2026\/04\/Header_Consumer_Mobile-225x300.png.webp 225w, https:\/\/www.evosys-laser.com\/wp-content\/compressx-nextgen\/uploads\/2026\/04\/Header_Consumer_Mobile-281x374.png.webp 281w, https:\/\/www.evosys-laser.com\/wp-content\/compressx-nextgen\/uploads\/2026\/04\/Header_Consumer_Mobile-561x748.png.webp 561w, https:\/\/www.evosys-laser.com\/wp-content\/compressx-nextgen\/uploads\/2026\/04\/Header_Consumer_Mobile.png.webp 1440w\"\n                        data-hero-mobile-webp-source\n                                                    sizes=\"100vw\"\n                                            >\n                                                    <source\n                        media=\"(max-width: 900px)\"\n                        srcset=\"https:\/\/www.evosys-laser.com\/wp-content\/uploads\/2026\/04\/Header_Consumer_Mobile-768x1024.png 768w, https:\/\/www.evosys-laser.com\/wp-content\/uploads\/2026\/04\/Header_Consumer_Mobile-225x300.png 225w, https:\/\/www.evosys-laser.com\/wp-content\/uploads\/2026\/04\/Header_Consumer_Mobile-281x374.png 281w, https:\/\/www.evosys-laser.com\/wp-content\/uploads\/2026\/04\/Header_Consumer_Mobile-561x748.png 561w, https:\/\/www.evosys-laser.com\/wp-content\/uploads\/2026\/04\/Header_Consumer_Mobile.png 1440w\"\n                                                    sizes=\"100vw\"\n                                                data-hero-mobile-source\n                    >\n                                                                    <source\n                        type=\"image\/webp\"\n                        srcset=\"https:\/\/www.evosys-laser.com\/wp-content\/compressx-nextgen\/uploads\/2026\/04\/Header_Consumer.jpg.webp\"\n                        data-hero-desktop-webp-source\n                                                    sizes=\"(max-width: 900px) 100vw, 1280px\"\n                                            >\n                                <source\n                    srcset=\"https:\/\/www.evosys-laser.com\/wp-content\/uploads\/2026\/04\/Header_Consumer.jpg\"\n                                            sizes=\"(max-width: 900px) 100vw, 1280px\"\n                                        data-hero-desktop-source\n                >\n                <img\n                    src=\"https:\/\/www.evosys-laser.com\/wp-content\/uploads\/2026\/04\/Header_Consumer.jpg\"\n                    alt=\"\"\n                                                                sizes=\"(max-width: 900px) 100vw, 1280px\"\n                                                                width=\"1280\"\n                                                                height=\"600\"\n                                        loading=\"eager\"\n                    fetchpriority=\"high\"\n                    decoding=\"async\"\n                    data-hero-image\n                    data-hero-desktop-alt=\"\"\n                    data-hero-mobile-alt=\"\"\n                >\n            <\/picture>\n        <\/div>\n        <div class=\"evosys-hero__overlay\"><\/div>\n    <div class=\"evosys-hero__content\">\n        <div class=\"evosys-hero__left\">\n            <h1 class=\"evosys-title evosys-hero__heading evosys-hero__heading--white\">Konsumg\u00fcter<\/h1>\n\n                            <a class=\"evosys-button evosys-button--hero-light evosys-hero__primary-cta\" href=\"https:\/\/www.evosys-laser.com\/de\/laser-kunststoffschweissen\/\" target=\"_self\">\n                    Erfahren Sie mehr \u00fcber unsere Schwei\u00dfprozesse                <\/a>\n                    <\/div>\n\n            <\/div>\n<\/section>\n    <nav class=\"evosys-block evosys-breadcrumb\" aria-label=\"Breadcrumb\">\n        <ol class=\"evosys-breadcrumb__list\">\n                            <li class=\"evosys-breadcrumb__item\">\n                                            <a class=\"evosys-breadcrumb__link\" href=\"https:\/\/www.evosys-laser.com\/de\/\">\n                            Home                        <\/a>\n                                    <\/li>\n                    <\/ol>\n    <\/nav>\n<section class=\"evosys-block evosys-text-columns\">\n            <h2 class=\"evosys-section__title\">Pr\u00e4zisionslasertechnologie f\u00fcr Konsumg\u00fcter<\/h2>\n    \n    <div class=\"evosys-columns\">\n        <div class=\"evosys-copy\"><p data-start=\"121\" data-end=\"487\">Als Technologiepartner unterst\u00fctzen wir Hersteller in der Konsumg\u00fcterindustrie mit flexiblen und hochpr\u00e4zisen Lasersystemen f\u00fcr eine breite Palette von Anwendungen. Unsere L\u00f6sungen erm\u00f6glichen zuverl\u00e4ssige F\u00fcgeprozesse f\u00fcr Komponenten, die in Smartphones, Wearables, Haushaltsger\u00e4ten und anderen Ger\u00e4ten des t\u00e4glichen Lebens verwendet werden, bei denen Qualit\u00e4t, Design und Effizienz entscheidend sind. <\/p>\n<p data-start=\"489\" data-end=\"662\">Wir entwickeln innovative Schwei\u00dfl\u00f6sungen f\u00fcr empfindliche und komplexe Bauteile und unterst\u00fctzen damit moderne Produktdesigns und hohe Produktionsstandards in schnelllebigen Verbraucherm\u00e4rkten.<\/p>\n<\/div>\n                    <div class=\"evosys-copy\"><p data-start=\"669\" data-end=\"943\">Unsere Systeme sind so konzipiert, dass sie sich nahtlos in automatisierte Produktionslinien integrieren lassen und selbst in hochvolumigen Produktionsumgebungen stabile und reproduzierbare Ergebnisse gew\u00e4hrleisten. Mit weltweit eingesetzten L\u00f6sungen erm\u00f6glichen wir effiziente und skalierbare Produktionsprozesse. <\/p>\n<p data-start=\"945\" data-end=\"1130\">Unterst\u00fctzt durch ein starkes Servicenetz sorgen wir f\u00fcr einen reibungslosen 24\/7-Betrieb und schnelle Hilfe, wann immer sie ben\u00f6tigt wird. So helfen wir unseren Kunden, gleichbleibende Qualit\u00e4t und Produktionssicherheit zu gew\u00e4hrleisten.<\/p>\n<\/div>\n            <\/div>\n<\/section>\n<section class=\"evosys-block evosys-section evosys-module-slider\">\n            <h2 class=\"evosys-section__title\">Nur Vorteile<\/h2>\n    \n    <div class=\"evosys-module-slider__layout\" data-module-slider>\n        <div class=\"evosys-module-slider__copy evosys-copy evosys-copy--dark\">\n            <p data-start=\"170\" data-end=\"425\">Das Laserschwei\u00dfen von Kunststoffen wird in der Konsumg\u00fcterindustrie h\u00e4ufig f\u00fcr die Herstellung hochwertiger und optisch anspruchsvoller Bauteile eingesetzt. Die Hersteller profitieren von pr\u00e4zisen und zuverl\u00e4ssigen F\u00fcgeverfahren, die sowohl funktionale als auch \u00e4sthetische Anforderungen erf\u00fcllen. <\/p>\n<p data-start=\"427\" data-end=\"479\">Sie ist schnell, sauber, prozesssicher und kosteneffizient.<\/p>\n        <\/div>\n\n        <div class=\"evosys-module-slider__right\">\n                            <div class=\"evosys-module-slider__viewport\">\n                    <div class=\"evosys-module-slider__track\" data-module-slider-track>\n                                                                                <article class=\"evosys-module-slider__slide is-active\" data-module-slide>\n                                <div class=\"evosys-module-slider__tile\">\n                                                                            <figure class=\"evosys-module-slider__image\">\n                                            <img src=\"https:\/\/www.evosys-laser.com\/wp-content\/uploads\/2026\/04\/DAA_Bauteil_Consumer_4x3.png\" alt=\"\" loading=\"lazy\" decoding=\"async\" width=\"800\" height=\"600\">                                        <\/figure>\n                                                                    <\/div>\n\n                                                                    <div class=\"evosys-module-slider__slide-title\">Wassertank f\u00fcr Geschirrsp\u00fcler<\/div>\n                                                            <\/article>\n                                                                                <article class=\"evosys-module-slider__slide\" data-module-slide>\n                                <div class=\"evosys-module-slider__tile\">\n                                                                            <figure class=\"evosys-module-slider__image\">\n                                            <img src=\"https:\/\/www.evosys-laser.com\/wp-content\/uploads\/2026\/04\/HAA_Bauteil_Consumer_4x3.png\" alt=\"\" loading=\"lazy\" decoding=\"async\" width=\"800\" height=\"600\">                                        <\/figure>\n                                                                    <\/div>\n\n                                                                    <div class=\"evosys-module-slider__slide-title\">Geruchsverschluss<\/div>\n                                                            <\/article>\n                                                                                <article class=\"evosys-module-slider__slide\" data-module-slide>\n                                <div class=\"evosys-module-slider__tile\">\n                                                                            <figure class=\"evosys-module-slider__image\">\n                                            <img src=\"https:\/\/www.evosys-laser.com\/wp-content\/uploads\/2026\/04\/Headwave_Bauteil_Consumer_4x3.png\" alt=\"\" loading=\"lazy\" decoding=\"async\" width=\"800\" height=\"600\">                                        <\/figure>\n                                                                    <\/div>\n\n                                                                    <div class=\"evosys-module-slider__slide-title\">Helmlautsprecher<\/div>\n                                                            <\/article>\n                                                                                <article class=\"evosys-module-slider__slide\" data-module-slide>\n                                <div class=\"evosys-module-slider__tile\">\n                                                                            <figure class=\"evosys-module-slider__image\">\n                                            <img src=\"https:\/\/www.evosys-laser.com\/wp-content\/uploads\/2026\/04\/ADO_Bauteil_Consumer_4x3.png\" alt=\"\" loading=\"lazy\" decoding=\"async\" width=\"800\" height=\"600\">                                        <\/figure>\n                                                                    <\/div>\n\n                                                                    <div class=\"evosys-module-slider__slide-title\">Wassertank-Staubsauger<\/div>\n                                                            <\/article>\n                                            <\/div>\n                <\/div>\n\n                <div class=\"evosys-module-slider__controls\">\n                    <button class=\"evosys-control-button evosys-module-slider__control evosys-module-slider__control--prev\" type=\"button\" aria-label=\"Vorheriges Element\" data-module-slider-prev>\n                        <svg class=\"evosys-tabs__icon-svg evosys-tabs__icon-svg--arrow\" viewBox=\"0 0 20 20\" fill=\"none\" xmlns=\"http:\/\/www.w3.org\/2000\/svg\" aria-hidden=\"true\"><path d=\"M15 10.4688L4.0625 10.4688\" stroke=\"currentColor\" stroke-width=\"2\" stroke-linecap=\"round\" stroke-linejoin=\"round\"\/><path d=\"M9.53125 5L4.0625 10.4688L9.5313 15.9375\" stroke=\"currentColor\" stroke-width=\"2\" stroke-linecap=\"round\" stroke-linejoin=\"round\"\/><\/svg>                    <\/button>\n                    <button class=\"evosys-control-button evosys-module-slider__control evosys-module-slider__control--next\" type=\"button\" aria-label=\"N\u00e4chstes Element\" data-module-slider-next>\n                        <svg class=\"evosys-tabs__icon-svg evosys-tabs__icon-svg--arrow\" viewBox=\"0 0 20 20\" fill=\"none\" xmlns=\"http:\/\/www.w3.org\/2000\/svg\" aria-hidden=\"true\"><path d=\"M5 10.4688L15.9375 10.4688\" stroke=\"currentColor\" stroke-width=\"2\" stroke-linecap=\"round\" stroke-linejoin=\"round\"\/><path d=\"M10.4688 5L15.9375 10.4688L10.4687 15.9375\" stroke=\"currentColor\" stroke-width=\"2\" stroke-linecap=\"round\" stroke-linejoin=\"round\"\/><\/svg>                    <\/button>\n                <\/div>\n                    <\/div>\n    <\/div>\n<\/section>\n<section class=\"evosys-block evosys-split-media\">\n            <h2 class=\"evosys-section__title\">Anwendungsbeispiel<\/h2>\n    \n    <div class=\"evosys-columns evosys-columns--media\">\n        <div class=\"evosys-copy\"><p data-start=\"221\" data-end=\"504\">Die abgebildeten LED-Scheinwerfermodule werden mit dem fortschrittlichen Quasi-Simultan-Laserschwei\u00dfen (AQW) hergestellt. Das Verfahren erm\u00f6glicht eine pr\u00e4zise, saubere und dauerhafte Verbindung von optischen Komponenten und Geh\u00e4usen und gew\u00e4hrleistet eine hohe Produktqualit\u00e4t, eine zuverl\u00e4ssige Abdichtung (IP66) und ein hervorragendes optisches Erscheinungsbild. <\/p>\n<p data-start=\"506\" data-end=\"808\">Eine ma\u00dfgeschneiderte Systeml\u00f6sung, die auf dem EVO 2800 AQW und dem EVO 0750 AQW-Modul basiert, unterst\u00fctzt eine effiziente und flexible Produktion. Mit kurzen Zykluszeiten, stabilen Prozessen und der intuitiven EvoLaP-Software profitieren Hersteller von gleichbleibender Qualit\u00e4t und zuverl\u00e4ssiger Leistung rund um die Uhr in hochvolumigen Umgebungen. <\/p>\n<\/div>\n                    <div class=\"evosys-columns__media-wrap\">\n                <div class=\"evosys-columns__media\">\n                                            <img src=\"https:\/\/www.evosys-laser.com\/wp-content\/uploads\/2026\/04\/UPT_Bauteil_Consumer.png\" alt=\"\" loading=\"lazy\" decoding=\"async\" width=\"665\" height=\"374\">                                    <\/div>\n                            <\/div>\n            <\/div>\n<\/section>\n<section class=\"evosys-block evosys-consult-box\">\n            <h2 class=\"evosys-section__title\">M\u00f6chten Sie ein pers\u00f6nliches Beratungsgespr\u00e4ch?<\/h2>\n    \n    <div class=\"evosys-contact__card evosys-contact evosys-contact__card--consult\">\n                    <div class=\"evosys-contact__avatar-wrap evosys-contact__avatar-wrap--consult\">\n                <div class=\"evosys-contact__avatar evosys-contact__avatar--consult\">\n                    <picture><source type=\"image\/webp\" srcset=\"https:\/\/www.evosys-laser.com\/wp-content\/compressx-nextgen\/uploads\/2026\/03\/holger-aldebert-cta-300x261.png.webp 300w, https:\/\/www.evosys-laser.com\/wp-content\/compressx-nextgen\/uploads\/2026\/03\/holger-aldebert-cta.png.webp 768w\" sizes=\"(max-width: 900px) 50vw, 220px\"><img src=\"https:\/\/www.evosys-laser.com\/wp-content\/uploads\/2026\/03\/holger-aldebert-cta-300x261.png\" alt=\"\" loading=\"lazy\" decoding=\"async\" srcset=\"https:\/\/www.evosys-laser.com\/wp-content\/uploads\/2026\/03\/holger-aldebert-cta-300x261.png 300w, https:\/\/www.evosys-laser.com\/wp-content\/uploads\/2026\/03\/holger-aldebert-cta.png 768w\" sizes=\"(max-width: 900px) 50vw, 220px\" width=\"300\" height=\"261\"><\/picture>                <\/div>\n                            <\/div>\n        \n        <div class=\"evosys-contact__meta evosys-contact__meta--consult\">\n            <div class=\"evosys-copy\"><p>Wir sind f\u00fcr Sie da und arbeiten mit Ihnen zusammen, um die beste L\u00f6sung f\u00fcr Ihr Unternehmen zu finden. Rufen Sie uns an oder schicken Sie uns eine E-Mail! <\/p>\n<\/div>\n\n                            <div class=\"evosys-contact__details\">\n                                            <a class=\"evosys-contact__detail-link\" href=\"tel:+499131\u20134088\u20130\">\n                            <span class=\"evosys-icon evosys-icon--phone\" aria-hidden=\"true\"><\/span>\n                            +49 9131 \u2013 4088 \u2013 0                        <\/a>\n                    \n                                            <a class=\"evosys-contact__detail-link\" href=\"mailto:info@evosys-laser.com\">\n                            <span class=\"evosys-icon evosys-icon--mail\" aria-hidden=\"true\"><\/span>\n                            info@evosys-laser.com                        <\/a>\n                                    <\/div>\n            \n                    <\/div>\n    <\/div>\n<\/section>\n\n<p><\/p>\n","protected":false},"excerpt":{"rendered":"","protected":false},"author":2,"featured_media":0,"parent":1427,"menu_order":0,"comment_status":"closed","ping_status":"closed","template":"","meta":{"_acf_changed":false,"footnotes":""},"class_list":["post-1404","page","type-page","status-publish","hentry"],"acf":[],"_links":{"self":[{"href":"https:\/\/www.evosys-laser.com\/de\/wp-json\/wp\/v2\/pages\/1404","targetHints":{"allow":["GET"]}}],"collection":[{"href":"https:\/\/www.evosys-laser.com\/de\/wp-json\/wp\/v2\/pages"}],"about":[{"href":"https:\/\/www.evosys-laser.com\/de\/wp-json\/wp\/v2\/types\/page"}],"author":[{"embeddable":true,"href":"https:\/\/www.evosys-laser.com\/de\/wp-json\/wp\/v2\/users\/2"}],"replies":[{"embeddable":true,"href":"https:\/\/www.evosys-laser.com\/de\/wp-json\/wp\/v2\/comments?post=1404"}],"version-history":[{"count":7,"href":"https:\/\/www.evosys-laser.com\/de\/wp-json\/wp\/v2\/pages\/1404\/revisions"}],"predecessor-version":[{"id":2063,"href":"https:\/\/www.evosys-laser.com\/de\/wp-json\/wp\/v2\/pages\/1404\/revisions\/2063"}],"up":[{"embeddable":true,"href":"https:\/\/www.evosys-laser.com\/de\/wp-json\/wp\/v2\/pages\/1427"}],"wp:attachment":[{"href":"https:\/\/www.evosys-laser.com\/de\/wp-json\/wp\/v2\/media?parent=1404"}],"curies":[{"name":"wp","href":"https:\/\/api.w.org\/{rel}","templated":true}]}}