{"id":1402,"date":"2026-03-20T11:09:09","date_gmt":"2026-03-20T11:09:09","guid":{"rendered":"https:\/\/evosys-laser.com\/automobil\/"},"modified":"2026-05-08T09:26:28","modified_gmt":"2026-05-08T09:26:28","slug":"automotive","status":"publish","type":"page","link":"https:\/\/www.evosys-laser.com\/de\/branchen\/automotive\/","title":{"rendered":"Automotive"},"content":{"rendered":"<section id=\"hero-block_c9008361320e20c66d18baf38078a496\" class=\"evosys-block evosys-hero has-no-featured-post has-primary-cta evosys-hero--mobile-focus-center\">\n    <style>\n        @media (max-width: 900px) {\n            #hero-block_c9008361320e20c66d18baf38078a496 .evosys-hero__media img {\n                object-position: center center;\n            }\n        }\n    <\/style>\n            <div\n            class=\"evosys-hero__media\"\n                    >\n            <picture>\n                                                    <source\n                        media=\"(max-width: 900px)\"\n                        type=\"image\/webp\"\n                        srcset=\"https:\/\/www.evosys-laser.com\/wp-content\/compressx-nextgen\/uploads\/2026\/04\/Header_Automotive_Mobile.png-1-768x1024.jpg.webp 768w, https:\/\/www.evosys-laser.com\/wp-content\/compressx-nextgen\/uploads\/2026\/04\/Header_Automotive_Mobile.png-1-225x300.jpg.webp 225w, https:\/\/www.evosys-laser.com\/wp-content\/compressx-nextgen\/uploads\/2026\/04\/Header_Automotive_Mobile.png-1-281x374.jpg.webp 281w, https:\/\/www.evosys-laser.com\/wp-content\/compressx-nextgen\/uploads\/2026\/04\/Header_Automotive_Mobile.png-1-561x748.jpg.webp 561w, https:\/\/www.evosys-laser.com\/wp-content\/compressx-nextgen\/uploads\/2026\/04\/Header_Automotive_Mobile.png-1.jpg.webp 1440w\"\n                        data-hero-mobile-webp-source\n                                                    sizes=\"100vw\"\n                                            >\n                                                    <source\n                        media=\"(max-width: 900px)\"\n                        srcset=\"https:\/\/www.evosys-laser.com\/wp-content\/uploads\/2026\/04\/Header_Automotive_Mobile.png-1-768x1024.jpg 768w, https:\/\/www.evosys-laser.com\/wp-content\/uploads\/2026\/04\/Header_Automotive_Mobile.png-1-225x300.jpg 225w, https:\/\/www.evosys-laser.com\/wp-content\/uploads\/2026\/04\/Header_Automotive_Mobile.png-1-281x374.jpg 281w, https:\/\/www.evosys-laser.com\/wp-content\/uploads\/2026\/04\/Header_Automotive_Mobile.png-1-561x748.jpg 561w, https:\/\/www.evosys-laser.com\/wp-content\/uploads\/2026\/04\/Header_Automotive_Mobile.png-1.jpg 1440w\"\n                                                    sizes=\"100vw\"\n                                                data-hero-mobile-source\n                    >\n                                                                    <source\n                        type=\"image\/webp\"\n                        srcset=\"https:\/\/www.evosys-laser.com\/wp-content\/compressx-nextgen\/uploads\/2026\/04\/Header_Automotive.png.webp 1280w, https:\/\/www.evosys-laser.com\/wp-content\/compressx-nextgen\/uploads\/2026\/04\/Header_Automotive-300x141.png.webp 300w, https:\/\/www.evosys-laser.com\/wp-content\/compressx-nextgen\/uploads\/2026\/04\/Header_Automotive-1024x480.png.webp 1024w, https:\/\/www.evosys-laser.com\/wp-content\/compressx-nextgen\/uploads\/2026\/04\/Header_Automotive-665x312.png.webp 665w\"\n                        data-hero-desktop-webp-source\n                                                    sizes=\"(max-width: 900px) 100vw, 1280px\"\n                                            >\n                                <source\n                    srcset=\"https:\/\/www.evosys-laser.com\/wp-content\/uploads\/2026\/04\/Header_Automotive.png 1280w, https:\/\/www.evosys-laser.com\/wp-content\/uploads\/2026\/04\/Header_Automotive-300x141.png 300w, https:\/\/www.evosys-laser.com\/wp-content\/uploads\/2026\/04\/Header_Automotive-1024x480.png 1024w, https:\/\/www.evosys-laser.com\/wp-content\/uploads\/2026\/04\/Header_Automotive-665x312.png 665w\"\n                                            sizes=\"(max-width: 900px) 100vw, 1280px\"\n                                        data-hero-desktop-source\n                >\n                <img\n                    src=\"https:\/\/www.evosys-laser.com\/wp-content\/uploads\/2026\/04\/Header_Automotive.png\"\n                    alt=\"\"\n                                            srcset=\"https:\/\/www.evosys-laser.com\/wp-content\/uploads\/2026\/04\/Header_Automotive.png 1280w, https:\/\/www.evosys-laser.com\/wp-content\/uploads\/2026\/04\/Header_Automotive-300x141.png 300w, https:\/\/www.evosys-laser.com\/wp-content\/uploads\/2026\/04\/Header_Automotive-1024x480.png 1024w, https:\/\/www.evosys-laser.com\/wp-content\/uploads\/2026\/04\/Header_Automotive-665x312.png 665w\"\n                                                                sizes=\"(max-width: 900px) 100vw, 1280px\"\n                                                                width=\"1280\"\n                                                                height=\"600\"\n                                        loading=\"eager\"\n                    fetchpriority=\"high\"\n                    decoding=\"async\"\n                    data-hero-image\n                    data-hero-desktop-alt=\"\"\n                    data-hero-mobile-alt=\"\"\n                >\n            <\/picture>\n        <\/div>\n        <div class=\"evosys-hero__overlay\"><\/div>\n    <div class=\"evosys-hero__content\">\n        <div class=\"evosys-hero__left\">\n            <h1 class=\"evosys-title evosys-hero__heading evosys-hero__heading--white\">Automotive<\/h1>\n\n                            <a class=\"evosys-button evosys-button--hero-light evosys-hero__primary-cta\" href=\"https:\/\/www.evosys-laser.com\/de\/\" target=\"_self\">\n                    Erfahren Sie mehr \u00fcber unsere Schwei\u00dfprozesse                <\/a>\n                    <\/div>\n\n            <\/div>\n<\/section>\n    <nav class=\"evosys-block evosys-breadcrumb\" aria-label=\"Breadcrumb\">\n        <ol class=\"evosys-breadcrumb__list\">\n                            <li class=\"evosys-breadcrumb__item\">\n                                            <a class=\"evosys-breadcrumb__link\" href=\"https:\/\/www.evosys-laser.com\/de\/\">\n                            Home                        <\/a>\n                                    <\/li>\n                    <\/ol>\n    <\/nav>\n<section class=\"evosys-block evosys-text-columns\">\n            <h2 class=\"evosys-section__title\">Flexible Lasersysteme f\u00fcr zukunftsf\u00e4hige Fahrzeuge<\/h2>\n    \n    <div class=\"evosys-columns\">\n        <div class=\"evosys-copy\"><p>Als Technologiepartner begeistern wir unsere Kunden aus der Automobilindustrie mit hochflexiblen und ma\u00dfgeschneiderten Lasersystemen. Wir realisieren innovative Verbindungsl\u00f6sungen f\u00fcr zukunftsweisende Fahrzeugkomponenten vom Innenraum \u00fcber den Antriebsstrang bis hin zu Komponenten f\u00fcr das Motormanagement, Sensoren f\u00fcr autonomes Fahren, Elektroantriebe oder Batterien. <\/p>\n<\/div>\n                    <div class=\"evosys-copy\"><p>Unsere weltweit eingesetzten Systeme sind f\u00fcr einen reibungslosen 24\/7-Betrieb ausgelegt. Wir wissen, wie wichtig unsere Kunden sind, und wir k\u00f6nnen in der Evosys-Gruppe sofort den richtigen Service liefern. <\/p>\n<\/div>\n            <\/div>\n<\/section>\n<section class=\"evosys-block evosys-section evosys-module-slider\">\n            <h2 class=\"evosys-section__title\">Nur Vorteile<\/h2>\n    \n    <div class=\"evosys-module-slider__layout\" data-module-slider>\n        <div class=\"evosys-module-slider__copy evosys-copy evosys-copy--dark\">\n            <p>Das Laserschwei\u00dfen von Kunststoffen ist seit mehr als 20 Jahren ein fester Bestandteil der Produktion in der Automobilindustrie. Neben der Flexibilit\u00e4t sch\u00e4tzt die Branche, dass das Kunststoffschwei\u00dfen folgende Eigenschaften hat. <\/p>\n<p>Es ist schnell, sauber, prozesssicher und wirtschaftlich.<\/p>\n        <\/div>\n\n        <div class=\"evosys-module-slider__right\">\n                            <div class=\"evosys-module-slider__viewport\">\n                    <div class=\"evosys-module-slider__track\" data-module-slider-track>\n                                                                                <article class=\"evosys-module-slider__slide is-active\" data-module-slide>\n                                <div class=\"evosys-module-slider__tile\">\n                                                                            <figure class=\"evosys-module-slider__image\">\n                                            <img src=\"https:\/\/www.evosys-laser.com\/wp-content\/uploads\/2026\/04\/Witte_Bauteil_Automotive.jpg\" alt=\"\" loading=\"lazy\" decoding=\"async\" width=\"800\" height=\"600\">                                        <\/figure>\n                                                                    <\/div>\n\n                                                                    <div class=\"evosys-module-slider__slide-title\">Motorhauben-R\u00fcckfahrkamera<\/div>\n                                                            <\/article>\n                                                                                <article class=\"evosys-module-slider__slide\" data-module-slide>\n                                <div class=\"evosys-module-slider__tile\">\n                                                                            <figure class=\"evosys-module-slider__image\">\n                                            <img src=\"https:\/\/www.evosys-laser.com\/wp-content\/uploads\/2026\/04\/dynaCert_Bauteil_Automotive.jpg\" alt=\"\" loading=\"lazy\" decoding=\"async\" width=\"800\" height=\"600\">                                        <\/figure>\n                                                                    <\/div>\n\n                                                                    <div class=\"evosys-module-slider__slide-title\">Fl\u00fcssigkeitstank<\/div>\n                                                            <\/article>\n                                                                                <article class=\"evosys-module-slider__slide\" data-module-slide>\n                                <div class=\"evosys-module-slider__tile\">\n                                                                            <figure class=\"evosys-module-slider__image\">\n                                            <img src=\"https:\/\/www.evosys-laser.com\/wp-content\/uploads\/2026\/04\/WIT_Bauteil_Automotive.jpg\" alt=\"\" loading=\"lazy\" decoding=\"async\" width=\"800\" height=\"600\">                                        <\/figure>\n                                                                    <\/div>\n\n                                                                    <div class=\"evosys-module-slider__slide-title\">Emblemkamera &#8211; Getriebedeckel gro\u00df<\/div>\n                                                            <\/article>\n                                                                                <article class=\"evosys-module-slider__slide\" data-module-slide>\n                                <div class=\"evosys-module-slider__tile\">\n                                                                            <figure class=\"evosys-module-slider__image\">\n                                            <img src=\"https:\/\/www.evosys-laser.com\/wp-content\/uploads\/2026\/04\/BMW_Bauteil_Automotive.jpg\" alt=\"\" loading=\"lazy\" decoding=\"async\" width=\"800\" height=\"600\">                                        <\/figure>\n                                                                    <\/div>\n\n                                                                    <div class=\"evosys-module-slider__slide-title\">Heckspoiler<\/div>\n                                                            <\/article>\n                                                                                <article class=\"evosys-module-slider__slide\" data-module-slide>\n                                <div class=\"evosys-module-slider__tile\">\n                                                                            <figure class=\"evosys-module-slider__image\">\n                                            <img src=\"https:\/\/www.evosys-laser.com\/wp-content\/uploads\/2026\/04\/Eichenauer_Bauteil_Automotive.jpg\" alt=\"\" loading=\"lazy\" decoding=\"async\" width=\"800\" height=\"600\">                                        <\/figure>\n                                                                    <\/div>\n\n                                                                    <div class=\"evosys-module-slider__slide-title\">SCR-Heater (Eichenauer)<\/div>\n                                                            <\/article>\n                                            <\/div>\n                <\/div>\n\n                <div class=\"evosys-module-slider__controls\">\n                    <button class=\"evosys-control-button evosys-module-slider__control evosys-module-slider__control--prev\" type=\"button\" aria-label=\"Vorheriges Element\" data-module-slider-prev>\n                        <svg class=\"evosys-tabs__icon-svg evosys-tabs__icon-svg--arrow\" viewBox=\"0 0 20 20\" fill=\"none\" xmlns=\"http:\/\/www.w3.org\/2000\/svg\" aria-hidden=\"true\"><path d=\"M15 10.4688L4.0625 10.4688\" stroke=\"currentColor\" stroke-width=\"2\" stroke-linecap=\"round\" stroke-linejoin=\"round\"\/><path d=\"M9.53125 5L4.0625 10.4688L9.5313 15.9375\" stroke=\"currentColor\" stroke-width=\"2\" stroke-linecap=\"round\" stroke-linejoin=\"round\"\/><\/svg>                    <\/button>\n                    <button class=\"evosys-control-button evosys-module-slider__control evosys-module-slider__control--next\" type=\"button\" aria-label=\"N\u00e4chstes Element\" data-module-slider-next>\n                        <svg class=\"evosys-tabs__icon-svg evosys-tabs__icon-svg--arrow\" viewBox=\"0 0 20 20\" fill=\"none\" xmlns=\"http:\/\/www.w3.org\/2000\/svg\" aria-hidden=\"true\"><path d=\"M5 10.4688L15.9375 10.4688\" stroke=\"currentColor\" stroke-width=\"2\" stroke-linecap=\"round\" stroke-linejoin=\"round\"\/><path d=\"M10.4688 5L15.9375 10.4688L10.4687 15.9375\" stroke=\"currentColor\" stroke-width=\"2\" stroke-linecap=\"round\" stroke-linejoin=\"round\"\/><\/svg>                    <\/button>\n                <\/div>\n                    <\/div>\n    <\/div>\n<\/section>\n<section class=\"evosys-block evosys-split-media\">\n            <h2 class=\"evosys-section__title\">Anwendungsbeispiel<\/h2>\n    \n    <div class=\"evosys-columns evosys-columns--media\">\n        <div class=\"evosys-copy\"><p>Die im Bild rechts gezeigte Baugruppe aus PA6 GF30 natur\/schwarz wird durch quasi-simultanes Schwei\u00dfen verbunden. Das Laserschwei\u00dfverfahren muss so wirtschaftlich wie m\u00f6glich sein und prozesssicher eine Dichtheit der Kategorie IP6K7 erreichen. <\/p>\n<p>Aufgrund des flexiblen Produktionskonzepts des Kunden, der mit einem Bandtransfersystem arbeitet, wurde eine L\u00f6sung entwickelt, die auf unseren Prozessmodulen basiert. Das EVO 3800 ist vollst\u00e4ndig integriert, sichert die Laserklasse 1 und ist mit allen notwendigen Kommunikationsschnittstellen ausgestattet. Die Prozesseinrichtung sowie alle notwendigen Anpassungen werden bequem mit der Prozesssoftware EvoLaP durchgef\u00fchrt.  <\/p>\n<\/div>\n                    <div class=\"evosys-columns__media-wrap\">\n                <div class=\"evosys-columns__media\">\n                                            <img src=\"https:\/\/www.evosys-laser.com\/wp-content\/uploads\/2026\/04\/WIT_Bauteil_Automotive_2.jpg\" alt=\"\" loading=\"lazy\" decoding=\"async\" width=\"499\" height=\"374\">                                    <\/div>\n                            <\/div>\n            <\/div>\n<\/section>\n<section class=\"evosys-block evosys-consult-box\">\n            <h2 class=\"evosys-section__title\">M\u00f6chten Sie ein pers\u00f6nliches Beratungsgespr\u00e4ch?<\/h2>\n    \n    <div class=\"evosys-contact__card evosys-contact evosys-contact__card--consult\">\n                    <div class=\"evosys-contact__avatar-wrap evosys-contact__avatar-wrap--consult\">\n                <div class=\"evosys-contact__avatar evosys-contact__avatar--consult\">\n                    <picture><source type=\"image\/webp\" srcset=\"https:\/\/www.evosys-laser.com\/wp-content\/compressx-nextgen\/uploads\/2026\/03\/holger-aldebert-cta-300x261.png.webp 300w, https:\/\/www.evosys-laser.com\/wp-content\/compressx-nextgen\/uploads\/2026\/03\/holger-aldebert-cta.png.webp 768w\" sizes=\"(max-width: 900px) 50vw, 220px\"><img src=\"https:\/\/www.evosys-laser.com\/wp-content\/uploads\/2026\/03\/holger-aldebert-cta-300x261.png\" alt=\"\" loading=\"lazy\" decoding=\"async\" srcset=\"https:\/\/www.evosys-laser.com\/wp-content\/uploads\/2026\/03\/holger-aldebert-cta-300x261.png 300w, https:\/\/www.evosys-laser.com\/wp-content\/uploads\/2026\/03\/holger-aldebert-cta.png 768w\" sizes=\"(max-width: 900px) 50vw, 220px\" width=\"300\" height=\"261\"><\/picture>                <\/div>\n                            <\/div>\n        \n        <div class=\"evosys-contact__meta evosys-contact__meta--consult\">\n            <div class=\"evosys-copy\"><p>Wir sind f\u00fcr Sie da und arbeiten mit Ihnen zusammen, um die beste L\u00f6sung f\u00fcr Ihr Unternehmen zu finden. Rufen Sie uns an oder schicken Sie uns eine E-Mail! <\/p>\n<\/div>\n\n                            <div class=\"evosys-contact__details\">\n                                            <a class=\"evosys-contact__detail-link\" href=\"tel:+499131\u20134088\u20130\">\n                            <span class=\"evosys-icon evosys-icon--phone\" aria-hidden=\"true\"><\/span>\n                            +49 9131 \u2013 4088 \u2013 0                        <\/a>\n                    \n                                            <a class=\"evosys-contact__detail-link\" href=\"mailto:info@evosys-laser.com\">\n                            <span class=\"evosys-icon evosys-icon--mail\" aria-hidden=\"true\"><\/span>\n                            info@evosys-laser.com                        <\/a>\n                                    <\/div>\n            \n                    <\/div>\n    <\/div>\n<\/section>\n\n<p><\/p>\n","protected":false},"excerpt":{"rendered":"","protected":false},"author":2,"featured_media":0,"parent":1427,"menu_order":0,"comment_status":"closed","ping_status":"closed","template":"","meta":{"_acf_changed":false,"footnotes":""},"class_list":["post-1402","page","type-page","status-publish","hentry"],"acf":[],"_links":{"self":[{"href":"https:\/\/www.evosys-laser.com\/de\/wp-json\/wp\/v2\/pages\/1402","targetHints":{"allow":["GET"]}}],"collection":[{"href":"https:\/\/www.evosys-laser.com\/de\/wp-json\/wp\/v2\/pages"}],"about":[{"href":"https:\/\/www.evosys-laser.com\/de\/wp-json\/wp\/v2\/types\/page"}],"author":[{"embeddable":true,"href":"https:\/\/www.evosys-laser.com\/de\/wp-json\/wp\/v2\/users\/2"}],"replies":[{"embeddable":true,"href":"https:\/\/www.evosys-laser.com\/de\/wp-json\/wp\/v2\/comments?post=1402"}],"version-history":[{"count":7,"href":"https:\/\/www.evosys-laser.com\/de\/wp-json\/wp\/v2\/pages\/1402\/revisions"}],"predecessor-version":[{"id":2015,"href":"https:\/\/www.evosys-laser.com\/de\/wp-json\/wp\/v2\/pages\/1402\/revisions\/2015"}],"up":[{"embeddable":true,"href":"https:\/\/www.evosys-laser.com\/de\/wp-json\/wp\/v2\/pages\/1427"}],"wp:attachment":[{"href":"https:\/\/www.evosys-laser.com\/de\/wp-json\/wp\/v2\/media?parent=1402"}],"curies":[{"name":"wp","href":"https:\/\/api.w.org\/{rel}","templated":true}]}}