{"id":1376,"date":"2026-04-28T07:24:06","date_gmt":"2026-04-28T07:24:06","guid":{"rendered":"https:\/\/evosys-laser.com\/unternehmen\/auszeichnungen\/"},"modified":"2026-05-05T12:34:24","modified_gmt":"2026-05-05T12:34:24","slug":"auszeichnungen","status":"publish","type":"page","link":"https:\/\/www.evosys-laser.com\/de\/unternehmen\/auszeichnungen\/","title":{"rendered":"Auszeichnungen"},"content":{"rendered":"<section id=\"hero-block_7c5f327682cb85141bbe1e62908f376e\" class=\"evosys-block evosys-hero has-no-featured-post has-primary-cta evosys-hero--mobile-focus-center\">\n    <style>\n        @media (max-width: 900px) {\n            #hero-block_7c5f327682cb85141bbe1e62908f376e .evosys-hero__media img {\n                object-position: center center;\n            }\n        }\n    <\/style>\n            <div\n            class=\"evosys-hero__media\"\n                    >\n            <picture>\n                                                    <source\n                        media=\"(max-width: 900px)\"\n                        type=\"image\/webp\"\n                        srcset=\"https:\/\/www.evosys-laser.com\/wp-content\/compressx-nextgen\/uploads\/2026\/05\/Header_Laser_Modules_Mobile-768x1024.jpg.webp 768w, https:\/\/www.evosys-laser.com\/wp-content\/compressx-nextgen\/uploads\/2026\/05\/Header_Laser_Modules_Mobile-225x300.jpg.webp 225w, https:\/\/www.evosys-laser.com\/wp-content\/compressx-nextgen\/uploads\/2026\/05\/Header_Laser_Modules_Mobile-281x374.jpg.webp 281w, https:\/\/www.evosys-laser.com\/wp-content\/compressx-nextgen\/uploads\/2026\/05\/Header_Laser_Modules_Mobile-561x748.jpg.webp 561w, https:\/\/www.evosys-laser.com\/wp-content\/compressx-nextgen\/uploads\/2026\/05\/Header_Laser_Modules_Mobile.jpg.webp 1440w\"\n                        data-hero-mobile-webp-source\n                                                    sizes=\"100vw\"\n                                            >\n                                                    <source\n                        media=\"(max-width: 900px)\"\n                        srcset=\"https:\/\/www.evosys-laser.com\/wp-content\/uploads\/2026\/05\/Header_Laser_Modules_Mobile-768x1024.jpg 768w, https:\/\/www.evosys-laser.com\/wp-content\/uploads\/2026\/05\/Header_Laser_Modules_Mobile-225x300.jpg 225w, https:\/\/www.evosys-laser.com\/wp-content\/uploads\/2026\/05\/Header_Laser_Modules_Mobile-281x374.jpg 281w, https:\/\/www.evosys-laser.com\/wp-content\/uploads\/2026\/05\/Header_Laser_Modules_Mobile-561x748.jpg 561w, https:\/\/www.evosys-laser.com\/wp-content\/uploads\/2026\/05\/Header_Laser_Modules_Mobile.jpg 1440w\"\n                                                    sizes=\"100vw\"\n                                                data-hero-mobile-source\n                    >\n                                                                    <source\n                        type=\"image\/webp\"\n                        srcset=\"https:\/\/www.evosys-laser.com\/wp-content\/compressx-nextgen\/uploads\/2026\/05\/Header_Laser_Modules.jpg.webp 1280w, https:\/\/www.evosys-laser.com\/wp-content\/compressx-nextgen\/uploads\/2026\/05\/Header_Laser_Modules-300x141.jpg.webp 300w, https:\/\/www.evosys-laser.com\/wp-content\/compressx-nextgen\/uploads\/2026\/05\/Header_Laser_Modules-1024x480.jpg.webp 1024w, https:\/\/www.evosys-laser.com\/wp-content\/compressx-nextgen\/uploads\/2026\/05\/Header_Laser_Modules-665x312.jpg.webp 665w\"\n                        data-hero-desktop-webp-source\n                                                    sizes=\"(max-width: 900px) 100vw, 1280px\"\n                                            >\n                                <source\n                    srcset=\"https:\/\/www.evosys-laser.com\/wp-content\/uploads\/2026\/05\/Header_Laser_Modules.jpg 1280w, https:\/\/www.evosys-laser.com\/wp-content\/uploads\/2026\/05\/Header_Laser_Modules-300x141.jpg 300w, https:\/\/www.evosys-laser.com\/wp-content\/uploads\/2026\/05\/Header_Laser_Modules-1024x480.jpg 1024w, https:\/\/www.evosys-laser.com\/wp-content\/uploads\/2026\/05\/Header_Laser_Modules-665x312.jpg 665w\"\n                                            sizes=\"(max-width: 900px) 100vw, 1280px\"\n                                        data-hero-desktop-source\n                >\n                <img\n                    src=\"https:\/\/www.evosys-laser.com\/wp-content\/uploads\/2026\/05\/Header_Laser_Modules.jpg\"\n                    alt=\"\"\n                                            srcset=\"https:\/\/www.evosys-laser.com\/wp-content\/uploads\/2026\/05\/Header_Laser_Modules.jpg 1280w, https:\/\/www.evosys-laser.com\/wp-content\/uploads\/2026\/05\/Header_Laser_Modules-300x141.jpg 300w, https:\/\/www.evosys-laser.com\/wp-content\/uploads\/2026\/05\/Header_Laser_Modules-1024x480.jpg 1024w, https:\/\/www.evosys-laser.com\/wp-content\/uploads\/2026\/05\/Header_Laser_Modules-665x312.jpg 665w\"\n                                                                sizes=\"(max-width: 900px) 100vw, 1280px\"\n                                                                width=\"1280\"\n                                                                height=\"600\"\n                                        loading=\"eager\"\n                    fetchpriority=\"high\"\n                    decoding=\"async\"\n                    data-hero-image\n                    data-hero-desktop-alt=\"\"\n                    data-hero-mobile-alt=\"\"\n                >\n            <\/picture>\n        <\/div>\n        <div class=\"evosys-hero__overlay\"><\/div>\n    <div class=\"evosys-hero__content\">\n        <div class=\"evosys-hero__left\">\n            <h1 class=\"evosys-title evosys-hero__heading evosys-hero__heading--white\">Ein herausragendes Unternehmen<\/h1>\n\n                            <a class=\"evosys-button evosys-button--hero-light evosys-hero__primary-cta\" href=\"https:\/\/www.evosys-laser.com\/de\/laser-kunststoffschweissen\/\" target=\"_self\">\n                    Erfahren Sie mehr \u00fcber unsere Schwei\u00dfprozesse                <\/a>\n                    <\/div>\n\n            <\/div>\n<\/section>\n    <nav class=\"evosys-block evosys-breadcrumb\" aria-label=\"Breadcrumb\">\n        <ol class=\"evosys-breadcrumb__list\">\n                            <li class=\"evosys-breadcrumb__item\">\n                                            <a class=\"evosys-breadcrumb__link\" href=\"https:\/\/www.evosys-laser.com\/de\/\">\n                            Home                        <\/a>\n                                    <\/li>\n                    <\/ol>\n    <\/nav>\n<section class=\"evosys-block evosys-split-media\">\n            <h2 class=\"evosys-section__title\">EVOSYS wurde erneut mit dem TOP 100-Siegel ausgezeichnet<\/h2>\n    \n    <div class=\"evosys-columns evosys-columns--media\">\n        <div class=\"evosys-copy\"><p>Die Evosys Laser GmbH mit Sitz in Erlangen hat die Jury mit ihrer Innovationskraft \u00fcberzeugt und wurde bereits zum dritten Mal mit dem TOP 100-Siegel ausgezeichnet. Diese Auszeichnung ist besonders innovativen kleinen und mittleren Unternehmen vorbehalten. Unter anderem \u00fcberzeugte EVOSYS die Jury mit ihrem systematischen Ansatz zur Planung von Innovationen.  <\/p>\n<\/div>\n                    <div class=\"evosys-columns__media-wrap\">\n                <div class=\"evosys-columns__media\">\n                                            <picture><source type=\"image\/webp\" srcset=\"https:\/\/www.evosys-laser.com\/wp-content\/compressx-nextgen\/uploads\/2026\/04\/Top100_2024-665x374.jpg.webp 665w, https:\/\/www.evosys-laser.com\/wp-content\/compressx-nextgen\/uploads\/2026\/04\/Top100_2024-300x169.jpg.webp 300w, https:\/\/www.evosys-laser.com\/wp-content\/compressx-nextgen\/uploads\/2026\/04\/Top100_2024-1024x576.jpg.webp 1024w, https:\/\/www.evosys-laser.com\/wp-content\/compressx-nextgen\/uploads\/2026\/04\/Top100_2024-384x216.jpg.webp 384w, https:\/\/www.evosys-laser.com\/wp-content\/compressx-nextgen\/uploads\/2026\/04\/Top100_2024-768x432.jpg.webp 768w, https:\/\/www.evosys-laser.com\/wp-content\/compressx-nextgen\/uploads\/2026\/04\/Top100_2024-380x214.jpg.webp 380w, https:\/\/www.evosys-laser.com\/wp-content\/compressx-nextgen\/uploads\/2026\/04\/Top100_2024-760x428.jpg.webp 760w, https:\/\/www.evosys-laser.com\/wp-content\/compressx-nextgen\/uploads\/2026\/04\/Top100_2024.jpg.webp 1280w\" sizes=\"(max-width: 900px) calc(100vw - 32px), 640px\"><img src=\"https:\/\/www.evosys-laser.com\/wp-content\/uploads\/2026\/04\/Top100_2024-665x374.jpg\" alt=\"\" loading=\"lazy\" decoding=\"async\" srcset=\"https:\/\/www.evosys-laser.com\/wp-content\/uploads\/2026\/04\/Top100_2024-665x374.jpg 665w, https:\/\/www.evosys-laser.com\/wp-content\/uploads\/2026\/04\/Top100_2024-300x169.jpg 300w, https:\/\/www.evosys-laser.com\/wp-content\/uploads\/2026\/04\/Top100_2024-1024x576.jpg 1024w, https:\/\/www.evosys-laser.com\/wp-content\/uploads\/2026\/04\/Top100_2024-384x216.jpg 384w, https:\/\/www.evosys-laser.com\/wp-content\/uploads\/2026\/04\/Top100_2024-768x432.jpg 768w, https:\/\/www.evosys-laser.com\/wp-content\/uploads\/2026\/04\/Top100_2024-380x214.jpg 380w, https:\/\/www.evosys-laser.com\/wp-content\/uploads\/2026\/04\/Top100_2024-760x428.jpg 760w, https:\/\/www.evosys-laser.com\/wp-content\/uploads\/2026\/04\/Top100_2024.jpg 1280w\" sizes=\"(max-width: 900px) calc(100vw - 32px), 640px\" width=\"665\" height=\"374\"><\/picture>                                    <\/div>\n                            <\/div>\n            <\/div>\n<\/section>\n<section class=\"evosys-block evosys-split-media\">\n            <h2 class=\"evosys-section__title\">EVOSYS gewinnt erneut einen Innovationspreis: den Best of Industry Award<\/h2>\n    \n    <div class=\"evosys-columns evosys-columns--media\">\n        <div class=\"evosys-copy\"><p>Die Evosys Laser GmbH aus Erlangen hat den Best of Industry Award in der Kategorie Kunststofftechnik gewonnen. Der Preis wird j\u00e4hrlich von MM MaschinenMarkt in Zusammenarbeit mit den Fachzeitschriften PROCESS, LABORPRAXIS und DeviceMed verliehen. Erneut \u00fcberzeugten das innovative und patentierte AQW-Verfahren sowohl Jury als auch Leser.  <\/p>\n<\/div>\n                    <div class=\"evosys-columns__media-wrap\">\n                <div class=\"evosys-columns__media\">\n                                            <picture><source type=\"image\/webp\" srcset=\"https:\/\/www.evosys-laser.com\/wp-content\/compressx-nextgen\/uploads\/2026\/04\/BOI-665x374.jpg.webp 665w, https:\/\/www.evosys-laser.com\/wp-content\/compressx-nextgen\/uploads\/2026\/04\/BOI-300x169.jpg.webp 300w, https:\/\/www.evosys-laser.com\/wp-content\/compressx-nextgen\/uploads\/2026\/04\/BOI-1024x576.jpg.webp 1024w, https:\/\/www.evosys-laser.com\/wp-content\/compressx-nextgen\/uploads\/2026\/04\/BOI-384x216.jpg.webp 384w, https:\/\/www.evosys-laser.com\/wp-content\/compressx-nextgen\/uploads\/2026\/04\/BOI-768x432.jpg.webp 768w, https:\/\/www.evosys-laser.com\/wp-content\/compressx-nextgen\/uploads\/2026\/04\/BOI-380x214.jpg.webp 380w, https:\/\/www.evosys-laser.com\/wp-content\/compressx-nextgen\/uploads\/2026\/04\/BOI-760x428.jpg.webp 760w, https:\/\/www.evosys-laser.com\/wp-content\/compressx-nextgen\/uploads\/2026\/04\/BOI.jpg.webp 1280w\" sizes=\"(max-width: 900px) calc(100vw - 32px), 640px\"><img src=\"https:\/\/www.evosys-laser.com\/wp-content\/uploads\/2026\/04\/BOI-665x374.jpg\" alt=\"\" loading=\"lazy\" decoding=\"async\" srcset=\"https:\/\/www.evosys-laser.com\/wp-content\/uploads\/2026\/04\/BOI-665x374.jpg 665w, https:\/\/www.evosys-laser.com\/wp-content\/uploads\/2026\/04\/BOI-300x169.jpg 300w, https:\/\/www.evosys-laser.com\/wp-content\/uploads\/2026\/04\/BOI-1024x576.jpg 1024w, https:\/\/www.evosys-laser.com\/wp-content\/uploads\/2026\/04\/BOI-384x216.jpg 384w, https:\/\/www.evosys-laser.com\/wp-content\/uploads\/2026\/04\/BOI-768x432.jpg 768w, https:\/\/www.evosys-laser.com\/wp-content\/uploads\/2026\/04\/BOI-380x214.jpg 380w, https:\/\/www.evosys-laser.com\/wp-content\/uploads\/2026\/04\/BOI-760x428.jpg 760w, https:\/\/www.evosys-laser.com\/wp-content\/uploads\/2026\/04\/BOI.jpg 1280w\" sizes=\"(max-width: 900px) calc(100vw - 32px), 640px\" width=\"665\" height=\"374\"><\/picture>                                    <\/div>\n                            <\/div>\n            <\/div>\n<\/section>\n<section class=\"evosys-block evosys-split-media\">\n            <h2 class=\"evosys-section__title\">EVOSYS mit dem Bayerischen Innovationspreis ausgezeichnet<\/h2>\n    \n    <div class=\"evosys-columns evosys-columns--media\">\n        <div class=\"evosys-copy\"><p>Die Evosys Laser GmbH mit Sitz in Erlangen ist Tr\u00e4gerin des ersten Hauptpreises beim diesj\u00e4hrigen Bayerischen Innovationspreis. Der Preis wird alle zwei Jahre vom Bayerischen Staatsministerium f\u00fcr Wirtschaft, Landesentwicklung und Energie, dem Bayerischen Industrie- und Handelskammertag sowie dem Bayerischen Handwerkstag verliehen. Die Jury \u00fcberzeugte das innovative und patentierte AQW-Verfahren des Unternehmens.  <\/p>\n<\/div>\n                    <div class=\"evosys-columns__media-wrap\">\n                <div class=\"evosys-columns__media\">\n                                            <picture><source type=\"image\/webp\" srcset=\"https:\/\/www.evosys-laser.com\/wp-content\/compressx-nextgen\/uploads\/2026\/04\/Innovationsbreis-665x374.jpg.webp 665w, https:\/\/www.evosys-laser.com\/wp-content\/compressx-nextgen\/uploads\/2026\/04\/Innovationsbreis-300x169.jpg.webp 300w, https:\/\/www.evosys-laser.com\/wp-content\/compressx-nextgen\/uploads\/2026\/04\/Innovationsbreis-1024x576.jpg.webp 1024w, https:\/\/www.evosys-laser.com\/wp-content\/compressx-nextgen\/uploads\/2026\/04\/Innovationsbreis-384x216.jpg.webp 384w, https:\/\/www.evosys-laser.com\/wp-content\/compressx-nextgen\/uploads\/2026\/04\/Innovationsbreis-768x432.jpg.webp 768w, https:\/\/www.evosys-laser.com\/wp-content\/compressx-nextgen\/uploads\/2026\/04\/Innovationsbreis-380x214.jpg.webp 380w, https:\/\/www.evosys-laser.com\/wp-content\/compressx-nextgen\/uploads\/2026\/04\/Innovationsbreis-760x428.jpg.webp 760w, https:\/\/www.evosys-laser.com\/wp-content\/compressx-nextgen\/uploads\/2026\/04\/Innovationsbreis.jpg.webp 1280w\" sizes=\"(max-width: 900px) calc(100vw - 32px), 640px\"><img src=\"https:\/\/www.evosys-laser.com\/wp-content\/uploads\/2026\/04\/Innovationsbreis-665x374.jpg\" alt=\"\" loading=\"lazy\" decoding=\"async\" srcset=\"https:\/\/www.evosys-laser.com\/wp-content\/uploads\/2026\/04\/Innovationsbreis-665x374.jpg 665w, https:\/\/www.evosys-laser.com\/wp-content\/uploads\/2026\/04\/Innovationsbreis-300x169.jpg 300w, https:\/\/www.evosys-laser.com\/wp-content\/uploads\/2026\/04\/Innovationsbreis-1024x576.jpg 1024w, https:\/\/www.evosys-laser.com\/wp-content\/uploads\/2026\/04\/Innovationsbreis-384x216.jpg 384w, https:\/\/www.evosys-laser.com\/wp-content\/uploads\/2026\/04\/Innovationsbreis-768x432.jpg 768w, https:\/\/www.evosys-laser.com\/wp-content\/uploads\/2026\/04\/Innovationsbreis-380x214.jpg 380w, https:\/\/www.evosys-laser.com\/wp-content\/uploads\/2026\/04\/Innovationsbreis-760x428.jpg 760w, https:\/\/www.evosys-laser.com\/wp-content\/uploads\/2026\/04\/Innovationsbreis.jpg 1280w\" sizes=\"(max-width: 900px) calc(100vw - 32px), 640px\" width=\"665\" height=\"374\"><\/picture>                                    <\/div>\n                            <\/div>\n            <\/div>\n<\/section>\n<section class=\"evosys-block evosys-split-media\">\n            <h2 class=\"evosys-section__title\">Evosys Laser mit dem Preis \u201eBAYERNS BEST 50\u201c ausgezeichnet<\/h2>\n    \n    <div class=\"evosys-columns evosys-columns--media\">\n        <div class=\"evosys-copy\"><p>Die Evosys Laser GmbH aus Erlangen wurde mit dem Preis \u201eBAYERNS BEST 50\u201c ausgezeichnet. Der Preis wird j\u00e4hrlich vom Bayerischen Staatsministerium f\u00fcr Wirtschaft, Landesentwicklung und Energie an die 50 am schnellsten wachsenden kleinen und mittleren Unternehmen in Bayern verliehen. Ausschlaggebend war, dass die EVOSYS Gruppe in den vergangenen Jahren sowohl bei der Mitarbeiterzahl als auch beim Umsatz \u00fcberdurchschnittliches Wachstum erzielt hat.  <\/p>\n<\/div>\n                    <div class=\"evosys-columns__media-wrap\">\n                <div class=\"evosys-columns__media\">\n                                            <picture><source type=\"image\/webp\" srcset=\"https:\/\/www.evosys-laser.com\/wp-content\/compressx-nextgen\/uploads\/2026\/04\/BB50-665x374.jpg.webp 665w, https:\/\/www.evosys-laser.com\/wp-content\/compressx-nextgen\/uploads\/2026\/04\/BB50-300x169.jpg.webp 300w, https:\/\/www.evosys-laser.com\/wp-content\/compressx-nextgen\/uploads\/2026\/04\/BB50-1024x576.jpg.webp 1024w, https:\/\/www.evosys-laser.com\/wp-content\/compressx-nextgen\/uploads\/2026\/04\/BB50-384x216.jpg.webp 384w, https:\/\/www.evosys-laser.com\/wp-content\/compressx-nextgen\/uploads\/2026\/04\/BB50-768x432.jpg.webp 768w, https:\/\/www.evosys-laser.com\/wp-content\/compressx-nextgen\/uploads\/2026\/04\/BB50-380x214.jpg.webp 380w, https:\/\/www.evosys-laser.com\/wp-content\/compressx-nextgen\/uploads\/2026\/04\/BB50-760x428.jpg.webp 760w, https:\/\/www.evosys-laser.com\/wp-content\/compressx-nextgen\/uploads\/2026\/04\/BB50.jpg.webp 1280w\" sizes=\"(max-width: 900px) calc(100vw - 32px), 640px\"><img src=\"https:\/\/www.evosys-laser.com\/wp-content\/uploads\/2026\/04\/BB50-665x374.jpg\" alt=\"\" loading=\"lazy\" decoding=\"async\" srcset=\"https:\/\/www.evosys-laser.com\/wp-content\/uploads\/2026\/04\/BB50-665x374.jpg 665w, https:\/\/www.evosys-laser.com\/wp-content\/uploads\/2026\/04\/BB50-300x169.jpg 300w, https:\/\/www.evosys-laser.com\/wp-content\/uploads\/2026\/04\/BB50-1024x576.jpg 1024w, https:\/\/www.evosys-laser.com\/wp-content\/uploads\/2026\/04\/BB50-384x216.jpg 384w, https:\/\/www.evosys-laser.com\/wp-content\/uploads\/2026\/04\/BB50-768x432.jpg 768w, https:\/\/www.evosys-laser.com\/wp-content\/uploads\/2026\/04\/BB50-380x214.jpg 380w, https:\/\/www.evosys-laser.com\/wp-content\/uploads\/2026\/04\/BB50-760x428.jpg 760w, https:\/\/www.evosys-laser.com\/wp-content\/uploads\/2026\/04\/BB50.jpg 1280w\" sizes=\"(max-width: 900px) calc(100vw - 32px), 640px\" width=\"665\" height=\"374\"><\/picture>                                    <\/div>\n                            <\/div>\n            <\/div>\n<\/section>\n<section class=\"evosys-block evosys-split-media\">\n            <h2 class=\"evosys-section__title\">Evosys Laser als Innovationschampion ausgezeichnet<\/h2>\n    \n    <div class=\"evosys-columns evosys-columns--media\">\n        <div class=\"evosys-copy\"><p>Altes loslassen und Neues annehmen: Innovative kleine und mittlere Unternehmen wie die Evosys Laser GmbH aus Erlangen haben keine Angst vor Ver\u00e4nderungen, sondern sehen darin eine Chance. Dieser Ansatz brachte dem Unternehmen Anerkennung in der 27. Runde des TOP 100-Innovationswettbewerbs ein. Seit dem 19. Juni geh\u00f6rt EVOSYS zu den TOP 100. Im wissenschaftlichen Auswahlverfahren \u00fcberzeugte das Unternehmen in der Gr\u00f6\u00dfenklasse A (bis 50 Mitarbeitende) insbesondere in den Kategorien \u201eInnovationsf\u00f6rderndes Top-Management\u201c und \u201eInnovationsklima\u201c.   <\/p>\n<\/div>\n                    <div class=\"evosys-columns__media-wrap\">\n                <div class=\"evosys-columns__media\">\n                                            <picture><source type=\"image\/webp\" srcset=\"https:\/\/www.evosys-laser.com\/wp-content\/compressx-nextgen\/uploads\/2026\/04\/Top100_2020-665x374.jpg.webp 665w, https:\/\/www.evosys-laser.com\/wp-content\/compressx-nextgen\/uploads\/2026\/04\/Top100_2020-300x169.jpg.webp 300w, https:\/\/www.evosys-laser.com\/wp-content\/compressx-nextgen\/uploads\/2026\/04\/Top100_2020-1024x576.jpg.webp 1024w, https:\/\/www.evosys-laser.com\/wp-content\/compressx-nextgen\/uploads\/2026\/04\/Top100_2020-384x216.jpg.webp 384w, https:\/\/www.evosys-laser.com\/wp-content\/compressx-nextgen\/uploads\/2026\/04\/Top100_2020-768x432.jpg.webp 768w, https:\/\/www.evosys-laser.com\/wp-content\/compressx-nextgen\/uploads\/2026\/04\/Top100_2020-380x214.jpg.webp 380w, https:\/\/www.evosys-laser.com\/wp-content\/compressx-nextgen\/uploads\/2026\/04\/Top100_2020-760x428.jpg.webp 760w, https:\/\/www.evosys-laser.com\/wp-content\/compressx-nextgen\/uploads\/2026\/04\/Top100_2020.jpg.webp 1280w\" sizes=\"(max-width: 900px) calc(100vw - 32px), 640px\"><img src=\"https:\/\/www.evosys-laser.com\/wp-content\/uploads\/2026\/04\/Top100_2020-665x374.jpg\" alt=\"\" loading=\"lazy\" decoding=\"async\" srcset=\"https:\/\/www.evosys-laser.com\/wp-content\/uploads\/2026\/04\/Top100_2020-665x374.jpg 665w, https:\/\/www.evosys-laser.com\/wp-content\/uploads\/2026\/04\/Top100_2020-300x169.jpg 300w, https:\/\/www.evosys-laser.com\/wp-content\/uploads\/2026\/04\/Top100_2020-1024x576.jpg 1024w, https:\/\/www.evosys-laser.com\/wp-content\/uploads\/2026\/04\/Top100_2020-384x216.jpg 384w, https:\/\/www.evosys-laser.com\/wp-content\/uploads\/2026\/04\/Top100_2020-768x432.jpg 768w, https:\/\/www.evosys-laser.com\/wp-content\/uploads\/2026\/04\/Top100_2020-380x214.jpg 380w, https:\/\/www.evosys-laser.com\/wp-content\/uploads\/2026\/04\/Top100_2020-760x428.jpg 760w, https:\/\/www.evosys-laser.com\/wp-content\/uploads\/2026\/04\/Top100_2020.jpg 1280w\" sizes=\"(max-width: 900px) calc(100vw - 32px), 640px\" width=\"665\" height=\"374\"><\/picture>                                    <\/div>\n                            <\/div>\n            <\/div>\n<\/section>\n<section class=\"evosys-block evosys-split-media\">\n            <h2 class=\"evosys-section__title\">Evosys Laser gewinnt renommierten Start-up-Preis<\/h2>\n    \n    <div class=\"evosys-columns evosys-columns--media\">\n        <div class=\"evosys-copy\"><p>Zweieinhalb Jahre nach der Gr\u00fcndung erhielt die Evosys Laser GmbH den IHK-Gr\u00fcnderpreis der Industrie- und Handelskammer N\u00fcrnberg f\u00fcr Mittelfranken. Der Preis wird j\u00e4hrlich an besonders innovative und erfolgreiche Start-ups verliehen. <\/p>\n<p>Der von der Industrie- und Handelskammer N\u00fcrnberg f\u00fcr Mittelfranken im Jahr 1996 ins Leben gerufene und mit 10.000 Euro dotierte Preis wurde im Rahmen einer feierlichen Veranstaltung am 4. Juli 2018 verliehen. Vor rund 140 geladenen G\u00e4sten in der IHK Akademie Mittelfranken hielt Peter Kurz, Gesch\u00e4ftsf\u00fchrer der Leonhard Kurz Stiftung &amp; Co. KG, die Laudatio auf Frank Brunnecker und Holger Aldebert. Mit dieser Auszeichnung w\u00fcrdigte die Jury insbesondere das Engagement der beiden Gesch\u00e4ftsf\u00fchrer f\u00fcr innovative L\u00f6sungen, ihre ausgepr\u00e4gte Kundenorientierung sowie ihre ma\u00dfgeschneiderten Ans\u00e4tze.  <\/p>\n<\/div>\n                    <div class=\"evosys-columns__media-wrap\">\n                <div class=\"evosys-columns__media\">\n                                            <picture><source type=\"image\/webp\" srcset=\"https:\/\/www.evosys-laser.com\/wp-content\/compressx-nextgen\/uploads\/2026\/04\/Grunderpreis-665x374.jpg.webp 665w, https:\/\/www.evosys-laser.com\/wp-content\/compressx-nextgen\/uploads\/2026\/04\/Grunderpreis-300x169.jpg.webp 300w, https:\/\/www.evosys-laser.com\/wp-content\/compressx-nextgen\/uploads\/2026\/04\/Grunderpreis-1024x576.jpg.webp 1024w, https:\/\/www.evosys-laser.com\/wp-content\/compressx-nextgen\/uploads\/2026\/04\/Grunderpreis-384x216.jpg.webp 384w, https:\/\/www.evosys-laser.com\/wp-content\/compressx-nextgen\/uploads\/2026\/04\/Grunderpreis-768x432.jpg.webp 768w, https:\/\/www.evosys-laser.com\/wp-content\/compressx-nextgen\/uploads\/2026\/04\/Grunderpreis-380x214.jpg.webp 380w, https:\/\/www.evosys-laser.com\/wp-content\/compressx-nextgen\/uploads\/2026\/04\/Grunderpreis-760x428.jpg.webp 760w, https:\/\/www.evosys-laser.com\/wp-content\/compressx-nextgen\/uploads\/2026\/04\/Grunderpreis.jpg.webp 1280w\" sizes=\"(max-width: 900px) calc(100vw - 32px), 640px\"><img src=\"https:\/\/www.evosys-laser.com\/wp-content\/uploads\/2026\/04\/Grunderpreis-665x374.jpg\" alt=\"\" loading=\"lazy\" decoding=\"async\" srcset=\"https:\/\/www.evosys-laser.com\/wp-content\/uploads\/2026\/04\/Grunderpreis-665x374.jpg 665w, https:\/\/www.evosys-laser.com\/wp-content\/uploads\/2026\/04\/Grunderpreis-300x169.jpg 300w, https:\/\/www.evosys-laser.com\/wp-content\/uploads\/2026\/04\/Grunderpreis-1024x576.jpg 1024w, https:\/\/www.evosys-laser.com\/wp-content\/uploads\/2026\/04\/Grunderpreis-384x216.jpg 384w, https:\/\/www.evosys-laser.com\/wp-content\/uploads\/2026\/04\/Grunderpreis-768x432.jpg 768w, https:\/\/www.evosys-laser.com\/wp-content\/uploads\/2026\/04\/Grunderpreis-380x214.jpg 380w, https:\/\/www.evosys-laser.com\/wp-content\/uploads\/2026\/04\/Grunderpreis-760x428.jpg 760w, https:\/\/www.evosys-laser.com\/wp-content\/uploads\/2026\/04\/Grunderpreis.jpg 1280w\" sizes=\"(max-width: 900px) calc(100vw - 32px), 640px\" width=\"665\" height=\"374\"><\/picture>                                    <\/div>\n                            <\/div>\n            <\/div>\n<\/section>\n","protected":false},"excerpt":{"rendered":"","protected":false},"author":3,"featured_media":0,"parent":671,"menu_order":0,"comment_status":"closed","ping_status":"closed","template":"","meta":{"_acf_changed":false,"footnotes":""},"class_list":["post-1376","page","type-page","status-publish","hentry"],"acf":[],"_links":{"self":[{"href":"https:\/\/www.evosys-laser.com\/de\/wp-json\/wp\/v2\/pages\/1376","targetHints":{"allow":["GET"]}}],"collection":[{"href":"https:\/\/www.evosys-laser.com\/de\/wp-json\/wp\/v2\/pages"}],"about":[{"href":"https:\/\/www.evosys-laser.com\/de\/wp-json\/wp\/v2\/types\/page"}],"author":[{"embeddable":true,"href":"https:\/\/www.evosys-laser.com\/de\/wp-json\/wp\/v2\/users\/3"}],"replies":[{"embeddable":true,"href":"https:\/\/www.evosys-laser.com\/de\/wp-json\/wp\/v2\/comments?post=1376"}],"version-history":[{"count":2,"href":"https:\/\/www.evosys-laser.com\/de\/wp-json\/wp\/v2\/pages\/1376\/revisions"}],"predecessor-version":[{"id":1426,"href":"https:\/\/www.evosys-laser.com\/de\/wp-json\/wp\/v2\/pages\/1376\/revisions\/1426"}],"up":[{"embeddable":true,"href":"https:\/\/www.evosys-laser.com\/de\/wp-json\/wp\/v2\/pages\/671"}],"wp:attachment":[{"href":"https:\/\/www.evosys-laser.com\/de\/wp-json\/wp\/v2\/media?parent=1376"}],"curies":[{"name":"wp","href":"https:\/\/api.w.org\/{rel}","templated":true}]}}